{"id":5173,"date":"2025-03-11T12:46:31","date_gmt":"2025-03-11T11:46:31","guid":{"rendered":"https:\/\/www.siare.it\/prodotto\/morpheus-m\/"},"modified":"2025-10-30T11:14:34","modified_gmt":"2025-10-30T10:14:34","slug":"morpheus-m","status":"publish","type":"product","link":"https:\/\/www.siare.it\/fr\/prodotto\/morpheus-m\/","title":{"rendered":"Morpheus M"},"content":{"rendered":"<p>Le Morpheus M est un appareil d\u2019anest\u00e9sie adapt\u00e9e au traitement des patients adultes, p\u00e9diatriques et nouveaux n\u00e9s. Il est \u00e9quip\u00e9 de 5 rotam\u00e8tres. La structure est compos\u00e9e \u00e0 30 % d&rsquo;alliage l\u00e9ger et \u00e0 70 % de mati\u00e8re plastique enti\u00e8rement recyclable. Gr\u00e2ce au mat\u00e9riau utilis\u00e9, le Morpheus M a un poids total inf\u00e9rieur \u00e0 80 kg.<\/p>\n<p>&nbsp;<\/p>\n<h4>Syst\u00e8me de ventilation manuelle<\/h4>\n<p>Le Morpheus M dispose d&rsquo;un syst\u00e8me de ventilation manuel avanc\u00e9 qui peut \u00eatre automatiquement activ\u00e9 et d\u00e9sactiv\u00e9 par le ventilateur ; l&rsquo;op\u00e9rateur peut s\u00e9lectionner le syst\u00e8me APL ou le syst\u00e8me AUX avec va-et-vient traditionnel et syst\u00e8me de s\u00e9curit\u00e9 de d\u00e9rivation O2.<\/p>\n<p>&nbsp;<\/p>\n<h4>Ventilateur \u00e9lectronique avec \u00e9cran couleur tactile TFT 12&Prime;<\/h4>\n<p>Le ventilateur fonctionne avec un syst\u00e8me de contr\u00f4le \u00e9lectronique \u00e0 microprocesseur avec une interface simple et intuitive, qui permet \u00e0 l&rsquo;anesth\u00e9siste d&rsquo;op\u00e9rer de mani\u00e8re claire et s\u00fbre. Contr\u00f4le via encodeur ou \u00e9cran tactile pour le r\u00e9glage et la gestion de tous les param\u00e8tres respiratoires. Ce syst\u00e8me int\u00e8gre une compensation automatique des espaces morts, un calcul des fuites et un \u00e9talonnage automatique du transducteur FiO2.<\/p>\n<p>&nbsp;<\/p>\n<h4>Breathing System<\/h4>\n<p>Le \u2018breathing system\u2019 du mod\u00e8le Morpheus M repr\u00e9sente une nouveaut\u00e9 absolue. Sa philosophie de conception est le r\u00e9sultat de plus de 40 ans d&rsquo;exp\u00e9rience dans le domaine de l&rsquo;anesth\u00e9sie. Le syst\u00e8me est compact, l\u00e9ger pour un retrait manuel et enti\u00e8rement autoclavable. Le groupe de patients est \u00e9quip\u00e9 d&rsquo;un syst\u00e8me de chauffage automatique qui \u00e9vite l&rsquo;humidit\u00e9 avec la possibilit\u00e9 d&rsquo;utiliser le pot absorbeur de CO2 r\u00e9utilisable.<\/p>\n<p>Le r\u00e9cipient absorbeur de CO2 est \u00e0 d\u00e9gagement rapide, ce qui permet son remplacement m\u00eame pendant l&rsquo;anesth\u00e9sie.<\/p>\n<p>&nbsp;<\/p>\n<h2>Elements Distinctifs<\/h2>\n<ul>\n<li><span style=\"font-size: 16px;\">Pratique et simple, avec une interface utilisateur et une nomenclature standardis\u00e9es.<\/span><\/li>\n<li>Capteur de d\u00e9bit Micro Flow \u00e0 perturbation magn\u00e9tique exclusif et polyvalent, capable de mesurer des volumes \u00e0 partir de 2 ml.<\/li>\n<li>Double entr\u00e9e par \u00e9cran tactile et contr\u00f4le par encodeur \u00e0 touches.<\/li>\n<li>\u00c9quip\u00e9 d&rsquo;un grand \u00e9cran couleur tactile de 12 pouces.<\/li>\n<li>Possibilit\u00e9 d&rsquo;installer jusqu&rsquo;\u00e0 deux vaporisateurs.<\/li>\n<li>Grands tiroirs pour ranger tout ce qu\u2019il faut<\/li>\n<li>Gestion des gaz via les trois robinets appropri\u00e9s : O2, Air et N2O.<\/li>\n<li>Jusqu&rsquo;\u00e0 90 minutes d&rsquo;autonomie avec une batterie compl\u00e8tement charg\u00e9e\u00b9.<\/li>\n<\/ul>\n<p>&nbsp;<\/p>\n<h2>Version<\/h2>\n<p>OM3.S5-TS: Morpheus M<\/p>\n<p>&nbsp;<\/p>\n<hr \/>\n<p>\u00b9La dur\u00e9e est \u00e0 consid\u00e9rer tout \u00e0 fait indicative car elle est d\u00e9finie en mode APCV avec les param\u00e8tres suivants r\u00e9gl\u00e9s : Pinsp : 10 cmH2O, PEP : OFF, FR : 13 bpm, I:E : 1:2, Pente : 2, Trigger : OFF<\/p>\n","protected":false},"excerpt":{"rendered":"<p>Le Morpheus M est un appareil d&rsquo;anesth\u00e9sie polyvalente, adapt\u00e9 au traitement des patients adultes, p\u00e9diatriques et nouveaux n\u00e9s. Dot\u00e9 d&rsquo;un syst\u00e8me de ventilation manuel avanc\u00e9 et d&rsquo;un syst\u00e8me respiratoire innovant, il garantit des performances et une s\u00e9curit\u00e9 \u00e9lev\u00e9es.<\/p>\n","protected":false},"featured_media":5178,"comment_status":"closed","ping_status":"closed","template":"","meta":{"_acf_changed":false},"product_brand":[],"product_cat":[72,74],"product_tag":[],"class_list":{"0":"post-5173","1":"product","2":"type-product","3":"status-publish","4":"has-post-thumbnail","6":"product_cat-anesthesie","7":"product_cat-stations-de-travail-pour-anesthesie","9":"first","10":"instock","11":"shipping-taxable","12":"product-type-simple"},"acf":[],"yoast_head":"<!-- This site is optimized with the Yoast SEO plugin v25.3.1 - https:\/\/yoast.com\/wordpress\/plugins\/seo\/ -->\n<title>Morpheus M - Siare<\/title>\n<meta name=\"robots\" content=\"index, follow, max-snippet:-1, max-image-preview:large, max-video-preview:-1\" \/>\n<link rel=\"canonical\" href=\"https:\/\/www.siare.it\/fr\/prodotto\/morpheus-m\/\" \/>\n<meta property=\"og:locale\" content=\"fr_FR\" \/>\n<meta property=\"og:type\" content=\"article\" \/>\n<meta property=\"og:title\" content=\"Morpheus M - Siare\" \/>\n<meta property=\"og:description\" content=\"Le Morpheus M est un appareil d&#039;anesth\u00e9sie polyvalente, adapt\u00e9 au traitement des patients adultes, p\u00e9diatriques et nouveaux n\u00e9s. Dot\u00e9 d&#039;un syst\u00e8me de ventilation manuel avanc\u00e9 et d&#039;un syst\u00e8me respiratoire innovant, il garantit des performances et une s\u00e9curit\u00e9 \u00e9lev\u00e9es.\" \/>\n<meta property=\"og:url\" content=\"https:\/\/www.siare.it\/fr\/prodotto\/morpheus-m\/\" \/>\n<meta property=\"og:site_name\" content=\"Siare\" \/>\n<meta property=\"article:modified_time\" content=\"2025-10-30T10:14:34+00:00\" \/>\n<meta property=\"og:image\" content=\"https:\/\/www.siare.it\/wp-content\/uploads\/2025\/03\/morpheus-M.png\" \/>\n\t<meta property=\"og:image:width\" content=\"2000\" \/>\n\t<meta property=\"og:image:height\" content=\"2000\" \/>\n\t<meta property=\"og:image:type\" content=\"image\/png\" \/>\n<meta name=\"twitter:card\" content=\"summary_large_image\" \/>\n<meta name=\"twitter:label1\" content=\"Dur\u00e9e de lecture estim\u00e9e\" \/>\n\t<meta name=\"twitter:data1\" content=\"3 minutes\" \/>\n<script type=\"application\/ld+json\" class=\"yoast-schema-graph\">{\"@context\":\"https:\/\/schema.org\",\"@graph\":[{\"@type\":\"WebPage\",\"@id\":\"https:\/\/www.siare.it\/fr\/prodotto\/morpheus-m\/\",\"url\":\"https:\/\/www.siare.it\/fr\/prodotto\/morpheus-m\/\",\"name\":\"Morpheus M - Siare\",\"isPartOf\":{\"@id\":\"https:\/\/www.siare.it\/#website\"},\"primaryImageOfPage\":{\"@id\":\"https:\/\/www.siare.it\/fr\/prodotto\/morpheus-m\/#primaryimage\"},\"image\":{\"@id\":\"https:\/\/www.siare.it\/fr\/prodotto\/morpheus-m\/#primaryimage\"},\"thumbnailUrl\":\"https:\/\/www.siare.it\/wp-content\/uploads\/2025\/03\/morpheus-M.png\",\"datePublished\":\"2025-03-11T11:46:31+00:00\",\"dateModified\":\"2025-10-30T10:14:34+00:00\",\"breadcrumb\":{\"@id\":\"https:\/\/www.siare.it\/fr\/prodotto\/morpheus-m\/#breadcrumb\"},\"inLanguage\":\"fr-FR\",\"potentialAction\":[{\"@type\":\"ReadAction\",\"target\":[\"https:\/\/www.siare.it\/fr\/prodotto\/morpheus-m\/\"]}]},{\"@type\":\"ImageObject\",\"inLanguage\":\"fr-FR\",\"@id\":\"https:\/\/www.siare.it\/fr\/prodotto\/morpheus-m\/#primaryimage\",\"url\":\"https:\/\/www.siare.it\/wp-content\/uploads\/2025\/03\/morpheus-M.png\",\"contentUrl\":\"https:\/\/www.siare.it\/wp-content\/uploads\/2025\/03\/morpheus-M.png\",\"width\":2000,\"height\":2000},{\"@type\":\"BreadcrumbList\",\"@id\":\"https:\/\/www.siare.it\/fr\/prodotto\/morpheus-m\/#breadcrumb\",\"itemListElement\":[{\"@type\":\"ListItem\",\"position\":1,\"name\":\"Home\",\"item\":\"https:\/\/www.siare.it\/fr\/\"},{\"@type\":\"ListItem\",\"position\":2,\"name\":\"Produits\",\"item\":\"https:\/\/www.siare.it\/prodotti\/\"},{\"@type\":\"ListItem\",\"position\":3,\"name\":\"Anesth\u00e9sie\",\"item\":\"https:\/\/www.siare.it\/categoria-prodotto\/anesthesie\/\"},{\"@type\":\"ListItem\",\"position\":4,\"name\":\"Stations de travail pour anesth\u00e9sie\",\"item\":\"https:\/\/www.siare.it\/categoria-prodotto\/anesthesie\/stations-de-travail-pour-anesthesie\/\"},{\"@type\":\"ListItem\",\"position\":5,\"name\":\"Morpheus M\"}]},{\"@type\":\"WebSite\",\"@id\":\"https:\/\/www.siare.it\/#website\",\"url\":\"https:\/\/www.siare.it\/\",\"name\":\"Siare\",\"description\":\"Leader nel campo dell\u2019automazione e della meccanica di alta precisione.\",\"publisher\":{\"@id\":\"https:\/\/www.siare.it\/#organization\"},\"potentialAction\":[{\"@type\":\"SearchAction\",\"target\":{\"@type\":\"EntryPoint\",\"urlTemplate\":\"https:\/\/www.siare.it\/?s={search_term_string}\"},\"query-input\":{\"@type\":\"PropertyValueSpecification\",\"valueRequired\":true,\"valueName\":\"search_term_string\"}}],\"inLanguage\":\"fr-FR\"},{\"@type\":\"Organization\",\"@id\":\"https:\/\/www.siare.it\/#organization\",\"name\":\"Siare\",\"url\":\"https:\/\/www.siare.it\/\",\"logo\":{\"@type\":\"ImageObject\",\"inLanguage\":\"fr-FR\",\"@id\":\"https:\/\/www.siare.it\/#\/schema\/logo\/image\/\",\"url\":\"https:\/\/www.siare.it\/wp-content\/uploads\/2019\/03\/siare-logo-vettoriale-footer.png\",\"contentUrl\":\"https:\/\/www.siare.it\/wp-content\/uploads\/2019\/03\/siare-logo-vettoriale-footer.png\",\"width\":150,\"height\":84,\"caption\":\"Siare\"},\"image\":{\"@id\":\"https:\/\/www.siare.it\/#\/schema\/logo\/image\/\"}}]}<\/script>\n<!-- \/ Yoast SEO plugin. -->","yoast_head_json":{"title":"Morpheus M - Siare","robots":{"index":"index","follow":"follow","max-snippet":"max-snippet:-1","max-image-preview":"max-image-preview:large","max-video-preview":"max-video-preview:-1"},"canonical":"https:\/\/www.siare.it\/fr\/prodotto\/morpheus-m\/","og_locale":"fr_FR","og_type":"article","og_title":"Morpheus M - Siare","og_description":"Le Morpheus M est un appareil d'anesth\u00e9sie polyvalente, adapt\u00e9 au traitement des patients adultes, p\u00e9diatriques et nouveaux n\u00e9s. Dot\u00e9 d'un syst\u00e8me de ventilation manuel avanc\u00e9 et d'un syst\u00e8me respiratoire innovant, il garantit des performances et une s\u00e9curit\u00e9 \u00e9lev\u00e9es.","og_url":"https:\/\/www.siare.it\/fr\/prodotto\/morpheus-m\/","og_site_name":"Siare","article_modified_time":"2025-10-30T10:14:34+00:00","og_image":[{"width":2000,"height":2000,"url":"https:\/\/www.siare.it\/wp-content\/uploads\/2025\/03\/morpheus-M.png","type":"image\/png"}],"twitter_card":"summary_large_image","twitter_misc":{"Dur\u00e9e de lecture estim\u00e9e":"3 minutes"},"schema":{"@context":"https:\/\/schema.org","@graph":[{"@type":"WebPage","@id":"https:\/\/www.siare.it\/fr\/prodotto\/morpheus-m\/","url":"https:\/\/www.siare.it\/fr\/prodotto\/morpheus-m\/","name":"Morpheus M - Siare","isPartOf":{"@id":"https:\/\/www.siare.it\/#website"},"primaryImageOfPage":{"@id":"https:\/\/www.siare.it\/fr\/prodotto\/morpheus-m\/#primaryimage"},"image":{"@id":"https:\/\/www.siare.it\/fr\/prodotto\/morpheus-m\/#primaryimage"},"thumbnailUrl":"https:\/\/www.siare.it\/wp-content\/uploads\/2025\/03\/morpheus-M.png","datePublished":"2025-03-11T11:46:31+00:00","dateModified":"2025-10-30T10:14:34+00:00","breadcrumb":{"@id":"https:\/\/www.siare.it\/fr\/prodotto\/morpheus-m\/#breadcrumb"},"inLanguage":"fr-FR","potentialAction":[{"@type":"ReadAction","target":["https:\/\/www.siare.it\/fr\/prodotto\/morpheus-m\/"]}]},{"@type":"ImageObject","inLanguage":"fr-FR","@id":"https:\/\/www.siare.it\/fr\/prodotto\/morpheus-m\/#primaryimage","url":"https:\/\/www.siare.it\/wp-content\/uploads\/2025\/03\/morpheus-M.png","contentUrl":"https:\/\/www.siare.it\/wp-content\/uploads\/2025\/03\/morpheus-M.png","width":2000,"height":2000},{"@type":"BreadcrumbList","@id":"https:\/\/www.siare.it\/fr\/prodotto\/morpheus-m\/#breadcrumb","itemListElement":[{"@type":"ListItem","position":1,"name":"Home","item":"https:\/\/www.siare.it\/fr\/"},{"@type":"ListItem","position":2,"name":"Produits","item":"https:\/\/www.siare.it\/prodotti\/"},{"@type":"ListItem","position":3,"name":"Anesth\u00e9sie","item":"https:\/\/www.siare.it\/categoria-prodotto\/anesthesie\/"},{"@type":"ListItem","position":4,"name":"Stations de travail pour anesth\u00e9sie","item":"https:\/\/www.siare.it\/categoria-prodotto\/anesthesie\/stations-de-travail-pour-anesthesie\/"},{"@type":"ListItem","position":5,"name":"Morpheus M"}]},{"@type":"WebSite","@id":"https:\/\/www.siare.it\/#website","url":"https:\/\/www.siare.it\/","name":"Siare","description":"Leader nel campo dell\u2019automazione e della meccanica di alta precisione.","publisher":{"@id":"https:\/\/www.siare.it\/#organization"},"potentialAction":[{"@type":"SearchAction","target":{"@type":"EntryPoint","urlTemplate":"https:\/\/www.siare.it\/?s={search_term_string}"},"query-input":{"@type":"PropertyValueSpecification","valueRequired":true,"valueName":"search_term_string"}}],"inLanguage":"fr-FR"},{"@type":"Organization","@id":"https:\/\/www.siare.it\/#organization","name":"Siare","url":"https:\/\/www.siare.it\/","logo":{"@type":"ImageObject","inLanguage":"fr-FR","@id":"https:\/\/www.siare.it\/#\/schema\/logo\/image\/","url":"https:\/\/www.siare.it\/wp-content\/uploads\/2019\/03\/siare-logo-vettoriale-footer.png","contentUrl":"https:\/\/www.siare.it\/wp-content\/uploads\/2019\/03\/siare-logo-vettoriale-footer.png","width":150,"height":84,"caption":"Siare"},"image":{"@id":"https:\/\/www.siare.it\/#\/schema\/logo\/image\/"}}]}},"_links":{"self":[{"href":"https:\/\/www.siare.it\/fr\/wp-json\/wp\/v2\/product\/5173","targetHints":{"allow":["GET"]}}],"collection":[{"href":"https:\/\/www.siare.it\/fr\/wp-json\/wp\/v2\/product"}],"about":[{"href":"https:\/\/www.siare.it\/fr\/wp-json\/wp\/v2\/types\/product"}],"replies":[{"embeddable":true,"href":"https:\/\/www.siare.it\/fr\/wp-json\/wp\/v2\/comments?post=5173"}],"wp:featuredmedia":[{"embeddable":true,"href":"https:\/\/www.siare.it\/fr\/wp-json\/wp\/v2\/media\/5178"}],"wp:attachment":[{"href":"https:\/\/www.siare.it\/fr\/wp-json\/wp\/v2\/media?parent=5173"}],"wp:term":[{"taxonomy":"product_brand","embeddable":true,"href":"https:\/\/www.siare.it\/fr\/wp-json\/wp\/v2\/product_brand?post=5173"},{"taxonomy":"product_cat","embeddable":true,"href":"https:\/\/www.siare.it\/fr\/wp-json\/wp\/v2\/product_cat?post=5173"},{"taxonomy":"product_tag","embeddable":true,"href":"https:\/\/www.siare.it\/fr\/wp-json\/wp\/v2\/product_tag?post=5173"}],"curies":[{"name":"wp","href":"https:\/\/api.w.org\/{rel}","templated":true}]}}