{"id":5167,"date":"2025-03-10T17:24:26","date_gmt":"2025-03-10T16:24:26","guid":{"rendered":"https:\/\/www.siare.it\/prodotto\/morpheus_e\/"},"modified":"2025-10-30T10:48:32","modified_gmt":"2025-10-30T09:48:32","slug":"morpheus_e","status":"publish","type":"product","link":"https:\/\/www.siare.it\/fr\/prodotto\/morpheus_e\/","title":{"rendered":"Morpheus E"},"content":{"rendered":"<p>Morpheus E est un appareil d&rsquo;anesth\u00e9sie destin\u00e9 \u00e0 \u00eatre utilis\u00e9 sur des patients adultes, p\u00e9diatriques et nouveaux n\u00e9s. Cet appareil est n\u00e9 de l&rsquo;union d&rsquo;une technologie de ventilation consolid\u00e9e combin\u00e9e aux derni\u00e8res normes ergonomiques. Morpheus E peut \u00eatre utilis\u00e9 dans diff\u00e9rents environnements cliniques, facile \u00e0 utiliser et dot\u00e9 d&rsquo;une technologie avanc\u00e9e capable d&rsquo;obtenir les meilleurs r\u00e9sultats cliniques.<\/p>\n<p>Le syst\u00e8me \u00ab HYBRID \u00bb est unique en son genre puisque 2 fonctions de ventilateur cohabitent : le syst\u00e8me principal qui permet au soufflet de fonctionner sans avoir besoin de gaz comprim\u00e9s via une turbine et un deuxi\u00e8me syst\u00e8me de secours \u00e0 oxyg\u00e8ne qui intervient en cas de d\u00e9faut de la turbine.<\/p>\n<p>Le microprocesseur choisit automatiquement quel syst\u00e8me utiliser, en donnant la priorit\u00e9 \u00e0 la turbine ce qui permet de r\u00e9duire la consommation de gaz. L&rsquo;op\u00e9rateur n&rsquo;a \u00e0 effectuer aucune man\u0153uvre car le syst\u00e8me est enti\u00e8rement automatique.<\/p>\n<p>De plus, le syst\u00e8me de s\u00e9curit\u00e9 PROTOLOCK permet de v\u00e9rifier la connexion correcte des gaz \u00e0 la machine, en avertissant l&rsquo;op\u00e9rateur en cas de connexions incorrectes et en \u00e9vitant des accidents mortels pour le patient.<\/p>\n<p>&nbsp;<\/p>\n<h2>\u00c9l\u00e9ments distinctifs<\/h2>\n<ul>\n<li>Pratique et simple, avec une interface utilisateur et une nomenclature standardis\u00e9es.<\/li>\n<li>Capteur de d\u00e9bit Micro Flow \u00e0 perturbation magn\u00e9tique exclusif et polyvalent, capable de mesurer des volumes \u00e0 partir de 2 ml.<\/li>\n<li>Double sortie (output) par \u00e9cran tactile et contr\u00f4le par encodeur \u00e0 touches.<\/li>\n<li>Equip\u00e9 d&rsquo;un grand \u00e9cran couleur tactile de 15 pouces.<\/li>\n<li>Possibilit\u00e9 d&rsquo;installer jusqu&rsquo;\u00e0 deux vaporisateurs.<\/li>\n<li>\u00c9conomie de gaz comprim\u00e9s gr\u00e2ce \u00e0 l&rsquo;utilisation de la turbine interne pour d\u00e9placer le soufflet.<\/li>\n<li>Grands tiroirs pour ranger tout ce qu\u2019il faut.<\/li>\n<li>Jusqu&rsquo;\u00e0 90 minutes d&rsquo;autonomie avec une batterie compl\u00e8tement charg\u00e9e.\u00b9<\/li>\n<\/ul>\n<h2>Version<\/h2>\n<p>OM3.SE-TS: Morpheus E<\/p>\n<p>&nbsp;<\/p>\n<hr \/>\n<ol>\n<li>La dur\u00e9e doit \u00eatre consid\u00e9r\u00e9e comme indicative car elle est d\u00e9finie en mode APCV avec les param\u00e8tres suivants r\u00e9gl\u00e9s : Pinsp : 10 cmH2O, PEP : OFF, FR : 13 bpm, I:E : 1:2, Pente : 2, Trigger : OFF<\/li>\n<\/ol>\n","protected":false},"excerpt":{"rendered":"<p>Morpheus E est une unit\u00e9 d&rsquo;anesth\u00e9sie avanc\u00e9e, con\u00e7ue pour les patients adultes, p\u00e9diatriques et n\u00e9onatals. Combinant une technologie de ventilation de haute qualit\u00e9 et une conception ergonomique, l&rsquo;unit\u00e9 d&rsquo;anesth\u00e9sie convient \u00e0 tous les environnements hospitaliers.<\/p>\n","protected":false},"featured_media":5151,"comment_status":"closed","ping_status":"closed","template":"","meta":{"_acf_changed":false},"product_brand":[],"product_cat":[72,74],"product_tag":[],"class_list":{"0":"post-5167","1":"product","2":"type-product","3":"status-publish","4":"has-post-thumbnail","6":"product_cat-anesthesie","7":"product_cat-stations-de-travail-pour-anesthesie","9":"first","10":"instock","11":"shipping-taxable","12":"product-type-simple"},"acf":[],"yoast_head":"<!-- This site is optimized with the Yoast SEO plugin v25.3.1 - https:\/\/yoast.com\/wordpress\/plugins\/seo\/ -->\n<title>Morpheus E - Siare<\/title>\n<meta name=\"robots\" content=\"index, follow, max-snippet:-1, max-image-preview:large, max-video-preview:-1\" \/>\n<link rel=\"canonical\" href=\"https:\/\/www.siare.it\/fr\/prodotto\/morpheus_e\/\" \/>\n<meta property=\"og:locale\" content=\"fr_FR\" \/>\n<meta property=\"og:type\" content=\"article\" \/>\n<meta property=\"og:title\" content=\"Morpheus E - Siare\" \/>\n<meta property=\"og:description\" content=\"Morpheus E est une unit\u00e9 d&#039;anesth\u00e9sie avanc\u00e9e, con\u00e7ue pour les patients adultes, p\u00e9diatriques et n\u00e9onatals. Combinant une technologie de ventilation de haute qualit\u00e9 et une conception ergonomique, l&#039;unit\u00e9 d&#039;anesth\u00e9sie convient \u00e0 tous les environnements hospitaliers.\" \/>\n<meta property=\"og:url\" content=\"https:\/\/www.siare.it\/fr\/prodotto\/morpheus_e\/\" \/>\n<meta property=\"og:site_name\" content=\"Siare\" \/>\n<meta property=\"article:modified_time\" content=\"2025-10-30T09:48:32+00:00\" \/>\n<meta property=\"og:image\" content=\"https:\/\/www.siare.it\/wp-content\/uploads\/2025\/03\/morpheus-E.png\" \/>\n\t<meta property=\"og:image:width\" content=\"2000\" \/>\n\t<meta property=\"og:image:height\" content=\"2000\" \/>\n\t<meta property=\"og:image:type\" content=\"image\/png\" \/>\n<meta name=\"twitter:card\" content=\"summary_large_image\" \/>\n<meta name=\"twitter:label1\" content=\"Dur\u00e9e de lecture estim\u00e9e\" \/>\n\t<meta name=\"twitter:data1\" content=\"2 minutes\" \/>\n<script type=\"application\/ld+json\" class=\"yoast-schema-graph\">{\"@context\":\"https:\/\/schema.org\",\"@graph\":[{\"@type\":\"WebPage\",\"@id\":\"https:\/\/www.siare.it\/fr\/prodotto\/morpheus_e\/\",\"url\":\"https:\/\/www.siare.it\/fr\/prodotto\/morpheus_e\/\",\"name\":\"Morpheus E - Siare\",\"isPartOf\":{\"@id\":\"https:\/\/www.siare.it\/#website\"},\"primaryImageOfPage\":{\"@id\":\"https:\/\/www.siare.it\/fr\/prodotto\/morpheus_e\/#primaryimage\"},\"image\":{\"@id\":\"https:\/\/www.siare.it\/fr\/prodotto\/morpheus_e\/#primaryimage\"},\"thumbnailUrl\":\"https:\/\/www.siare.it\/wp-content\/uploads\/2025\/03\/morpheus-E.png\",\"datePublished\":\"2025-03-10T16:24:26+00:00\",\"dateModified\":\"2025-10-30T09:48:32+00:00\",\"breadcrumb\":{\"@id\":\"https:\/\/www.siare.it\/fr\/prodotto\/morpheus_e\/#breadcrumb\"},\"inLanguage\":\"fr-FR\",\"potentialAction\":[{\"@type\":\"ReadAction\",\"target\":[\"https:\/\/www.siare.it\/fr\/prodotto\/morpheus_e\/\"]}]},{\"@type\":\"ImageObject\",\"inLanguage\":\"fr-FR\",\"@id\":\"https:\/\/www.siare.it\/fr\/prodotto\/morpheus_e\/#primaryimage\",\"url\":\"https:\/\/www.siare.it\/wp-content\/uploads\/2025\/03\/morpheus-E.png\",\"contentUrl\":\"https:\/\/www.siare.it\/wp-content\/uploads\/2025\/03\/morpheus-E.png\",\"width\":2000,\"height\":2000},{\"@type\":\"BreadcrumbList\",\"@id\":\"https:\/\/www.siare.it\/fr\/prodotto\/morpheus_e\/#breadcrumb\",\"itemListElement\":[{\"@type\":\"ListItem\",\"position\":1,\"name\":\"Home\",\"item\":\"https:\/\/www.siare.it\/fr\/\"},{\"@type\":\"ListItem\",\"position\":2,\"name\":\"Produits\",\"item\":\"https:\/\/www.siare.it\/prodotti\/\"},{\"@type\":\"ListItem\",\"position\":3,\"name\":\"Anestesia\",\"item\":\"https:\/\/www.siare.it\/categoria-prodotto\/anestesia\/\"},{\"@type\":\"ListItem\",\"position\":4,\"name\":\"Morpheus E\"}]},{\"@type\":\"WebSite\",\"@id\":\"https:\/\/www.siare.it\/#website\",\"url\":\"https:\/\/www.siare.it\/\",\"name\":\"Siare\",\"description\":\"Leader nel campo dell\u2019automazione e della meccanica di alta precisione.\",\"publisher\":{\"@id\":\"https:\/\/www.siare.it\/#organization\"},\"potentialAction\":[{\"@type\":\"SearchAction\",\"target\":{\"@type\":\"EntryPoint\",\"urlTemplate\":\"https:\/\/www.siare.it\/?s={search_term_string}\"},\"query-input\":{\"@type\":\"PropertyValueSpecification\",\"valueRequired\":true,\"valueName\":\"search_term_string\"}}],\"inLanguage\":\"fr-FR\"},{\"@type\":\"Organization\",\"@id\":\"https:\/\/www.siare.it\/#organization\",\"name\":\"Siare\",\"url\":\"https:\/\/www.siare.it\/\",\"logo\":{\"@type\":\"ImageObject\",\"inLanguage\":\"fr-FR\",\"@id\":\"https:\/\/www.siare.it\/#\/schema\/logo\/image\/\",\"url\":\"https:\/\/www.siare.it\/wp-content\/uploads\/2019\/03\/siare-logo-vettoriale-footer.png\",\"contentUrl\":\"https:\/\/www.siare.it\/wp-content\/uploads\/2019\/03\/siare-logo-vettoriale-footer.png\",\"width\":150,\"height\":84,\"caption\":\"Siare\"},\"image\":{\"@id\":\"https:\/\/www.siare.it\/#\/schema\/logo\/image\/\"}}]}<\/script>\n<!-- \/ Yoast SEO plugin. -->","yoast_head_json":{"title":"Morpheus E - Siare","robots":{"index":"index","follow":"follow","max-snippet":"max-snippet:-1","max-image-preview":"max-image-preview:large","max-video-preview":"max-video-preview:-1"},"canonical":"https:\/\/www.siare.it\/fr\/prodotto\/morpheus_e\/","og_locale":"fr_FR","og_type":"article","og_title":"Morpheus E - Siare","og_description":"Morpheus E est une unit\u00e9 d'anesth\u00e9sie avanc\u00e9e, con\u00e7ue pour les patients adultes, p\u00e9diatriques et n\u00e9onatals. Combinant une technologie de ventilation de haute qualit\u00e9 et une conception ergonomique, l'unit\u00e9 d'anesth\u00e9sie convient \u00e0 tous les environnements hospitaliers.","og_url":"https:\/\/www.siare.it\/fr\/prodotto\/morpheus_e\/","og_site_name":"Siare","article_modified_time":"2025-10-30T09:48:32+00:00","og_image":[{"width":2000,"height":2000,"url":"https:\/\/www.siare.it\/wp-content\/uploads\/2025\/03\/morpheus-E.png","type":"image\/png"}],"twitter_card":"summary_large_image","twitter_misc":{"Dur\u00e9e de lecture estim\u00e9e":"2 minutes"},"schema":{"@context":"https:\/\/schema.org","@graph":[{"@type":"WebPage","@id":"https:\/\/www.siare.it\/fr\/prodotto\/morpheus_e\/","url":"https:\/\/www.siare.it\/fr\/prodotto\/morpheus_e\/","name":"Morpheus E - Siare","isPartOf":{"@id":"https:\/\/www.siare.it\/#website"},"primaryImageOfPage":{"@id":"https:\/\/www.siare.it\/fr\/prodotto\/morpheus_e\/#primaryimage"},"image":{"@id":"https:\/\/www.siare.it\/fr\/prodotto\/morpheus_e\/#primaryimage"},"thumbnailUrl":"https:\/\/www.siare.it\/wp-content\/uploads\/2025\/03\/morpheus-E.png","datePublished":"2025-03-10T16:24:26+00:00","dateModified":"2025-10-30T09:48:32+00:00","breadcrumb":{"@id":"https:\/\/www.siare.it\/fr\/prodotto\/morpheus_e\/#breadcrumb"},"inLanguage":"fr-FR","potentialAction":[{"@type":"ReadAction","target":["https:\/\/www.siare.it\/fr\/prodotto\/morpheus_e\/"]}]},{"@type":"ImageObject","inLanguage":"fr-FR","@id":"https:\/\/www.siare.it\/fr\/prodotto\/morpheus_e\/#primaryimage","url":"https:\/\/www.siare.it\/wp-content\/uploads\/2025\/03\/morpheus-E.png","contentUrl":"https:\/\/www.siare.it\/wp-content\/uploads\/2025\/03\/morpheus-E.png","width":2000,"height":2000},{"@type":"BreadcrumbList","@id":"https:\/\/www.siare.it\/fr\/prodotto\/morpheus_e\/#breadcrumb","itemListElement":[{"@type":"ListItem","position":1,"name":"Home","item":"https:\/\/www.siare.it\/fr\/"},{"@type":"ListItem","position":2,"name":"Produits","item":"https:\/\/www.siare.it\/prodotti\/"},{"@type":"ListItem","position":3,"name":"Anestesia","item":"https:\/\/www.siare.it\/categoria-prodotto\/anestesia\/"},{"@type":"ListItem","position":4,"name":"Morpheus E"}]},{"@type":"WebSite","@id":"https:\/\/www.siare.it\/#website","url":"https:\/\/www.siare.it\/","name":"Siare","description":"Leader nel campo dell\u2019automazione e della meccanica di alta precisione.","publisher":{"@id":"https:\/\/www.siare.it\/#organization"},"potentialAction":[{"@type":"SearchAction","target":{"@type":"EntryPoint","urlTemplate":"https:\/\/www.siare.it\/?s={search_term_string}"},"query-input":{"@type":"PropertyValueSpecification","valueRequired":true,"valueName":"search_term_string"}}],"inLanguage":"fr-FR"},{"@type":"Organization","@id":"https:\/\/www.siare.it\/#organization","name":"Siare","url":"https:\/\/www.siare.it\/","logo":{"@type":"ImageObject","inLanguage":"fr-FR","@id":"https:\/\/www.siare.it\/#\/schema\/logo\/image\/","url":"https:\/\/www.siare.it\/wp-content\/uploads\/2019\/03\/siare-logo-vettoriale-footer.png","contentUrl":"https:\/\/www.siare.it\/wp-content\/uploads\/2019\/03\/siare-logo-vettoriale-footer.png","width":150,"height":84,"caption":"Siare"},"image":{"@id":"https:\/\/www.siare.it\/#\/schema\/logo\/image\/"}}]}},"_links":{"self":[{"href":"https:\/\/www.siare.it\/fr\/wp-json\/wp\/v2\/product\/5167","targetHints":{"allow":["GET"]}}],"collection":[{"href":"https:\/\/www.siare.it\/fr\/wp-json\/wp\/v2\/product"}],"about":[{"href":"https:\/\/www.siare.it\/fr\/wp-json\/wp\/v2\/types\/product"}],"replies":[{"embeddable":true,"href":"https:\/\/www.siare.it\/fr\/wp-json\/wp\/v2\/comments?post=5167"}],"wp:featuredmedia":[{"embeddable":true,"href":"https:\/\/www.siare.it\/fr\/wp-json\/wp\/v2\/media\/5151"}],"wp:attachment":[{"href":"https:\/\/www.siare.it\/fr\/wp-json\/wp\/v2\/media?parent=5167"}],"wp:term":[{"taxonomy":"product_brand","embeddable":true,"href":"https:\/\/www.siare.it\/fr\/wp-json\/wp\/v2\/product_brand?post=5167"},{"taxonomy":"product_cat","embeddable":true,"href":"https:\/\/www.siare.it\/fr\/wp-json\/wp\/v2\/product_cat?post=5167"},{"taxonomy":"product_tag","embeddable":true,"href":"https:\/\/www.siare.it\/fr\/wp-json\/wp\/v2\/product_tag?post=5167"}],"curies":[{"name":"wp","href":"https:\/\/api.w.org\/{rel}","templated":true}]}}