{"id":4520,"date":"2022-11-08T09:36:48","date_gmt":"2022-11-08T08:36:48","guid":{"rendered":"https:\/\/www.siare.it\/?post_type=product&#038;p=4520"},"modified":"2025-03-31T17:20:26","modified_gmt":"2025-03-31T15:20:26","slug":"aria-150-c","status":"publish","type":"product","link":"https:\/\/www.siare.it\/fr\/prodotto\/aria-150-c\/","title":{"rendered":"ARIA 150 C"},"content":{"rendered":"<p>Adapt\u00e9 \u00e0 la ventilation de patients adultes, p\u00e9diatriques et n\u00e9onatales, ARIA 150 C garantit la continuit\u00e9 des soins avec une meilleure facilit\u00e9 d\u2019utilisation gr\u00e2ce \u00e0 sa interface graphique optimis\u00e9e.<\/p>\n<p>Caract\u00e9ristiques et options\u00a0de ARIA 150 C:<\/p>\n<ul>\n<li>Modes de ventilation non invasive \u00e0 hautes prestations (NIV APCV &#8211; NIV PSV)<\/li>\n<li>HFNC: Canule nasal \u00e0 haut d\u00e9bit (optionnel). Ventilation non invasive avec apport d\u2019hauts d\u00e9bits d\u2019O2 (21% -100%)<\/li>\n<li>N\u00e9buliseur pneumatique int\u00e9gr\u00e9. Le n\u00e9buliseur Aerogen peut \u00eatre int\u00e9gr\u00e9 comme optionnel<\/li>\n<li>Capnographie mainstream et sidestream<\/li>\n<li>Connectivit\u00e9 LAN, RS232 et HL7<\/li>\n<li>Ecran tactile TFT \u00e0 15 pouces<\/li>\n<li>Double turbine int\u00e9gr\u00e9e \u00e0 haute performance (d\u00e9bit patient et refroidissement du moteur)<\/li>\n<li>Modes de ventilation protective pulmonaire (APCV-TV)<\/li>\n<li>Modes de sevrage automatique (PSV-TV) pour l\u2019ensemble des patients<\/li>\n<li>Ic\u00f4ne d\u2019\u00e9tat pulmonaire pour la surveillance de la ventilation du patient<\/li>\n<li>Capteur de d\u00e9bit \u00e0 perturbation magn\u00e9tique \u00e0 haute pr\u00e9cision<\/li>\n<\/ul>\n<p>&nbsp;<\/p>\n<h2><strong>Versions<\/strong><\/h2>\n<p><strong>960502\/P<\/strong>:\u00a0Respirateur pulmonaire ARIA 150 C<\/p>\n","protected":false},"excerpt":{"rendered":"<p>ARIA 150 C est le respirateur pulmonaire de derni\u00e8re g\u00e9n\u00e9ration et haute de gamme pour Soins Intensifs bas\u00e9 sur des algorithmes d\u2019intelligence artificielle.<\/p>\n","protected":false},"featured_media":4568,"comment_status":"closed","ping_status":"closed","template":"","meta":{"_acf_changed":false},"product_brand":[],"product_cat":[100,46],"product_tag":[],"class_list":{"0":"post-4520","1":"product","2":"type-product","3":"status-publish","4":"has-post-thumbnail","6":"product_cat-reanimation","7":"product_cat-ventilateurs-pulmonaires","9":"first","10":"instock","11":"shipping-taxable","12":"product-type-simple"},"acf":[],"yoast_head":"<!-- This site is optimized with the Yoast SEO plugin v25.3.1 - https:\/\/yoast.com\/wordpress\/plugins\/seo\/ -->\n<title>ARIA 150 C - Siare<\/title>\n<meta name=\"robots\" content=\"index, follow, max-snippet:-1, max-image-preview:large, max-video-preview:-1\" \/>\n<link rel=\"canonical\" href=\"https:\/\/www.siare.it\/prodotto\/aria-150c\/\" \/>\n<meta property=\"og:locale\" content=\"fr_FR\" \/>\n<meta property=\"og:type\" content=\"article\" \/>\n<meta property=\"og:title\" content=\"ARIA 150 C - Siare\" \/>\n<meta property=\"og:description\" content=\"ARIA 150 C est le respirateur pulmonaire de derni\u00e8re g\u00e9n\u00e9ration et haute de gamme pour Soins Intensifs bas\u00e9 sur des algorithmes d\u2019intelligence artificielle.\" \/>\n<meta property=\"og:url\" content=\"https:\/\/www.siare.it\/prodotto\/aria-150c\/\" \/>\n<meta property=\"og:site_name\" content=\"Siare\" \/>\n<meta property=\"article:modified_time\" content=\"2025-03-31T15:20:26+00:00\" \/>\n<meta property=\"og:image\" content=\"https:\/\/www.siare.it\/wp-content\/uploads\/2022\/11\/aria-150-c-1.png\" \/>\n\t<meta property=\"og:image:width\" content=\"1000\" \/>\n\t<meta property=\"og:image:height\" content=\"1000\" \/>\n\t<meta property=\"og:image:type\" content=\"image\/png\" \/>\n<meta name=\"twitter:card\" content=\"summary_large_image\" \/>\n<meta name=\"twitter:label1\" content=\"Dur\u00e9e de lecture estim\u00e9e\" \/>\n\t<meta name=\"twitter:data1\" content=\"1 minute\" \/>\n<script type=\"application\/ld+json\" class=\"yoast-schema-graph\">{\"@context\":\"https:\/\/schema.org\",\"@graph\":[{\"@type\":\"WebPage\",\"@id\":\"https:\/\/www.siare.it\/prodotto\/aria-150c\/\",\"url\":\"https:\/\/www.siare.it\/prodotto\/aria-150c\/\",\"name\":\"ARIA 150 C - Siare\",\"isPartOf\":{\"@id\":\"https:\/\/www.siare.it\/#website\"},\"primaryImageOfPage\":{\"@id\":\"https:\/\/www.siare.it\/prodotto\/aria-150c\/#primaryimage\"},\"image\":{\"@id\":\"https:\/\/www.siare.it\/prodotto\/aria-150c\/#primaryimage\"},\"thumbnailUrl\":\"https:\/\/www.siare.it\/wp-content\/uploads\/2022\/11\/aria-150-c-1.png\",\"datePublished\":\"2022-11-08T08:36:48+00:00\",\"dateModified\":\"2025-03-31T15:20:26+00:00\",\"breadcrumb\":{\"@id\":\"https:\/\/www.siare.it\/prodotto\/aria-150c\/#breadcrumb\"},\"inLanguage\":\"fr-FR\",\"potentialAction\":[{\"@type\":\"ReadAction\",\"target\":[\"https:\/\/www.siare.it\/prodotto\/aria-150c\/\"]}]},{\"@type\":\"ImageObject\",\"inLanguage\":\"fr-FR\",\"@id\":\"https:\/\/www.siare.it\/prodotto\/aria-150c\/#primaryimage\",\"url\":\"https:\/\/www.siare.it\/wp-content\/uploads\/2022\/11\/aria-150-c-1.png\",\"contentUrl\":\"https:\/\/www.siare.it\/wp-content\/uploads\/2022\/11\/aria-150-c-1.png\",\"width\":1000,\"height\":1000,\"caption\":\"Aria 150 C\"},{\"@type\":\"BreadcrumbList\",\"@id\":\"https:\/\/www.siare.it\/prodotto\/aria-150c\/#breadcrumb\",\"itemListElement\":[{\"@type\":\"ListItem\",\"position\":1,\"name\":\"Home\",\"item\":\"https:\/\/www.siare.it\/fr\/\"},{\"@type\":\"ListItem\",\"position\":2,\"name\":\"Produits\",\"item\":\"https:\/\/www.siare.it\/prodotti\/\"},{\"@type\":\"ListItem\",\"position\":3,\"name\":\"Ventilateurs Pulmonaires\",\"item\":\"https:\/\/www.siare.it\/categoria-prodotto\/ventilateurs-pulmonaires\/\"},{\"@type\":\"ListItem\",\"position\":4,\"name\":\"R\u00e9animation\/Soins Intensifs\",\"item\":\"https:\/\/www.siare.it\/categoria-prodotto\/ventilateurs-pulmonaires\/reanimation\/\"},{\"@type\":\"ListItem\",\"position\":5,\"name\":\"ARIA 150 C\"}]},{\"@type\":\"WebSite\",\"@id\":\"https:\/\/www.siare.it\/#website\",\"url\":\"https:\/\/www.siare.it\/\",\"name\":\"Siare\",\"description\":\"Leader nel campo dell\u2019automazione e della meccanica di alta precisione.\",\"publisher\":{\"@id\":\"https:\/\/www.siare.it\/#organization\"},\"potentialAction\":[{\"@type\":\"SearchAction\",\"target\":{\"@type\":\"EntryPoint\",\"urlTemplate\":\"https:\/\/www.siare.it\/?s={search_term_string}\"},\"query-input\":{\"@type\":\"PropertyValueSpecification\",\"valueRequired\":true,\"valueName\":\"search_term_string\"}}],\"inLanguage\":\"fr-FR\"},{\"@type\":\"Organization\",\"@id\":\"https:\/\/www.siare.it\/#organization\",\"name\":\"Siare\",\"url\":\"https:\/\/www.siare.it\/\",\"logo\":{\"@type\":\"ImageObject\",\"inLanguage\":\"fr-FR\",\"@id\":\"https:\/\/www.siare.it\/#\/schema\/logo\/image\/\",\"url\":\"https:\/\/www.siare.it\/wp-content\/uploads\/2019\/03\/siare-logo-vettoriale-footer.png\",\"contentUrl\":\"https:\/\/www.siare.it\/wp-content\/uploads\/2019\/03\/siare-logo-vettoriale-footer.png\",\"width\":150,\"height\":84,\"caption\":\"Siare\"},\"image\":{\"@id\":\"https:\/\/www.siare.it\/#\/schema\/logo\/image\/\"}}]}<\/script>\n<!-- \/ Yoast SEO plugin. -->","yoast_head_json":{"title":"ARIA 150 C - Siare","robots":{"index":"index","follow":"follow","max-snippet":"max-snippet:-1","max-image-preview":"max-image-preview:large","max-video-preview":"max-video-preview:-1"},"canonical":"https:\/\/www.siare.it\/prodotto\/aria-150c\/","og_locale":"fr_FR","og_type":"article","og_title":"ARIA 150 C - Siare","og_description":"ARIA 150 C est le respirateur pulmonaire de derni\u00e8re g\u00e9n\u00e9ration et haute de gamme pour Soins Intensifs bas\u00e9 sur des algorithmes d\u2019intelligence artificielle.","og_url":"https:\/\/www.siare.it\/prodotto\/aria-150c\/","og_site_name":"Siare","article_modified_time":"2025-03-31T15:20:26+00:00","og_image":[{"width":1000,"height":1000,"url":"https:\/\/www.siare.it\/wp-content\/uploads\/2022\/11\/aria-150-c-1.png","type":"image\/png"}],"twitter_card":"summary_large_image","twitter_misc":{"Dur\u00e9e de lecture estim\u00e9e":"1 minute"},"schema":{"@context":"https:\/\/schema.org","@graph":[{"@type":"WebPage","@id":"https:\/\/www.siare.it\/prodotto\/aria-150c\/","url":"https:\/\/www.siare.it\/prodotto\/aria-150c\/","name":"ARIA 150 C - Siare","isPartOf":{"@id":"https:\/\/www.siare.it\/#website"},"primaryImageOfPage":{"@id":"https:\/\/www.siare.it\/prodotto\/aria-150c\/#primaryimage"},"image":{"@id":"https:\/\/www.siare.it\/prodotto\/aria-150c\/#primaryimage"},"thumbnailUrl":"https:\/\/www.siare.it\/wp-content\/uploads\/2022\/11\/aria-150-c-1.png","datePublished":"2022-11-08T08:36:48+00:00","dateModified":"2025-03-31T15:20:26+00:00","breadcrumb":{"@id":"https:\/\/www.siare.it\/prodotto\/aria-150c\/#breadcrumb"},"inLanguage":"fr-FR","potentialAction":[{"@type":"ReadAction","target":["https:\/\/www.siare.it\/prodotto\/aria-150c\/"]}]},{"@type":"ImageObject","inLanguage":"fr-FR","@id":"https:\/\/www.siare.it\/prodotto\/aria-150c\/#primaryimage","url":"https:\/\/www.siare.it\/wp-content\/uploads\/2022\/11\/aria-150-c-1.png","contentUrl":"https:\/\/www.siare.it\/wp-content\/uploads\/2022\/11\/aria-150-c-1.png","width":1000,"height":1000,"caption":"Aria 150 C"},{"@type":"BreadcrumbList","@id":"https:\/\/www.siare.it\/prodotto\/aria-150c\/#breadcrumb","itemListElement":[{"@type":"ListItem","position":1,"name":"Home","item":"https:\/\/www.siare.it\/fr\/"},{"@type":"ListItem","position":2,"name":"Produits","item":"https:\/\/www.siare.it\/prodotti\/"},{"@type":"ListItem","position":3,"name":"Ventilateurs Pulmonaires","item":"https:\/\/www.siare.it\/categoria-prodotto\/ventilateurs-pulmonaires\/"},{"@type":"ListItem","position":4,"name":"R\u00e9animation\/Soins Intensifs","item":"https:\/\/www.siare.it\/categoria-prodotto\/ventilateurs-pulmonaires\/reanimation\/"},{"@type":"ListItem","position":5,"name":"ARIA 150 C"}]},{"@type":"WebSite","@id":"https:\/\/www.siare.it\/#website","url":"https:\/\/www.siare.it\/","name":"Siare","description":"Leader nel campo dell\u2019automazione e della meccanica di alta precisione.","publisher":{"@id":"https:\/\/www.siare.it\/#organization"},"potentialAction":[{"@type":"SearchAction","target":{"@type":"EntryPoint","urlTemplate":"https:\/\/www.siare.it\/?s={search_term_string}"},"query-input":{"@type":"PropertyValueSpecification","valueRequired":true,"valueName":"search_term_string"}}],"inLanguage":"fr-FR"},{"@type":"Organization","@id":"https:\/\/www.siare.it\/#organization","name":"Siare","url":"https:\/\/www.siare.it\/","logo":{"@type":"ImageObject","inLanguage":"fr-FR","@id":"https:\/\/www.siare.it\/#\/schema\/logo\/image\/","url":"https:\/\/www.siare.it\/wp-content\/uploads\/2019\/03\/siare-logo-vettoriale-footer.png","contentUrl":"https:\/\/www.siare.it\/wp-content\/uploads\/2019\/03\/siare-logo-vettoriale-footer.png","width":150,"height":84,"caption":"Siare"},"image":{"@id":"https:\/\/www.siare.it\/#\/schema\/logo\/image\/"}}]}},"_links":{"self":[{"href":"https:\/\/www.siare.it\/fr\/wp-json\/wp\/v2\/product\/4520","targetHints":{"allow":["GET"]}}],"collection":[{"href":"https:\/\/www.siare.it\/fr\/wp-json\/wp\/v2\/product"}],"about":[{"href":"https:\/\/www.siare.it\/fr\/wp-json\/wp\/v2\/types\/product"}],"replies":[{"embeddable":true,"href":"https:\/\/www.siare.it\/fr\/wp-json\/wp\/v2\/comments?post=4520"}],"wp:featuredmedia":[{"embeddable":true,"href":"https:\/\/www.siare.it\/fr\/wp-json\/wp\/v2\/media\/4568"}],"wp:attachment":[{"href":"https:\/\/www.siare.it\/fr\/wp-json\/wp\/v2\/media?parent=4520"}],"wp:term":[{"taxonomy":"product_brand","embeddable":true,"href":"https:\/\/www.siare.it\/fr\/wp-json\/wp\/v2\/product_brand?post=4520"},{"taxonomy":"product_cat","embeddable":true,"href":"https:\/\/www.siare.it\/fr\/wp-json\/wp\/v2\/product_cat?post=4520"},{"taxonomy":"product_tag","embeddable":true,"href":"https:\/\/www.siare.it\/fr\/wp-json\/wp\/v2\/product_tag?post=4520"}],"curies":[{"name":"wp","href":"https:\/\/api.w.org\/{rel}","templated":true}]}}