{"id":3818,"date":"2020-01-22T15:06:38","date_gmt":"2020-01-22T14:06:38","guid":{"rendered":"http:\/\/www.siare.it\/?post_type=product&#038;p=3818"},"modified":"2022-11-03T09:57:34","modified_gmt":"2022-11-03T08:57:34","slug":"aria-104","status":"publish","type":"product","link":"https:\/\/www.siare.it\/fr\/prodotto\/aria-104\/","title":{"rendered":"ARIA 104"},"content":{"rendered":"<p>ARIA 104 est un ventilateur pulmonaire de derni\u00e8re g\u00e9n\u00e9ration, l\u00e9ger et compact \u00e0 propulsion par turbine \u00e9quip\u00e9 d&rsquo;un grand \u00e9cran tactile couleur de 10,4\u2033. Il est en mesure d&rsquo;offrir une large gamme de modes de ventilation invasive et non invasive pour le traitement des patients adultes, p\u00e9diatriques, n\u00e9onatals et pr\u00e9matur\u00e9s gr\u00e2ce au logiciel d\u00e9di\u00e9 qui vous permet de r\u00e9gler les volumes de mar\u00e9e \u00e0 partir de 2 ml.<br \/>\nGrande capacit\u00e9 pour compenser les pertes de d\u00e9bit inspiratoire du patient jusqu&rsquo;\u00e0 un maximum de 240 l\/min., avec ou sans pression d&rsquo;appui.<\/p>\n<h2>Accessoires optionnels<\/h2>\n<p><strong>G80063010 <\/strong>Groupe de batteries suppl\u00e9mentaires<strong><br \/>\n<\/strong><strong>G00214000<\/strong>\u00a0Support tubulaire pour ventilateur et cylindre avec sac<br \/>\n<strong>G00213001\u00a0<\/strong>\u00a0Plaque \u00e0 d\u00e9gagement rapide de 10 g pour ambulance<br \/>\n<strong>G91000000<\/strong> CO2 sidestream module<br \/>\n<strong>G92000000<\/strong>\u00a0CO2 mainstream module<br \/>\n<strong>00326<\/strong> Chariot avec statif<br \/>\n<strong>06750\/SB <\/strong>Bras porte-circuit patient<\/p>\n<h2>Versions<\/h2>\n<p><strong>980104\/A:<\/strong> Ventilatore polmonare ARIA 104<\/p>\n","protected":false},"excerpt":{"rendered":"<p>ARIA 104 est un respirateur pulmonaire avanc\u00e9 de taille et de poids limit\u00e9s, id\u00e9al pour le traitement respiratoire des patients adultes, p\u00e9diatriques et n\u00e9onatals aigus et chroniques.<br \/>\nC&rsquo;est le choix id\u00e9al pour une utilisation dans les unit\u00e9s de soins intensifs, la m\u00e9decine d&rsquo;urgence, les premiers soins, la pneumologie et le transport intra et extra hospitalier.<\/p>\n","protected":false},"featured_media":4477,"comment_status":"closed","ping_status":"closed","template":"","meta":{"_acf_changed":false},"product_brand":[],"product_cat":[100,46],"product_tag":[],"class_list":{"0":"post-3818","1":"product","2":"type-product","3":"status-publish","4":"has-post-thumbnail","6":"product_cat-reanimation","7":"product_cat-ventilateurs-pulmonaires","9":"first","10":"instock","11":"shipping-taxable","12":"product-type-simple"},"acf":[],"yoast_head":"<!-- This site is optimized with the Yoast SEO plugin v25.3.1 - https:\/\/yoast.com\/wordpress\/plugins\/seo\/ -->\n<title>ARIA 104 - Siare<\/title>\n<meta name=\"robots\" content=\"index, follow, max-snippet:-1, max-image-preview:large, max-video-preview:-1\" \/>\n<link rel=\"canonical\" href=\"https:\/\/www.siare.it\/prodotto\/aria-104\/\" \/>\n<meta property=\"og:locale\" content=\"fr_FR\" \/>\n<meta property=\"og:type\" content=\"article\" \/>\n<meta property=\"og:title\" content=\"ARIA 104 - Siare\" \/>\n<meta property=\"og:description\" content=\"ARIA 104 est un respirateur pulmonaire avanc\u00e9 de taille et de poids limit\u00e9s, id\u00e9al pour le traitement respiratoire des patients adultes, p\u00e9diatriques et n\u00e9onatals aigus et chroniques. C&#039;est le choix id\u00e9al pour une utilisation dans les unit\u00e9s de soins intensifs, la m\u00e9decine d&#039;urgence, les premiers soins, la pneumologie et le transport intra et extra hospitalier.\" \/>\n<meta property=\"og:url\" content=\"https:\/\/www.siare.it\/prodotto\/aria-104\/\" \/>\n<meta property=\"og:site_name\" content=\"Siare\" \/>\n<meta property=\"article:modified_time\" content=\"2022-11-03T08:57:34+00:00\" \/>\n<meta property=\"og:image\" content=\"https:\/\/www.siare.it\/wp-content\/uploads\/2020\/01\/aria-104-3.png\" \/>\n\t<meta property=\"og:image:width\" content=\"1000\" \/>\n\t<meta property=\"og:image:height\" content=\"1000\" \/>\n\t<meta property=\"og:image:type\" content=\"image\/png\" \/>\n<meta name=\"twitter:card\" content=\"summary_large_image\" \/>\n<meta name=\"twitter:label1\" content=\"Dur\u00e9e de lecture estim\u00e9e\" \/>\n\t<meta name=\"twitter:data1\" content=\"1 minute\" \/>\n<script type=\"application\/ld+json\" class=\"yoast-schema-graph\">{\"@context\":\"https:\/\/schema.org\",\"@graph\":[{\"@type\":\"WebPage\",\"@id\":\"https:\/\/www.siare.it\/prodotto\/aria-104\/\",\"url\":\"https:\/\/www.siare.it\/prodotto\/aria-104\/\",\"name\":\"ARIA 104 - Siare\",\"isPartOf\":{\"@id\":\"https:\/\/www.siare.it\/#website\"},\"primaryImageOfPage\":{\"@id\":\"https:\/\/www.siare.it\/prodotto\/aria-104\/#primaryimage\"},\"image\":{\"@id\":\"https:\/\/www.siare.it\/prodotto\/aria-104\/#primaryimage\"},\"thumbnailUrl\":\"https:\/\/www.siare.it\/wp-content\/uploads\/2020\/01\/aria-104-3.png\",\"datePublished\":\"2020-01-22T14:06:38+00:00\",\"dateModified\":\"2022-11-03T08:57:34+00:00\",\"breadcrumb\":{\"@id\":\"https:\/\/www.siare.it\/prodotto\/aria-104\/#breadcrumb\"},\"inLanguage\":\"fr-FR\",\"potentialAction\":[{\"@type\":\"ReadAction\",\"target\":[\"https:\/\/www.siare.it\/prodotto\/aria-104\/\"]}]},{\"@type\":\"ImageObject\",\"inLanguage\":\"fr-FR\",\"@id\":\"https:\/\/www.siare.it\/prodotto\/aria-104\/#primaryimage\",\"url\":\"https:\/\/www.siare.it\/wp-content\/uploads\/2020\/01\/aria-104-3.png\",\"contentUrl\":\"https:\/\/www.siare.it\/wp-content\/uploads\/2020\/01\/aria-104-3.png\",\"width\":1000,\"height\":1000,\"caption\":\"Aria 104\"},{\"@type\":\"BreadcrumbList\",\"@id\":\"https:\/\/www.siare.it\/prodotto\/aria-104\/#breadcrumb\",\"itemListElement\":[{\"@type\":\"ListItem\",\"position\":1,\"name\":\"Home\",\"item\":\"https:\/\/www.siare.it\/fr\/\"},{\"@type\":\"ListItem\",\"position\":2,\"name\":\"Produits\",\"item\":\"https:\/\/www.siare.it\/prodotti\/\"},{\"@type\":\"ListItem\",\"position\":3,\"name\":\"Ventilateurs Pulmonaires\",\"item\":\"https:\/\/www.siare.it\/categoria-prodotto\/ventilateurs-pulmonaires\/\"},{\"@type\":\"ListItem\",\"position\":4,\"name\":\"R\u00e9animation\/Soins Intensifs\",\"item\":\"https:\/\/www.siare.it\/categoria-prodotto\/ventilateurs-pulmonaires\/reanimation\/\"},{\"@type\":\"ListItem\",\"position\":5,\"name\":\"ARIA 104\"}]},{\"@type\":\"WebSite\",\"@id\":\"https:\/\/www.siare.it\/#website\",\"url\":\"https:\/\/www.siare.it\/\",\"name\":\"Siare\",\"description\":\"Leader nel campo dell\u2019automazione e della meccanica di alta precisione.\",\"publisher\":{\"@id\":\"https:\/\/www.siare.it\/#organization\"},\"potentialAction\":[{\"@type\":\"SearchAction\",\"target\":{\"@type\":\"EntryPoint\",\"urlTemplate\":\"https:\/\/www.siare.it\/?s={search_term_string}\"},\"query-input\":{\"@type\":\"PropertyValueSpecification\",\"valueRequired\":true,\"valueName\":\"search_term_string\"}}],\"inLanguage\":\"fr-FR\"},{\"@type\":\"Organization\",\"@id\":\"https:\/\/www.siare.it\/#organization\",\"name\":\"Siare\",\"url\":\"https:\/\/www.siare.it\/\",\"logo\":{\"@type\":\"ImageObject\",\"inLanguage\":\"fr-FR\",\"@id\":\"https:\/\/www.siare.it\/#\/schema\/logo\/image\/\",\"url\":\"https:\/\/www.siare.it\/wp-content\/uploads\/2019\/03\/siare-logo-vettoriale-footer.png\",\"contentUrl\":\"https:\/\/www.siare.it\/wp-content\/uploads\/2019\/03\/siare-logo-vettoriale-footer.png\",\"width\":150,\"height\":84,\"caption\":\"Siare\"},\"image\":{\"@id\":\"https:\/\/www.siare.it\/#\/schema\/logo\/image\/\"}}]}<\/script>\n<!-- \/ Yoast SEO plugin. -->","yoast_head_json":{"title":"ARIA 104 - Siare","robots":{"index":"index","follow":"follow","max-snippet":"max-snippet:-1","max-image-preview":"max-image-preview:large","max-video-preview":"max-video-preview:-1"},"canonical":"https:\/\/www.siare.it\/prodotto\/aria-104\/","og_locale":"fr_FR","og_type":"article","og_title":"ARIA 104 - Siare","og_description":"ARIA 104 est un respirateur pulmonaire avanc\u00e9 de taille et de poids limit\u00e9s, id\u00e9al pour le traitement respiratoire des patients adultes, p\u00e9diatriques et n\u00e9onatals aigus et chroniques. C'est le choix id\u00e9al pour une utilisation dans les unit\u00e9s de soins intensifs, la m\u00e9decine d'urgence, les premiers soins, la pneumologie et le transport intra et extra hospitalier.","og_url":"https:\/\/www.siare.it\/prodotto\/aria-104\/","og_site_name":"Siare","article_modified_time":"2022-11-03T08:57:34+00:00","og_image":[{"width":1000,"height":1000,"url":"https:\/\/www.siare.it\/wp-content\/uploads\/2020\/01\/aria-104-3.png","type":"image\/png"}],"twitter_card":"summary_large_image","twitter_misc":{"Dur\u00e9e de lecture estim\u00e9e":"1 minute"},"schema":{"@context":"https:\/\/schema.org","@graph":[{"@type":"WebPage","@id":"https:\/\/www.siare.it\/prodotto\/aria-104\/","url":"https:\/\/www.siare.it\/prodotto\/aria-104\/","name":"ARIA 104 - Siare","isPartOf":{"@id":"https:\/\/www.siare.it\/#website"},"primaryImageOfPage":{"@id":"https:\/\/www.siare.it\/prodotto\/aria-104\/#primaryimage"},"image":{"@id":"https:\/\/www.siare.it\/prodotto\/aria-104\/#primaryimage"},"thumbnailUrl":"https:\/\/www.siare.it\/wp-content\/uploads\/2020\/01\/aria-104-3.png","datePublished":"2020-01-22T14:06:38+00:00","dateModified":"2022-11-03T08:57:34+00:00","breadcrumb":{"@id":"https:\/\/www.siare.it\/prodotto\/aria-104\/#breadcrumb"},"inLanguage":"fr-FR","potentialAction":[{"@type":"ReadAction","target":["https:\/\/www.siare.it\/prodotto\/aria-104\/"]}]},{"@type":"ImageObject","inLanguage":"fr-FR","@id":"https:\/\/www.siare.it\/prodotto\/aria-104\/#primaryimage","url":"https:\/\/www.siare.it\/wp-content\/uploads\/2020\/01\/aria-104-3.png","contentUrl":"https:\/\/www.siare.it\/wp-content\/uploads\/2020\/01\/aria-104-3.png","width":1000,"height":1000,"caption":"Aria 104"},{"@type":"BreadcrumbList","@id":"https:\/\/www.siare.it\/prodotto\/aria-104\/#breadcrumb","itemListElement":[{"@type":"ListItem","position":1,"name":"Home","item":"https:\/\/www.siare.it\/fr\/"},{"@type":"ListItem","position":2,"name":"Produits","item":"https:\/\/www.siare.it\/prodotti\/"},{"@type":"ListItem","position":3,"name":"Ventilateurs Pulmonaires","item":"https:\/\/www.siare.it\/categoria-prodotto\/ventilateurs-pulmonaires\/"},{"@type":"ListItem","position":4,"name":"R\u00e9animation\/Soins Intensifs","item":"https:\/\/www.siare.it\/categoria-prodotto\/ventilateurs-pulmonaires\/reanimation\/"},{"@type":"ListItem","position":5,"name":"ARIA 104"}]},{"@type":"WebSite","@id":"https:\/\/www.siare.it\/#website","url":"https:\/\/www.siare.it\/","name":"Siare","description":"Leader nel campo dell\u2019automazione e della meccanica di alta precisione.","publisher":{"@id":"https:\/\/www.siare.it\/#organization"},"potentialAction":[{"@type":"SearchAction","target":{"@type":"EntryPoint","urlTemplate":"https:\/\/www.siare.it\/?s={search_term_string}"},"query-input":{"@type":"PropertyValueSpecification","valueRequired":true,"valueName":"search_term_string"}}],"inLanguage":"fr-FR"},{"@type":"Organization","@id":"https:\/\/www.siare.it\/#organization","name":"Siare","url":"https:\/\/www.siare.it\/","logo":{"@type":"ImageObject","inLanguage":"fr-FR","@id":"https:\/\/www.siare.it\/#\/schema\/logo\/image\/","url":"https:\/\/www.siare.it\/wp-content\/uploads\/2019\/03\/siare-logo-vettoriale-footer.png","contentUrl":"https:\/\/www.siare.it\/wp-content\/uploads\/2019\/03\/siare-logo-vettoriale-footer.png","width":150,"height":84,"caption":"Siare"},"image":{"@id":"https:\/\/www.siare.it\/#\/schema\/logo\/image\/"}}]}},"_links":{"self":[{"href":"https:\/\/www.siare.it\/fr\/wp-json\/wp\/v2\/product\/3818","targetHints":{"allow":["GET"]}}],"collection":[{"href":"https:\/\/www.siare.it\/fr\/wp-json\/wp\/v2\/product"}],"about":[{"href":"https:\/\/www.siare.it\/fr\/wp-json\/wp\/v2\/types\/product"}],"replies":[{"embeddable":true,"href":"https:\/\/www.siare.it\/fr\/wp-json\/wp\/v2\/comments?post=3818"}],"wp:featuredmedia":[{"embeddable":true,"href":"https:\/\/www.siare.it\/fr\/wp-json\/wp\/v2\/media\/4477"}],"wp:attachment":[{"href":"https:\/\/www.siare.it\/fr\/wp-json\/wp\/v2\/media?parent=3818"}],"wp:term":[{"taxonomy":"product_brand","embeddable":true,"href":"https:\/\/www.siare.it\/fr\/wp-json\/wp\/v2\/product_brand?post=3818"},{"taxonomy":"product_cat","embeddable":true,"href":"https:\/\/www.siare.it\/fr\/wp-json\/wp\/v2\/product_cat?post=3818"},{"taxonomy":"product_tag","embeddable":true,"href":"https:\/\/www.siare.it\/fr\/wp-json\/wp\/v2\/product_tag?post=3818"}],"curies":[{"name":"wp","href":"https:\/\/api.w.org\/{rel}","templated":true}]}}