{"id":3802,"date":"2020-01-22T14:27:39","date_gmt":"2020-01-22T13:27:39","guid":{"rendered":"http:\/\/www.siare.it\/?post_type=product&#038;p=3802"},"modified":"2025-03-14T08:43:29","modified_gmt":"2025-03-14T07:43:29","slug":"aria150-turbine-driven","status":"publish","type":"product","link":"https:\/\/www.siare.it\/fr\/prodotto\/aria150-turbine-driven\/","title":{"rendered":"Aria 150"},"content":{"rendered":"<p>ARIA 150 est un ventilateur pulmonaire de derni\u00e8re g\u00e9n\u00e9ration, \u00e0 roulettes adapt\u00e9 au lit de soins intensifs.<\/p>\n<p>\u00c9quip\u00e9 en standard d&rsquo;un grand \u00e9cran tactile de 15 pouces, il est en mesure d&rsquo;offrir une large gamme de modes de fonctionnement adapt\u00e9s aux ventilations invasives et non invasives des patients adultes, p\u00e9diatriques, n\u00e9onatals. Le syst\u00e8me permet de r\u00e9gler et d&rsquo;analyser avec pr\u00e9cision les volumes courants \u00e0 partir de 2 ml jusqu&rsquo;\u00e0 3000 ml. Grande capacit\u00e9 pour compenser les fuites et d\u00e9livrer un d\u00e9bit maximum de plus de 240 l \/ min avec et sans pression d&rsquo;appui.<\/p>\n<h2>Versions<\/h2>\n<p><strong>960501\/A<\/strong>: Aria 150 \u2013 Gas Driven<br \/>\n<strong>960502\/A<\/strong>: Aria 150 \u2013 Built-in Turbine<\/p>\n","protected":false},"excerpt":{"rendered":"<p>ARIA 150 est un ventilateur pulmonaire de soins intensifs avanc\u00e9, pour le traitement respiratoire des patients adultes et p\u00e9diatriques aigus et chroniques.<\/p>\n","protected":false},"featured_media":4481,"comment_status":"closed","ping_status":"closed","template":"","meta":{"_acf_changed":false},"product_brand":[],"product_cat":[100,46],"product_tag":[],"class_list":{"0":"post-3802","1":"product","2":"type-product","3":"status-publish","4":"has-post-thumbnail","6":"product_cat-reanimation","7":"product_cat-ventilateurs-pulmonaires","9":"first","10":"instock","11":"shipping-taxable","12":"product-type-simple"},"acf":[],"yoast_head":"<!-- This site is optimized with the Yoast SEO plugin v25.3.1 - https:\/\/yoast.com\/wordpress\/plugins\/seo\/ -->\n<title>Aria 150 - Siare<\/title>\n<meta name=\"robots\" content=\"index, follow, max-snippet:-1, max-image-preview:large, max-video-preview:-1\" \/>\n<link rel=\"canonical\" href=\"https:\/\/www.siare.it\/prodotto\/aria-150-turbine-driven\/\" \/>\n<meta property=\"og:locale\" content=\"fr_FR\" \/>\n<meta property=\"og:type\" content=\"article\" \/>\n<meta property=\"og:title\" content=\"Aria 150 - Siare\" \/>\n<meta property=\"og:description\" content=\"ARIA 150 est un ventilateur pulmonaire de soins intensifs avanc\u00e9, pour le traitement respiratoire des patients adultes et p\u00e9diatriques aigus et chroniques.\" \/>\n<meta property=\"og:url\" content=\"https:\/\/www.siare.it\/prodotto\/aria-150-turbine-driven\/\" \/>\n<meta property=\"og:site_name\" content=\"Siare\" \/>\n<meta property=\"article:modified_time\" content=\"2025-03-14T07:43:29+00:00\" \/>\n<meta property=\"og:image\" content=\"https:\/\/www.siare.it\/wp-content\/uploads\/2020\/01\/aria-150-3.png\" \/>\n\t<meta property=\"og:image:width\" content=\"1000\" \/>\n\t<meta property=\"og:image:height\" content=\"1000\" \/>\n\t<meta property=\"og:image:type\" content=\"image\/png\" \/>\n<meta name=\"twitter:card\" content=\"summary_large_image\" \/>\n<meta name=\"twitter:label1\" content=\"Dur\u00e9e de lecture estim\u00e9e\" \/>\n\t<meta name=\"twitter:data1\" content=\"1 minute\" \/>\n<script type=\"application\/ld+json\" class=\"yoast-schema-graph\">{\"@context\":\"https:\/\/schema.org\",\"@graph\":[{\"@type\":\"WebPage\",\"@id\":\"https:\/\/www.siare.it\/prodotto\/aria-150-turbine-driven\/\",\"url\":\"https:\/\/www.siare.it\/prodotto\/aria-150-turbine-driven\/\",\"name\":\"Aria 150 - Siare\",\"isPartOf\":{\"@id\":\"https:\/\/www.siare.it\/#website\"},\"primaryImageOfPage\":{\"@id\":\"https:\/\/www.siare.it\/prodotto\/aria-150-turbine-driven\/#primaryimage\"},\"image\":{\"@id\":\"https:\/\/www.siare.it\/prodotto\/aria-150-turbine-driven\/#primaryimage\"},\"thumbnailUrl\":\"https:\/\/www.siare.it\/wp-content\/uploads\/2020\/01\/aria-150-3.png\",\"datePublished\":\"2020-01-22T13:27:39+00:00\",\"dateModified\":\"2025-03-14T07:43:29+00:00\",\"breadcrumb\":{\"@id\":\"https:\/\/www.siare.it\/prodotto\/aria-150-turbine-driven\/#breadcrumb\"},\"inLanguage\":\"fr-FR\",\"potentialAction\":[{\"@type\":\"ReadAction\",\"target\":[\"https:\/\/www.siare.it\/prodotto\/aria-150-turbine-driven\/\"]}]},{\"@type\":\"ImageObject\",\"inLanguage\":\"fr-FR\",\"@id\":\"https:\/\/www.siare.it\/prodotto\/aria-150-turbine-driven\/#primaryimage\",\"url\":\"https:\/\/www.siare.it\/wp-content\/uploads\/2020\/01\/aria-150-3.png\",\"contentUrl\":\"https:\/\/www.siare.it\/wp-content\/uploads\/2020\/01\/aria-150-3.png\",\"width\":1000,\"height\":1000,\"caption\":\"Aria 150\"},{\"@type\":\"BreadcrumbList\",\"@id\":\"https:\/\/www.siare.it\/prodotto\/aria-150-turbine-driven\/#breadcrumb\",\"itemListElement\":[{\"@type\":\"ListItem\",\"position\":1,\"name\":\"Home\",\"item\":\"https:\/\/www.siare.it\/fr\/\"},{\"@type\":\"ListItem\",\"position\":2,\"name\":\"Produits\",\"item\":\"https:\/\/www.siare.it\/prodotti\/\"},{\"@type\":\"ListItem\",\"position\":3,\"name\":\"Ventilateurs Pulmonaires\",\"item\":\"https:\/\/www.siare.it\/categoria-prodotto\/ventilateurs-pulmonaires\/\"},{\"@type\":\"ListItem\",\"position\":4,\"name\":\"R\u00e9animation\/Soins Intensifs\",\"item\":\"https:\/\/www.siare.it\/categoria-prodotto\/ventilateurs-pulmonaires\/reanimation\/\"},{\"@type\":\"ListItem\",\"position\":5,\"name\":\"Aria 150\"}]},{\"@type\":\"WebSite\",\"@id\":\"https:\/\/www.siare.it\/#website\",\"url\":\"https:\/\/www.siare.it\/\",\"name\":\"Siare\",\"description\":\"Leader nel campo dell\u2019automazione e della meccanica di alta precisione.\",\"publisher\":{\"@id\":\"https:\/\/www.siare.it\/#organization\"},\"potentialAction\":[{\"@type\":\"SearchAction\",\"target\":{\"@type\":\"EntryPoint\",\"urlTemplate\":\"https:\/\/www.siare.it\/?s={search_term_string}\"},\"query-input\":{\"@type\":\"PropertyValueSpecification\",\"valueRequired\":true,\"valueName\":\"search_term_string\"}}],\"inLanguage\":\"fr-FR\"},{\"@type\":\"Organization\",\"@id\":\"https:\/\/www.siare.it\/#organization\",\"name\":\"Siare\",\"url\":\"https:\/\/www.siare.it\/\",\"logo\":{\"@type\":\"ImageObject\",\"inLanguage\":\"fr-FR\",\"@id\":\"https:\/\/www.siare.it\/#\/schema\/logo\/image\/\",\"url\":\"https:\/\/www.siare.it\/wp-content\/uploads\/2019\/03\/siare-logo-vettoriale-footer.png\",\"contentUrl\":\"https:\/\/www.siare.it\/wp-content\/uploads\/2019\/03\/siare-logo-vettoriale-footer.png\",\"width\":150,\"height\":84,\"caption\":\"Siare\"},\"image\":{\"@id\":\"https:\/\/www.siare.it\/#\/schema\/logo\/image\/\"}}]}<\/script>\n<!-- \/ Yoast SEO plugin. -->","yoast_head_json":{"title":"Aria 150 - Siare","robots":{"index":"index","follow":"follow","max-snippet":"max-snippet:-1","max-image-preview":"max-image-preview:large","max-video-preview":"max-video-preview:-1"},"canonical":"https:\/\/www.siare.it\/prodotto\/aria-150-turbine-driven\/","og_locale":"fr_FR","og_type":"article","og_title":"Aria 150 - Siare","og_description":"ARIA 150 est un ventilateur pulmonaire de soins intensifs avanc\u00e9, pour le traitement respiratoire des patients adultes et p\u00e9diatriques aigus et chroniques.","og_url":"https:\/\/www.siare.it\/prodotto\/aria-150-turbine-driven\/","og_site_name":"Siare","article_modified_time":"2025-03-14T07:43:29+00:00","og_image":[{"width":1000,"height":1000,"url":"https:\/\/www.siare.it\/wp-content\/uploads\/2020\/01\/aria-150-3.png","type":"image\/png"}],"twitter_card":"summary_large_image","twitter_misc":{"Dur\u00e9e de lecture estim\u00e9e":"1 minute"},"schema":{"@context":"https:\/\/schema.org","@graph":[{"@type":"WebPage","@id":"https:\/\/www.siare.it\/prodotto\/aria-150-turbine-driven\/","url":"https:\/\/www.siare.it\/prodotto\/aria-150-turbine-driven\/","name":"Aria 150 - Siare","isPartOf":{"@id":"https:\/\/www.siare.it\/#website"},"primaryImageOfPage":{"@id":"https:\/\/www.siare.it\/prodotto\/aria-150-turbine-driven\/#primaryimage"},"image":{"@id":"https:\/\/www.siare.it\/prodotto\/aria-150-turbine-driven\/#primaryimage"},"thumbnailUrl":"https:\/\/www.siare.it\/wp-content\/uploads\/2020\/01\/aria-150-3.png","datePublished":"2020-01-22T13:27:39+00:00","dateModified":"2025-03-14T07:43:29+00:00","breadcrumb":{"@id":"https:\/\/www.siare.it\/prodotto\/aria-150-turbine-driven\/#breadcrumb"},"inLanguage":"fr-FR","potentialAction":[{"@type":"ReadAction","target":["https:\/\/www.siare.it\/prodotto\/aria-150-turbine-driven\/"]}]},{"@type":"ImageObject","inLanguage":"fr-FR","@id":"https:\/\/www.siare.it\/prodotto\/aria-150-turbine-driven\/#primaryimage","url":"https:\/\/www.siare.it\/wp-content\/uploads\/2020\/01\/aria-150-3.png","contentUrl":"https:\/\/www.siare.it\/wp-content\/uploads\/2020\/01\/aria-150-3.png","width":1000,"height":1000,"caption":"Aria 150"},{"@type":"BreadcrumbList","@id":"https:\/\/www.siare.it\/prodotto\/aria-150-turbine-driven\/#breadcrumb","itemListElement":[{"@type":"ListItem","position":1,"name":"Home","item":"https:\/\/www.siare.it\/fr\/"},{"@type":"ListItem","position":2,"name":"Produits","item":"https:\/\/www.siare.it\/prodotti\/"},{"@type":"ListItem","position":3,"name":"Ventilateurs Pulmonaires","item":"https:\/\/www.siare.it\/categoria-prodotto\/ventilateurs-pulmonaires\/"},{"@type":"ListItem","position":4,"name":"R\u00e9animation\/Soins Intensifs","item":"https:\/\/www.siare.it\/categoria-prodotto\/ventilateurs-pulmonaires\/reanimation\/"},{"@type":"ListItem","position":5,"name":"Aria 150"}]},{"@type":"WebSite","@id":"https:\/\/www.siare.it\/#website","url":"https:\/\/www.siare.it\/","name":"Siare","description":"Leader nel campo dell\u2019automazione e della meccanica di alta precisione.","publisher":{"@id":"https:\/\/www.siare.it\/#organization"},"potentialAction":[{"@type":"SearchAction","target":{"@type":"EntryPoint","urlTemplate":"https:\/\/www.siare.it\/?s={search_term_string}"},"query-input":{"@type":"PropertyValueSpecification","valueRequired":true,"valueName":"search_term_string"}}],"inLanguage":"fr-FR"},{"@type":"Organization","@id":"https:\/\/www.siare.it\/#organization","name":"Siare","url":"https:\/\/www.siare.it\/","logo":{"@type":"ImageObject","inLanguage":"fr-FR","@id":"https:\/\/www.siare.it\/#\/schema\/logo\/image\/","url":"https:\/\/www.siare.it\/wp-content\/uploads\/2019\/03\/siare-logo-vettoriale-footer.png","contentUrl":"https:\/\/www.siare.it\/wp-content\/uploads\/2019\/03\/siare-logo-vettoriale-footer.png","width":150,"height":84,"caption":"Siare"},"image":{"@id":"https:\/\/www.siare.it\/#\/schema\/logo\/image\/"}}]}},"_links":{"self":[{"href":"https:\/\/www.siare.it\/fr\/wp-json\/wp\/v2\/product\/3802","targetHints":{"allow":["GET"]}}],"collection":[{"href":"https:\/\/www.siare.it\/fr\/wp-json\/wp\/v2\/product"}],"about":[{"href":"https:\/\/www.siare.it\/fr\/wp-json\/wp\/v2\/types\/product"}],"replies":[{"embeddable":true,"href":"https:\/\/www.siare.it\/fr\/wp-json\/wp\/v2\/comments?post=3802"}],"wp:featuredmedia":[{"embeddable":true,"href":"https:\/\/www.siare.it\/fr\/wp-json\/wp\/v2\/media\/4481"}],"wp:attachment":[{"href":"https:\/\/www.siare.it\/fr\/wp-json\/wp\/v2\/media?parent=3802"}],"wp:term":[{"taxonomy":"product_brand","embeddable":true,"href":"https:\/\/www.siare.it\/fr\/wp-json\/wp\/v2\/product_brand?post=3802"},{"taxonomy":"product_cat","embeddable":true,"href":"https:\/\/www.siare.it\/fr\/wp-json\/wp\/v2\/product_cat?post=3802"},{"taxonomy":"product_tag","embeddable":true,"href":"https:\/\/www.siare.it\/fr\/wp-json\/wp\/v2\/product_tag?post=3802"}],"curies":[{"name":"wp","href":"https:\/\/api.w.org\/{rel}","templated":true}]}}