{"id":3575,"date":"2019-09-12T12:48:40","date_gmt":"2019-09-12T10:48:40","guid":{"rendered":"http:\/\/www.siare.it\/?post_type=product&#038;p=3575"},"modified":"2023-06-14T11:39:58","modified_gmt":"2023-06-14T09:39:58","slug":"siaretron-4000-960502","status":"publish","type":"product","link":"https:\/\/www.siare.it\/fr\/prodotto\/siaretron-4000-960502\/","title":{"rendered":"SIARETRON 4000"},"content":{"rendered":"<p>Le syst\u00e8me de ventilation Siaretron 4000 de 15\u2019\u2019 fournit une ventilation contr\u00f4l\u00e9e ou spontan\u00e9e avec un niveau r\u00e9glable de pression expiratoire positive (PEP), de sensibilit\u00e9 du trigger et de concentration en oxyg\u00e8ne. Le ventilateur convient \u00e0 la ventilation des patients adultes, des enfants et des b\u00e9b\u00e9s; \u00e9quip\u00e9 d&rsquo;un d\u00e9clencheur de d\u00e9bit et \/ ou de pression, il fournit la ventilation \u00e0 volume contr\u00f4l\u00e9 la plus moderne (VC \/ VAC, VC \/ VAC-BABY), une pression contr\u00f4l\u00e9e (APCV, APCV-TV), \u00a0volume ou pression SIMV, pression assist\u00e9e (PSV, PSV-TV), CPAP, BILEVEL S-ST, SIGH Sigh, ventilation VNI non invasive, n\u00e9buliseur de m\u00e9dicaments et ventilation manuelle.La ventilation spontan\u00e9e permet un d\u00e9bit inspiratoire du patient jusqu&rsquo;\u00e0 240 L \/ min, avec ou sans pression de soutien.La batterie, en parfait \u00e9tat et compl\u00e8tement charg\u00e9e, permet au ventilateur de fonctionner pendant au moins 90 minutes, ce qui lui permet d&rsquo;\u00eatre aliment\u00e9 pendant le transport intra-hospitalier.<\/p>\n<p>\u2022 Grand \u00e9cran tactile couleur TFT de 15&Prime;<\/p>\n<h2>Versions<\/h2>\n<p><strong>960501: <\/strong>GAS DRIVEN 15&Prime; ICU VENTILATOR<strong><br \/>\n960502<\/strong>: BUILT-IN TURBINE 15&Prime; ICU VENTILATOR<\/p>\n","protected":false},"excerpt":{"rendered":"<p>Le ventilateur pulmonaire Siaretron 4000 15&Prime; pour adultes, enfants et nouveaux n\u00e9s, avec entra\u00eenement par turbine repr\u00e9sente une nouvaut\u00e9 absolue dans la R\u00e9animation, con\u00e7u pour traiter les patients souffrant d&rsquo;insuffisance respiratoire aigu\u00eb et chronique.<\/p>\n<p>Le Siaretron 4000 15&Prime; fournit des fonctionnalit\u00e9s avanc\u00e9es pour la gestion des modes de fonctionnement.<br \/>\n\u00c9quip\u00e9 d&rsquo;un grand \u00e9cran tactile couleur TFT de 15&Prime;, ce ventilateur permet de visualiser en un seul \u00e9cran les courbes temporelles et respiratoires des boucles de pression, d\u00e9bit, volume, d\u00e9bit \/ volume, pression \/ volume, Co2.<\/p>\n","protected":false},"featured_media":4473,"comment_status":"closed","ping_status":"closed","template":"","meta":{"_acf_changed":false},"product_brand":[],"product_cat":[100,46],"product_tag":[],"class_list":{"0":"post-3575","1":"product","2":"type-product","3":"status-publish","4":"has-post-thumbnail","6":"product_cat-reanimation","7":"product_cat-ventilateurs-pulmonaires","9":"first","10":"instock","11":"shipping-taxable","12":"product-type-simple"},"acf":[],"yoast_head":"<!-- This site is optimized with the Yoast SEO plugin v25.3.1 - https:\/\/yoast.com\/wordpress\/plugins\/seo\/ -->\n<title>SIARETRON 4000 - Siare<\/title>\n<meta name=\"robots\" content=\"index, follow, max-snippet:-1, max-image-preview:large, max-video-preview:-1\" \/>\n<link rel=\"canonical\" href=\"https:\/\/www.siare.it\/prodotto\/siaretron-4000-960502\/\" \/>\n<meta property=\"og:locale\" content=\"fr_FR\" \/>\n<meta property=\"og:type\" content=\"article\" \/>\n<meta property=\"og:title\" content=\"SIARETRON 4000 - Siare\" \/>\n<meta property=\"og:description\" content=\"Le ventilateur pulmonaire Siaretron 4000 15&quot; pour adultes, enfants et nouveaux n\u00e9s, avec entra\u00eenement par turbine repr\u00e9sente une nouvaut\u00e9 absolue dans la R\u00e9animation, con\u00e7u pour traiter les patients souffrant d&#039;insuffisance respiratoire aigu\u00eb et chronique.  Le Siaretron 4000 15&quot; fournit des fonctionnalit\u00e9s avanc\u00e9es pour la gestion des modes de fonctionnement. \u00c9quip\u00e9 d&#039;un grand \u00e9cran tactile couleur TFT de 15&quot;, ce ventilateur permet de visualiser en un seul \u00e9cran les courbes temporelles et respiratoires des boucles de pression, d\u00e9bit, volume, d\u00e9bit \/ volume, pression \/ volume, Co2.\" \/>\n<meta property=\"og:url\" content=\"https:\/\/www.siare.it\/prodotto\/siaretron-4000-960502\/\" \/>\n<meta property=\"og:site_name\" content=\"Siare\" \/>\n<meta property=\"article:modified_time\" content=\"2023-06-14T09:39:58+00:00\" \/>\n<meta property=\"og:image\" content=\"https:\/\/www.siare.it\/wp-content\/uploads\/2019\/09\/960501-2.png\" \/>\n\t<meta property=\"og:image:width\" content=\"1000\" \/>\n\t<meta property=\"og:image:height\" content=\"1000\" \/>\n\t<meta property=\"og:image:type\" content=\"image\/png\" \/>\n<meta name=\"twitter:card\" content=\"summary_large_image\" \/>\n<meta name=\"twitter:label1\" content=\"Dur\u00e9e de lecture estim\u00e9e\" \/>\n\t<meta name=\"twitter:data1\" content=\"1 minute\" \/>\n<script type=\"application\/ld+json\" class=\"yoast-schema-graph\">{\"@context\":\"https:\/\/schema.org\",\"@graph\":[{\"@type\":\"WebPage\",\"@id\":\"https:\/\/www.siare.it\/prodotto\/siaretron-4000-960502\/\",\"url\":\"https:\/\/www.siare.it\/prodotto\/siaretron-4000-960502\/\",\"name\":\"SIARETRON 4000 - Siare\",\"isPartOf\":{\"@id\":\"https:\/\/www.siare.it\/#website\"},\"primaryImageOfPage\":{\"@id\":\"https:\/\/www.siare.it\/prodotto\/siaretron-4000-960502\/#primaryimage\"},\"image\":{\"@id\":\"https:\/\/www.siare.it\/prodotto\/siaretron-4000-960502\/#primaryimage\"},\"thumbnailUrl\":\"https:\/\/www.siare.it\/wp-content\/uploads\/2019\/09\/960501-2.png\",\"datePublished\":\"2019-09-12T10:48:40+00:00\",\"dateModified\":\"2023-06-14T09:39:58+00:00\",\"breadcrumb\":{\"@id\":\"https:\/\/www.siare.it\/prodotto\/siaretron-4000-960502\/#breadcrumb\"},\"inLanguage\":\"fr-FR\",\"potentialAction\":[{\"@type\":\"ReadAction\",\"target\":[\"https:\/\/www.siare.it\/prodotto\/siaretron-4000-960502\/\"]}]},{\"@type\":\"ImageObject\",\"inLanguage\":\"fr-FR\",\"@id\":\"https:\/\/www.siare.it\/prodotto\/siaretron-4000-960502\/#primaryimage\",\"url\":\"https:\/\/www.siare.it\/wp-content\/uploads\/2019\/09\/960501-2.png\",\"contentUrl\":\"https:\/\/www.siare.it\/wp-content\/uploads\/2019\/09\/960501-2.png\",\"width\":1000,\"height\":1000,\"caption\":\"Siaretron 4000\"},{\"@type\":\"BreadcrumbList\",\"@id\":\"https:\/\/www.siare.it\/prodotto\/siaretron-4000-960502\/#breadcrumb\",\"itemListElement\":[{\"@type\":\"ListItem\",\"position\":1,\"name\":\"Home\",\"item\":\"https:\/\/www.siare.it\/fr\/\"},{\"@type\":\"ListItem\",\"position\":2,\"name\":\"Produits\",\"item\":\"https:\/\/www.siare.it\/prodotti\/\"},{\"@type\":\"ListItem\",\"position\":3,\"name\":\"Ventilateurs Pulmonaires\",\"item\":\"https:\/\/www.siare.it\/categoria-prodotto\/ventilateurs-pulmonaires\/\"},{\"@type\":\"ListItem\",\"position\":4,\"name\":\"R\u00e9animation\/Soins Intensifs\",\"item\":\"https:\/\/www.siare.it\/categoria-prodotto\/ventilateurs-pulmonaires\/reanimation\/\"},{\"@type\":\"ListItem\",\"position\":5,\"name\":\"SIARETRON 4000\"}]},{\"@type\":\"WebSite\",\"@id\":\"https:\/\/www.siare.it\/#website\",\"url\":\"https:\/\/www.siare.it\/\",\"name\":\"Siare\",\"description\":\"Leader nel campo dell\u2019automazione e della meccanica di alta precisione.\",\"publisher\":{\"@id\":\"https:\/\/www.siare.it\/#organization\"},\"potentialAction\":[{\"@type\":\"SearchAction\",\"target\":{\"@type\":\"EntryPoint\",\"urlTemplate\":\"https:\/\/www.siare.it\/?s={search_term_string}\"},\"query-input\":{\"@type\":\"PropertyValueSpecification\",\"valueRequired\":true,\"valueName\":\"search_term_string\"}}],\"inLanguage\":\"fr-FR\"},{\"@type\":\"Organization\",\"@id\":\"https:\/\/www.siare.it\/#organization\",\"name\":\"Siare\",\"url\":\"https:\/\/www.siare.it\/\",\"logo\":{\"@type\":\"ImageObject\",\"inLanguage\":\"fr-FR\",\"@id\":\"https:\/\/www.siare.it\/#\/schema\/logo\/image\/\",\"url\":\"https:\/\/www.siare.it\/wp-content\/uploads\/2019\/03\/siare-logo-vettoriale-footer.png\",\"contentUrl\":\"https:\/\/www.siare.it\/wp-content\/uploads\/2019\/03\/siare-logo-vettoriale-footer.png\",\"width\":150,\"height\":84,\"caption\":\"Siare\"},\"image\":{\"@id\":\"https:\/\/www.siare.it\/#\/schema\/logo\/image\/\"}}]}<\/script>\n<!-- \/ Yoast SEO plugin. -->","yoast_head_json":{"title":"SIARETRON 4000 - Siare","robots":{"index":"index","follow":"follow","max-snippet":"max-snippet:-1","max-image-preview":"max-image-preview:large","max-video-preview":"max-video-preview:-1"},"canonical":"https:\/\/www.siare.it\/prodotto\/siaretron-4000-960502\/","og_locale":"fr_FR","og_type":"article","og_title":"SIARETRON 4000 - Siare","og_description":"Le ventilateur pulmonaire Siaretron 4000 15\" pour adultes, enfants et nouveaux n\u00e9s, avec entra\u00eenement par turbine repr\u00e9sente une nouvaut\u00e9 absolue dans la R\u00e9animation, con\u00e7u pour traiter les patients souffrant d'insuffisance respiratoire aigu\u00eb et chronique.  Le Siaretron 4000 15\" fournit des fonctionnalit\u00e9s avanc\u00e9es pour la gestion des modes de fonctionnement. \u00c9quip\u00e9 d'un grand \u00e9cran tactile couleur TFT de 15\", ce ventilateur permet de visualiser en un seul \u00e9cran les courbes temporelles et respiratoires des boucles de pression, d\u00e9bit, volume, d\u00e9bit \/ volume, pression \/ volume, Co2.","og_url":"https:\/\/www.siare.it\/prodotto\/siaretron-4000-960502\/","og_site_name":"Siare","article_modified_time":"2023-06-14T09:39:58+00:00","og_image":[{"width":1000,"height":1000,"url":"https:\/\/www.siare.it\/wp-content\/uploads\/2019\/09\/960501-2.png","type":"image\/png"}],"twitter_card":"summary_large_image","twitter_misc":{"Dur\u00e9e de lecture estim\u00e9e":"1 minute"},"schema":{"@context":"https:\/\/schema.org","@graph":[{"@type":"WebPage","@id":"https:\/\/www.siare.it\/prodotto\/siaretron-4000-960502\/","url":"https:\/\/www.siare.it\/prodotto\/siaretron-4000-960502\/","name":"SIARETRON 4000 - Siare","isPartOf":{"@id":"https:\/\/www.siare.it\/#website"},"primaryImageOfPage":{"@id":"https:\/\/www.siare.it\/prodotto\/siaretron-4000-960502\/#primaryimage"},"image":{"@id":"https:\/\/www.siare.it\/prodotto\/siaretron-4000-960502\/#primaryimage"},"thumbnailUrl":"https:\/\/www.siare.it\/wp-content\/uploads\/2019\/09\/960501-2.png","datePublished":"2019-09-12T10:48:40+00:00","dateModified":"2023-06-14T09:39:58+00:00","breadcrumb":{"@id":"https:\/\/www.siare.it\/prodotto\/siaretron-4000-960502\/#breadcrumb"},"inLanguage":"fr-FR","potentialAction":[{"@type":"ReadAction","target":["https:\/\/www.siare.it\/prodotto\/siaretron-4000-960502\/"]}]},{"@type":"ImageObject","inLanguage":"fr-FR","@id":"https:\/\/www.siare.it\/prodotto\/siaretron-4000-960502\/#primaryimage","url":"https:\/\/www.siare.it\/wp-content\/uploads\/2019\/09\/960501-2.png","contentUrl":"https:\/\/www.siare.it\/wp-content\/uploads\/2019\/09\/960501-2.png","width":1000,"height":1000,"caption":"Siaretron 4000"},{"@type":"BreadcrumbList","@id":"https:\/\/www.siare.it\/prodotto\/siaretron-4000-960502\/#breadcrumb","itemListElement":[{"@type":"ListItem","position":1,"name":"Home","item":"https:\/\/www.siare.it\/fr\/"},{"@type":"ListItem","position":2,"name":"Produits","item":"https:\/\/www.siare.it\/prodotti\/"},{"@type":"ListItem","position":3,"name":"Ventilateurs Pulmonaires","item":"https:\/\/www.siare.it\/categoria-prodotto\/ventilateurs-pulmonaires\/"},{"@type":"ListItem","position":4,"name":"R\u00e9animation\/Soins Intensifs","item":"https:\/\/www.siare.it\/categoria-prodotto\/ventilateurs-pulmonaires\/reanimation\/"},{"@type":"ListItem","position":5,"name":"SIARETRON 4000"}]},{"@type":"WebSite","@id":"https:\/\/www.siare.it\/#website","url":"https:\/\/www.siare.it\/","name":"Siare","description":"Leader nel campo dell\u2019automazione e della meccanica di alta precisione.","publisher":{"@id":"https:\/\/www.siare.it\/#organization"},"potentialAction":[{"@type":"SearchAction","target":{"@type":"EntryPoint","urlTemplate":"https:\/\/www.siare.it\/?s={search_term_string}"},"query-input":{"@type":"PropertyValueSpecification","valueRequired":true,"valueName":"search_term_string"}}],"inLanguage":"fr-FR"},{"@type":"Organization","@id":"https:\/\/www.siare.it\/#organization","name":"Siare","url":"https:\/\/www.siare.it\/","logo":{"@type":"ImageObject","inLanguage":"fr-FR","@id":"https:\/\/www.siare.it\/#\/schema\/logo\/image\/","url":"https:\/\/www.siare.it\/wp-content\/uploads\/2019\/03\/siare-logo-vettoriale-footer.png","contentUrl":"https:\/\/www.siare.it\/wp-content\/uploads\/2019\/03\/siare-logo-vettoriale-footer.png","width":150,"height":84,"caption":"Siare"},"image":{"@id":"https:\/\/www.siare.it\/#\/schema\/logo\/image\/"}}]}},"_links":{"self":[{"href":"https:\/\/www.siare.it\/fr\/wp-json\/wp\/v2\/product\/3575","targetHints":{"allow":["GET"]}}],"collection":[{"href":"https:\/\/www.siare.it\/fr\/wp-json\/wp\/v2\/product"}],"about":[{"href":"https:\/\/www.siare.it\/fr\/wp-json\/wp\/v2\/types\/product"}],"replies":[{"embeddable":true,"href":"https:\/\/www.siare.it\/fr\/wp-json\/wp\/v2\/comments?post=3575"}],"wp:featuredmedia":[{"embeddable":true,"href":"https:\/\/www.siare.it\/fr\/wp-json\/wp\/v2\/media\/4473"}],"wp:attachment":[{"href":"https:\/\/www.siare.it\/fr\/wp-json\/wp\/v2\/media?parent=3575"}],"wp:term":[{"taxonomy":"product_brand","embeddable":true,"href":"https:\/\/www.siare.it\/fr\/wp-json\/wp\/v2\/product_brand?post=3575"},{"taxonomy":"product_cat","embeddable":true,"href":"https:\/\/www.siare.it\/fr\/wp-json\/wp\/v2\/product_cat?post=3575"},{"taxonomy":"product_tag","embeddable":true,"href":"https:\/\/www.siare.it\/fr\/wp-json\/wp\/v2\/product_tag?post=3575"}],"curies":[{"name":"wp","href":"https:\/\/api.w.org\/{rel}","templated":true}]}}