{"id":3370,"date":"2019-07-24T15:10:45","date_gmt":"2019-07-24T13:10:45","guid":{"rendered":"http:\/\/www.siare.it\/?post_type=product&#038;p=3370"},"modified":"2025-03-11T10:15:28","modified_gmt":"2025-03-11T09:15:28","slug":"morpheus-nd","status":"publish","type":"product","link":"https:\/\/www.siare.it\/fr\/prodotto\/morpheus-nd\/","title":{"rendered":"Morpheus ND Hybrid"},"content":{"rendered":"<p>L&rsquo;appareil d&rsquo;anesth\u00e9sie Morpheus ND Hybrid est disponible avec:<\/p>\n<ul>\n<li>Syst\u00e8me hybride \u00e0 soufflet descendant<\/li>\n<\/ul>\n<p>Le syst\u00e8me hybride est le seul brevet\u00e9 et fournit un syst\u00e8me de turbine utilis\u00e9 comme force motrice du syst\u00e8me respiratoire primaire. De cette fa\u00e7on, les gaz m\u00e9dicaux ne sont utilis\u00e9s que pour les gaz frais. Cela permet de grandes \u00e9conomies sur le co\u00fbt de l&rsquo;oxyg\u00e8ne utilis\u00e9.<\/p>\n<p>Le Morpheus ND Hybrid est l&rsquo;appareil d&rsquo;anesth\u00e9sie par excellence, le plus s\u00fbr et le plus fonctionnel sur le march\u00e9 aujourd&rsquo;hui.<\/p>\n<p>Con\u00e7u pour durer dans le temps et avec toutes les conditions de s\u00e9curit\u00e9 n\u00e9cessaires au travail et \u00e0 l&rsquo;op\u00e9rateur.<br \/>\nPlus pr\u00e9cis\u00e9ment:<\/p>\n<ul>\n<li>Le syst\u00e8me de s\u00e9curit\u00e9 PROTOLOCK identifie une \u00e9ventuelle inversion de l&rsquo;entr\u00e9e de gaz, comme l&rsquo;oxyg\u00e8ne et le protoxyde<\/li>\n<li>Alimentation (avec turbine). Co\u00fbt de l&rsquo;oxyg\u00e8ne \u00e9gal \u00e0 z\u00e9ro<\/li>\n<li>Alimentation pneumatique avec double motorisation. Gr\u00e2ce \u00e0 deux moteurs primaires, en cas de panne la machine continue \u00e0 travailler avec le syst\u00e8me pneumatique.<\/li>\n<li>Toutes les commandes ont une double valve de contr\u00f4le<\/li>\n<li>Le circuit est enti\u00e8rement autoclavable et chauff\u00e9<\/li>\n<li>Avec seulement une \u00e9conomie d&rsquo;oxyg\u00e8ne, tous les co\u00fbts de la machine sont couverts!<\/li>\n<li>Morpheus ND Hybrid repr\u00e9sente un v\u00e9ritable investissement. En trois ans, les co\u00fbts sont amortis<\/li>\n<li>Sa petite taille, seulement 25 kg, le rend apte \u00e0 \u00eatre positionn\u00e9 m\u00eame sur une unit\u00e9 murale l\u00e9g\u00e8re<\/li>\n<\/ul>\n<h2>Accessoires optionnels<\/h2>\n<p><strong>05050: <\/strong>Chariot pour Morpheus ND Hybrid<\/p>\n<h2>Version<\/h2>\n<p><strong>MND.SE-T:<\/strong> Morpheus ND Hybrid unit\u00e9 d&rsquo;anesth\u00e9sie avec syst\u00e8me hybride \u00e0 soufflet descendant<\/p>\n","protected":false},"excerpt":{"rendered":"<p>Le Morpheus ND Hybrid repr\u00e9sente une v\u00e9ritable innovation dans le domaine de l&rsquo;anesth\u00e9sie, con\u00e7u avec l&rsquo;aide d&rsquo;anesth\u00e9sistes confirm\u00e9s.<\/p>\n","protected":false},"featured_media":4597,"comment_status":"closed","ping_status":"closed","template":"","meta":{"_acf_changed":false},"product_brand":[],"product_cat":[72,74],"product_tag":[],"class_list":{"0":"post-3370","1":"product","2":"type-product","3":"status-publish","4":"has-post-thumbnail","6":"product_cat-anesthesie","7":"product_cat-stations-de-travail-pour-anesthesie","9":"first","10":"instock","11":"shipping-taxable","12":"product-type-simple"},"acf":[],"yoast_head":"<!-- This site is optimized with the Yoast SEO plugin v25.3.1 - https:\/\/yoast.com\/wordpress\/plugins\/seo\/ -->\n<title>Morpheus ND Hybrid - Siare<\/title>\n<meta name=\"robots\" content=\"index, follow, max-snippet:-1, max-image-preview:large, max-video-preview:-1\" \/>\n<link rel=\"canonical\" href=\"https:\/\/www.siare.it\/prodotto\/morpheus-nd\/\" \/>\n<meta property=\"og:locale\" content=\"fr_FR\" \/>\n<meta property=\"og:type\" content=\"article\" \/>\n<meta property=\"og:title\" content=\"Morpheus ND Hybrid - Siare\" \/>\n<meta property=\"og:description\" content=\"Le Morpheus ND Hybrid repr\u00e9sente une v\u00e9ritable innovation dans le domaine de l&#039;anesth\u00e9sie, con\u00e7u avec l&#039;aide d&#039;anesth\u00e9sistes confirm\u00e9s.\" \/>\n<meta property=\"og:url\" content=\"https:\/\/www.siare.it\/prodotto\/morpheus-nd\/\" \/>\n<meta property=\"og:site_name\" content=\"Siare\" \/>\n<meta property=\"article:modified_time\" content=\"2025-03-11T09:15:28+00:00\" \/>\n<meta property=\"og:image\" content=\"https:\/\/www.siare.it\/wp-content\/uploads\/2019\/07\/morpheus-nd-1.png\" \/>\n\t<meta property=\"og:image:width\" content=\"1000\" \/>\n\t<meta property=\"og:image:height\" content=\"1000\" \/>\n\t<meta property=\"og:image:type\" content=\"image\/png\" \/>\n<meta name=\"twitter:card\" content=\"summary_large_image\" \/>\n<meta name=\"twitter:label1\" content=\"Dur\u00e9e de lecture estim\u00e9e\" \/>\n\t<meta name=\"twitter:data1\" content=\"2 minutes\" \/>\n<script type=\"application\/ld+json\" class=\"yoast-schema-graph\">{\"@context\":\"https:\/\/schema.org\",\"@graph\":[{\"@type\":\"WebPage\",\"@id\":\"https:\/\/www.siare.it\/prodotto\/morpheus-nd\/\",\"url\":\"https:\/\/www.siare.it\/prodotto\/morpheus-nd\/\",\"name\":\"Morpheus ND Hybrid - Siare\",\"isPartOf\":{\"@id\":\"https:\/\/www.siare.it\/#website\"},\"primaryImageOfPage\":{\"@id\":\"https:\/\/www.siare.it\/prodotto\/morpheus-nd\/#primaryimage\"},\"image\":{\"@id\":\"https:\/\/www.siare.it\/prodotto\/morpheus-nd\/#primaryimage\"},\"thumbnailUrl\":\"https:\/\/www.siare.it\/wp-content\/uploads\/2019\/07\/morpheus-nd-1.png\",\"datePublished\":\"2019-07-24T13:10:45+00:00\",\"dateModified\":\"2025-03-11T09:15:28+00:00\",\"breadcrumb\":{\"@id\":\"https:\/\/www.siare.it\/prodotto\/morpheus-nd\/#breadcrumb\"},\"inLanguage\":\"fr-FR\",\"potentialAction\":[{\"@type\":\"ReadAction\",\"target\":[\"https:\/\/www.siare.it\/prodotto\/morpheus-nd\/\"]}]},{\"@type\":\"ImageObject\",\"inLanguage\":\"fr-FR\",\"@id\":\"https:\/\/www.siare.it\/prodotto\/morpheus-nd\/#primaryimage\",\"url\":\"https:\/\/www.siare.it\/wp-content\/uploads\/2019\/07\/morpheus-nd-1.png\",\"contentUrl\":\"https:\/\/www.siare.it\/wp-content\/uploads\/2019\/07\/morpheus-nd-1.png\",\"width\":1000,\"height\":1000,\"caption\":\"morpheus nd\"},{\"@type\":\"BreadcrumbList\",\"@id\":\"https:\/\/www.siare.it\/prodotto\/morpheus-nd\/#breadcrumb\",\"itemListElement\":[{\"@type\":\"ListItem\",\"position\":1,\"name\":\"Home\",\"item\":\"https:\/\/www.siare.it\/fr\/\"},{\"@type\":\"ListItem\",\"position\":2,\"name\":\"Produits\",\"item\":\"https:\/\/www.siare.it\/prodotti\/\"},{\"@type\":\"ListItem\",\"position\":3,\"name\":\"Anesth\u00e9sie\",\"item\":\"https:\/\/www.siare.it\/categoria-prodotto\/anesthesie\/\"},{\"@type\":\"ListItem\",\"position\":4,\"name\":\"Stations de travail pour anesth\u00e9sie\",\"item\":\"https:\/\/www.siare.it\/categoria-prodotto\/anesthesie\/stations-de-travail-pour-anesthesie\/\"},{\"@type\":\"ListItem\",\"position\":5,\"name\":\"Morpheus ND Hybrid\"}]},{\"@type\":\"WebSite\",\"@id\":\"https:\/\/www.siare.it\/#website\",\"url\":\"https:\/\/www.siare.it\/\",\"name\":\"Siare\",\"description\":\"Leader nel campo dell\u2019automazione e della meccanica di alta precisione.\",\"publisher\":{\"@id\":\"https:\/\/www.siare.it\/#organization\"},\"potentialAction\":[{\"@type\":\"SearchAction\",\"target\":{\"@type\":\"EntryPoint\",\"urlTemplate\":\"https:\/\/www.siare.it\/?s={search_term_string}\"},\"query-input\":{\"@type\":\"PropertyValueSpecification\",\"valueRequired\":true,\"valueName\":\"search_term_string\"}}],\"inLanguage\":\"fr-FR\"},{\"@type\":\"Organization\",\"@id\":\"https:\/\/www.siare.it\/#organization\",\"name\":\"Siare\",\"url\":\"https:\/\/www.siare.it\/\",\"logo\":{\"@type\":\"ImageObject\",\"inLanguage\":\"fr-FR\",\"@id\":\"https:\/\/www.siare.it\/#\/schema\/logo\/image\/\",\"url\":\"https:\/\/www.siare.it\/wp-content\/uploads\/2019\/03\/siare-logo-vettoriale-footer.png\",\"contentUrl\":\"https:\/\/www.siare.it\/wp-content\/uploads\/2019\/03\/siare-logo-vettoriale-footer.png\",\"width\":150,\"height\":84,\"caption\":\"Siare\"},\"image\":{\"@id\":\"https:\/\/www.siare.it\/#\/schema\/logo\/image\/\"}}]}<\/script>\n<!-- \/ Yoast SEO plugin. -->","yoast_head_json":{"title":"Morpheus ND Hybrid - Siare","robots":{"index":"index","follow":"follow","max-snippet":"max-snippet:-1","max-image-preview":"max-image-preview:large","max-video-preview":"max-video-preview:-1"},"canonical":"https:\/\/www.siare.it\/prodotto\/morpheus-nd\/","og_locale":"fr_FR","og_type":"article","og_title":"Morpheus ND Hybrid - Siare","og_description":"Le Morpheus ND Hybrid repr\u00e9sente une v\u00e9ritable innovation dans le domaine de l'anesth\u00e9sie, con\u00e7u avec l'aide d'anesth\u00e9sistes confirm\u00e9s.","og_url":"https:\/\/www.siare.it\/prodotto\/morpheus-nd\/","og_site_name":"Siare","article_modified_time":"2025-03-11T09:15:28+00:00","og_image":[{"width":1000,"height":1000,"url":"https:\/\/www.siare.it\/wp-content\/uploads\/2019\/07\/morpheus-nd-1.png","type":"image\/png"}],"twitter_card":"summary_large_image","twitter_misc":{"Dur\u00e9e de lecture estim\u00e9e":"2 minutes"},"schema":{"@context":"https:\/\/schema.org","@graph":[{"@type":"WebPage","@id":"https:\/\/www.siare.it\/prodotto\/morpheus-nd\/","url":"https:\/\/www.siare.it\/prodotto\/morpheus-nd\/","name":"Morpheus ND Hybrid - Siare","isPartOf":{"@id":"https:\/\/www.siare.it\/#website"},"primaryImageOfPage":{"@id":"https:\/\/www.siare.it\/prodotto\/morpheus-nd\/#primaryimage"},"image":{"@id":"https:\/\/www.siare.it\/prodotto\/morpheus-nd\/#primaryimage"},"thumbnailUrl":"https:\/\/www.siare.it\/wp-content\/uploads\/2019\/07\/morpheus-nd-1.png","datePublished":"2019-07-24T13:10:45+00:00","dateModified":"2025-03-11T09:15:28+00:00","breadcrumb":{"@id":"https:\/\/www.siare.it\/prodotto\/morpheus-nd\/#breadcrumb"},"inLanguage":"fr-FR","potentialAction":[{"@type":"ReadAction","target":["https:\/\/www.siare.it\/prodotto\/morpheus-nd\/"]}]},{"@type":"ImageObject","inLanguage":"fr-FR","@id":"https:\/\/www.siare.it\/prodotto\/morpheus-nd\/#primaryimage","url":"https:\/\/www.siare.it\/wp-content\/uploads\/2019\/07\/morpheus-nd-1.png","contentUrl":"https:\/\/www.siare.it\/wp-content\/uploads\/2019\/07\/morpheus-nd-1.png","width":1000,"height":1000,"caption":"morpheus nd"},{"@type":"BreadcrumbList","@id":"https:\/\/www.siare.it\/prodotto\/morpheus-nd\/#breadcrumb","itemListElement":[{"@type":"ListItem","position":1,"name":"Home","item":"https:\/\/www.siare.it\/fr\/"},{"@type":"ListItem","position":2,"name":"Produits","item":"https:\/\/www.siare.it\/prodotti\/"},{"@type":"ListItem","position":3,"name":"Anesth\u00e9sie","item":"https:\/\/www.siare.it\/categoria-prodotto\/anesthesie\/"},{"@type":"ListItem","position":4,"name":"Stations de travail pour anesth\u00e9sie","item":"https:\/\/www.siare.it\/categoria-prodotto\/anesthesie\/stations-de-travail-pour-anesthesie\/"},{"@type":"ListItem","position":5,"name":"Morpheus ND Hybrid"}]},{"@type":"WebSite","@id":"https:\/\/www.siare.it\/#website","url":"https:\/\/www.siare.it\/","name":"Siare","description":"Leader nel campo dell\u2019automazione e della meccanica di alta precisione.","publisher":{"@id":"https:\/\/www.siare.it\/#organization"},"potentialAction":[{"@type":"SearchAction","target":{"@type":"EntryPoint","urlTemplate":"https:\/\/www.siare.it\/?s={search_term_string}"},"query-input":{"@type":"PropertyValueSpecification","valueRequired":true,"valueName":"search_term_string"}}],"inLanguage":"fr-FR"},{"@type":"Organization","@id":"https:\/\/www.siare.it\/#organization","name":"Siare","url":"https:\/\/www.siare.it\/","logo":{"@type":"ImageObject","inLanguage":"fr-FR","@id":"https:\/\/www.siare.it\/#\/schema\/logo\/image\/","url":"https:\/\/www.siare.it\/wp-content\/uploads\/2019\/03\/siare-logo-vettoriale-footer.png","contentUrl":"https:\/\/www.siare.it\/wp-content\/uploads\/2019\/03\/siare-logo-vettoriale-footer.png","width":150,"height":84,"caption":"Siare"},"image":{"@id":"https:\/\/www.siare.it\/#\/schema\/logo\/image\/"}}]}},"_links":{"self":[{"href":"https:\/\/www.siare.it\/fr\/wp-json\/wp\/v2\/product\/3370","targetHints":{"allow":["GET"]}}],"collection":[{"href":"https:\/\/www.siare.it\/fr\/wp-json\/wp\/v2\/product"}],"about":[{"href":"https:\/\/www.siare.it\/fr\/wp-json\/wp\/v2\/types\/product"}],"replies":[{"embeddable":true,"href":"https:\/\/www.siare.it\/fr\/wp-json\/wp\/v2\/comments?post=3370"}],"wp:featuredmedia":[{"embeddable":true,"href":"https:\/\/www.siare.it\/fr\/wp-json\/wp\/v2\/media\/4597"}],"wp:attachment":[{"href":"https:\/\/www.siare.it\/fr\/wp-json\/wp\/v2\/media?parent=3370"}],"wp:term":[{"taxonomy":"product_brand","embeddable":true,"href":"https:\/\/www.siare.it\/fr\/wp-json\/wp\/v2\/product_brand?post=3370"},{"taxonomy":"product_cat","embeddable":true,"href":"https:\/\/www.siare.it\/fr\/wp-json\/wp\/v2\/product_cat?post=3370"},{"taxonomy":"product_tag","embeddable":true,"href":"https:\/\/www.siare.it\/fr\/wp-json\/wp\/v2\/product_tag?post=3370"}],"curies":[{"name":"wp","href":"https:\/\/api.w.org\/{rel}","templated":true}]}}