{"id":2682,"date":"2019-03-18T15:14:35","date_gmt":"2019-03-18T14:14:35","guid":{"rendered":"http:\/\/siarenew.sviluppo.host\/prodotto\/sirio-baby-200-2\/"},"modified":"2025-01-23T14:17:46","modified_gmt":"2025-01-23T13:17:46","slug":"sirio-baby-200","status":"publish","type":"product","link":"https:\/\/www.siare.it\/fr\/prodotto\/sirio-baby-200\/","title":{"rendered":"SIRIO BABY 200"},"content":{"rendered":"<p>L\u2019haute technologie combin\u00e9e avec des r\u00e9glages simples et intuitifs, rend ce respirateur fiable et facile \u00e0 utiliser.<br \/>\nLe nouveau respirateur Sirio\u00a0Baby 200\u00a0comprend le spirom\u00e8tre de s\u00e9rie, il utilise une double alimentation d\u2019oxyg\u00e8ne et aire pour r\u00e9gler la FiO2 de 21% \u00e0 100%, et il est \u00e9quip\u00e9 de batterie de longue dur\u00e9e.<\/p>\n<h2>Versions<\/h2>\n<p><strong>09637<\/strong> Sirio Baby 200<\/p>\n","protected":false},"excerpt":{"rendered":"<p>Le nouveau respirateur Sirio Baby 200 a \u00e9t\u00e9 con\u00e7u pour la ventilation pulmonaire de nouveaux-n\u00e9s de poids &lt; 3 Kg .<br \/>\nSon ergonomie rend ce respirateur id\u00e9al en combinaison avec l\u2019 incubatrice de transport ou en Soins Intensifs n\u00e9onatale.<\/p>\n","protected":false},"featured_media":2085,"comment_status":"closed","ping_status":"closed","template":"","meta":{"_acf_changed":false},"product_brand":[],"product_cat":[46,79],"product_tag":[],"class_list":{"0":"post-2682","1":"product","2":"type-product","3":"status-publish","4":"has-post-thumbnail","6":"product_cat-ventilateurs-pulmonaires","7":"product_cat-urgence","9":"first","10":"instock","11":"shipping-taxable","12":"product-type-simple"},"acf":[],"yoast_head":"<!-- This site is optimized with the Yoast SEO plugin v25.3.1 - https:\/\/yoast.com\/wordpress\/plugins\/seo\/ -->\n<title>SIRIO BABY 200 - Siare<\/title>\n<meta name=\"robots\" content=\"index, follow, max-snippet:-1, max-image-preview:large, max-video-preview:-1\" \/>\n<link rel=\"canonical\" href=\"https:\/\/www.siare.it\/prodotto\/sirio-baby-200\/\" \/>\n<meta property=\"og:locale\" content=\"fr_FR\" \/>\n<meta property=\"og:type\" content=\"article\" \/>\n<meta property=\"og:title\" content=\"SIRIO BABY 200 - Siare\" \/>\n<meta property=\"og:description\" content=\"Le nouveau respirateur Sirio Baby 200 a \u00e9t\u00e9 con\u00e7u pour la ventilation pulmonaire de nouveaux-n\u00e9s de poids &lt; 3 Kg . Son ergonomie rend ce respirateur id\u00e9al en combinaison avec l\u2019 incubatrice de transport ou en Soins Intensifs n\u00e9onatale.\" \/>\n<meta property=\"og:url\" content=\"https:\/\/www.siare.it\/prodotto\/sirio-baby-200\/\" \/>\n<meta property=\"og:site_name\" content=\"Siare\" \/>\n<meta property=\"article:modified_time\" content=\"2025-01-23T13:17:46+00:00\" \/>\n<meta property=\"og:image\" content=\"https:\/\/www.siare.it\/wp-content\/uploads\/2019\/02\/SIRIO-BABY-1.jpg\" \/>\n\t<meta property=\"og:image:width\" content=\"1000\" \/>\n\t<meta property=\"og:image:height\" content=\"1000\" \/>\n\t<meta property=\"og:image:type\" content=\"image\/jpeg\" \/>\n<meta name=\"twitter:card\" content=\"summary_large_image\" \/>\n<meta name=\"twitter:label1\" content=\"Dur\u00e9e de lecture estim\u00e9e\" \/>\n\t<meta name=\"twitter:data1\" content=\"1 minute\" \/>\n<script type=\"application\/ld+json\" class=\"yoast-schema-graph\">{\"@context\":\"https:\/\/schema.org\",\"@graph\":[{\"@type\":\"WebPage\",\"@id\":\"https:\/\/www.siare.it\/prodotto\/sirio-baby-200\/\",\"url\":\"https:\/\/www.siare.it\/prodotto\/sirio-baby-200\/\",\"name\":\"SIRIO BABY 200 - Siare\",\"isPartOf\":{\"@id\":\"https:\/\/www.siare.it\/#website\"},\"primaryImageOfPage\":{\"@id\":\"https:\/\/www.siare.it\/prodotto\/sirio-baby-200\/#primaryimage\"},\"image\":{\"@id\":\"https:\/\/www.siare.it\/prodotto\/sirio-baby-200\/#primaryimage\"},\"thumbnailUrl\":\"https:\/\/www.siare.it\/wp-content\/uploads\/2019\/02\/SIRIO-BABY-1.jpg\",\"datePublished\":\"2019-03-18T14:14:35+00:00\",\"dateModified\":\"2025-01-23T13:17:46+00:00\",\"breadcrumb\":{\"@id\":\"https:\/\/www.siare.it\/prodotto\/sirio-baby-200\/#breadcrumb\"},\"inLanguage\":\"fr-FR\",\"potentialAction\":[{\"@type\":\"ReadAction\",\"target\":[\"https:\/\/www.siare.it\/prodotto\/sirio-baby-200\/\"]}]},{\"@type\":\"ImageObject\",\"inLanguage\":\"fr-FR\",\"@id\":\"https:\/\/www.siare.it\/prodotto\/sirio-baby-200\/#primaryimage\",\"url\":\"https:\/\/www.siare.it\/wp-content\/uploads\/2019\/02\/SIRIO-BABY-1.jpg\",\"contentUrl\":\"https:\/\/www.siare.it\/wp-content\/uploads\/2019\/02\/SIRIO-BABY-1.jpg\",\"width\":1000,\"height\":1000},{\"@type\":\"BreadcrumbList\",\"@id\":\"https:\/\/www.siare.it\/prodotto\/sirio-baby-200\/#breadcrumb\",\"itemListElement\":[{\"@type\":\"ListItem\",\"position\":1,\"name\":\"Home\",\"item\":\"https:\/\/www.siare.it\/fr\/\"},{\"@type\":\"ListItem\",\"position\":2,\"name\":\"Produits\",\"item\":\"https:\/\/www.siare.it\/prodotti\/\"},{\"@type\":\"ListItem\",\"position\":3,\"name\":\"Ventilateurs Pulmonaires\",\"item\":\"https:\/\/www.siare.it\/categoria-prodotto\/ventilateurs-pulmonaires\/\"},{\"@type\":\"ListItem\",\"position\":4,\"name\":\"Urgence\",\"item\":\"https:\/\/www.siare.it\/categoria-prodotto\/ventilateurs-pulmonaires\/urgence\/\"},{\"@type\":\"ListItem\",\"position\":5,\"name\":\"SIRIO BABY 200\"}]},{\"@type\":\"WebSite\",\"@id\":\"https:\/\/www.siare.it\/#website\",\"url\":\"https:\/\/www.siare.it\/\",\"name\":\"Siare\",\"description\":\"Leader nel campo dell\u2019automazione e della meccanica di alta precisione.\",\"publisher\":{\"@id\":\"https:\/\/www.siare.it\/#organization\"},\"potentialAction\":[{\"@type\":\"SearchAction\",\"target\":{\"@type\":\"EntryPoint\",\"urlTemplate\":\"https:\/\/www.siare.it\/?s={search_term_string}\"},\"query-input\":{\"@type\":\"PropertyValueSpecification\",\"valueRequired\":true,\"valueName\":\"search_term_string\"}}],\"inLanguage\":\"fr-FR\"},{\"@type\":\"Organization\",\"@id\":\"https:\/\/www.siare.it\/#organization\",\"name\":\"Siare\",\"url\":\"https:\/\/www.siare.it\/\",\"logo\":{\"@type\":\"ImageObject\",\"inLanguage\":\"fr-FR\",\"@id\":\"https:\/\/www.siare.it\/#\/schema\/logo\/image\/\",\"url\":\"https:\/\/www.siare.it\/wp-content\/uploads\/2019\/03\/siare-logo-vettoriale-footer.png\",\"contentUrl\":\"https:\/\/www.siare.it\/wp-content\/uploads\/2019\/03\/siare-logo-vettoriale-footer.png\",\"width\":150,\"height\":84,\"caption\":\"Siare\"},\"image\":{\"@id\":\"https:\/\/www.siare.it\/#\/schema\/logo\/image\/\"}}]}<\/script>\n<!-- \/ Yoast SEO plugin. -->","yoast_head_json":{"title":"SIRIO BABY 200 - Siare","robots":{"index":"index","follow":"follow","max-snippet":"max-snippet:-1","max-image-preview":"max-image-preview:large","max-video-preview":"max-video-preview:-1"},"canonical":"https:\/\/www.siare.it\/prodotto\/sirio-baby-200\/","og_locale":"fr_FR","og_type":"article","og_title":"SIRIO BABY 200 - Siare","og_description":"Le nouveau respirateur Sirio Baby 200 a \u00e9t\u00e9 con\u00e7u pour la ventilation pulmonaire de nouveaux-n\u00e9s de poids &lt; 3 Kg . Son ergonomie rend ce respirateur id\u00e9al en combinaison avec l\u2019 incubatrice de transport ou en Soins Intensifs n\u00e9onatale.","og_url":"https:\/\/www.siare.it\/prodotto\/sirio-baby-200\/","og_site_name":"Siare","article_modified_time":"2025-01-23T13:17:46+00:00","og_image":[{"width":1000,"height":1000,"url":"https:\/\/www.siare.it\/wp-content\/uploads\/2019\/02\/SIRIO-BABY-1.jpg","type":"image\/jpeg"}],"twitter_card":"summary_large_image","twitter_misc":{"Dur\u00e9e de lecture estim\u00e9e":"1 minute"},"schema":{"@context":"https:\/\/schema.org","@graph":[{"@type":"WebPage","@id":"https:\/\/www.siare.it\/prodotto\/sirio-baby-200\/","url":"https:\/\/www.siare.it\/prodotto\/sirio-baby-200\/","name":"SIRIO BABY 200 - Siare","isPartOf":{"@id":"https:\/\/www.siare.it\/#website"},"primaryImageOfPage":{"@id":"https:\/\/www.siare.it\/prodotto\/sirio-baby-200\/#primaryimage"},"image":{"@id":"https:\/\/www.siare.it\/prodotto\/sirio-baby-200\/#primaryimage"},"thumbnailUrl":"https:\/\/www.siare.it\/wp-content\/uploads\/2019\/02\/SIRIO-BABY-1.jpg","datePublished":"2019-03-18T14:14:35+00:00","dateModified":"2025-01-23T13:17:46+00:00","breadcrumb":{"@id":"https:\/\/www.siare.it\/prodotto\/sirio-baby-200\/#breadcrumb"},"inLanguage":"fr-FR","potentialAction":[{"@type":"ReadAction","target":["https:\/\/www.siare.it\/prodotto\/sirio-baby-200\/"]}]},{"@type":"ImageObject","inLanguage":"fr-FR","@id":"https:\/\/www.siare.it\/prodotto\/sirio-baby-200\/#primaryimage","url":"https:\/\/www.siare.it\/wp-content\/uploads\/2019\/02\/SIRIO-BABY-1.jpg","contentUrl":"https:\/\/www.siare.it\/wp-content\/uploads\/2019\/02\/SIRIO-BABY-1.jpg","width":1000,"height":1000},{"@type":"BreadcrumbList","@id":"https:\/\/www.siare.it\/prodotto\/sirio-baby-200\/#breadcrumb","itemListElement":[{"@type":"ListItem","position":1,"name":"Home","item":"https:\/\/www.siare.it\/fr\/"},{"@type":"ListItem","position":2,"name":"Produits","item":"https:\/\/www.siare.it\/prodotti\/"},{"@type":"ListItem","position":3,"name":"Ventilateurs Pulmonaires","item":"https:\/\/www.siare.it\/categoria-prodotto\/ventilateurs-pulmonaires\/"},{"@type":"ListItem","position":4,"name":"Urgence","item":"https:\/\/www.siare.it\/categoria-prodotto\/ventilateurs-pulmonaires\/urgence\/"},{"@type":"ListItem","position":5,"name":"SIRIO BABY 200"}]},{"@type":"WebSite","@id":"https:\/\/www.siare.it\/#website","url":"https:\/\/www.siare.it\/","name":"Siare","description":"Leader nel campo dell\u2019automazione e della meccanica di alta precisione.","publisher":{"@id":"https:\/\/www.siare.it\/#organization"},"potentialAction":[{"@type":"SearchAction","target":{"@type":"EntryPoint","urlTemplate":"https:\/\/www.siare.it\/?s={search_term_string}"},"query-input":{"@type":"PropertyValueSpecification","valueRequired":true,"valueName":"search_term_string"}}],"inLanguage":"fr-FR"},{"@type":"Organization","@id":"https:\/\/www.siare.it\/#organization","name":"Siare","url":"https:\/\/www.siare.it\/","logo":{"@type":"ImageObject","inLanguage":"fr-FR","@id":"https:\/\/www.siare.it\/#\/schema\/logo\/image\/","url":"https:\/\/www.siare.it\/wp-content\/uploads\/2019\/03\/siare-logo-vettoriale-footer.png","contentUrl":"https:\/\/www.siare.it\/wp-content\/uploads\/2019\/03\/siare-logo-vettoriale-footer.png","width":150,"height":84,"caption":"Siare"},"image":{"@id":"https:\/\/www.siare.it\/#\/schema\/logo\/image\/"}}]}},"_links":{"self":[{"href":"https:\/\/www.siare.it\/fr\/wp-json\/wp\/v2\/product\/2682","targetHints":{"allow":["GET"]}}],"collection":[{"href":"https:\/\/www.siare.it\/fr\/wp-json\/wp\/v2\/product"}],"about":[{"href":"https:\/\/www.siare.it\/fr\/wp-json\/wp\/v2\/types\/product"}],"replies":[{"embeddable":true,"href":"https:\/\/www.siare.it\/fr\/wp-json\/wp\/v2\/comments?post=2682"}],"wp:featuredmedia":[{"embeddable":true,"href":"https:\/\/www.siare.it\/fr\/wp-json\/wp\/v2\/media\/2085"}],"wp:attachment":[{"href":"https:\/\/www.siare.it\/fr\/wp-json\/wp\/v2\/media?parent=2682"}],"wp:term":[{"taxonomy":"product_brand","embeddable":true,"href":"https:\/\/www.siare.it\/fr\/wp-json\/wp\/v2\/product_brand?post=2682"},{"taxonomy":"product_cat","embeddable":true,"href":"https:\/\/www.siare.it\/fr\/wp-json\/wp\/v2\/product_cat?post=2682"},{"taxonomy":"product_tag","embeddable":true,"href":"https:\/\/www.siare.it\/fr\/wp-json\/wp\/v2\/product_tag?post=2682"}],"curies":[{"name":"wp","href":"https:\/\/api.w.org\/{rel}","templated":true}]}}