{"id":1866,"date":"2019-02-18T14:14:06","date_gmt":"2019-02-18T13:14:06","guid":{"rendered":"http:\/\/siarenew.sviluppo.host\/?post_type=product&#038;p=1866"},"modified":"2022-11-03T10:45:20","modified_gmt":"2022-11-03T09:45:20","slug":"siaretron-1000-iper","status":"publish","type":"product","link":"https:\/\/www.siare.it\/fr\/prodotto\/siaretron-1000-iper\/","title":{"rendered":"SIARETRON 1000 IPER"},"content":{"rendered":"<p>Grace \u00e0 une exp\u00e9rience de 20 ans dans le traitement respiratoire des patients en caisson hyperbare d\u00e8s 0 \u00e0 60 m\u00e8tres de profondeur, le nouveau SIARETRON IPER arrive \u00e0 sa 6\u00e8me g\u00e9n\u00e9ration.<br \/>\nLe ventilateur est capable de compenser le volume courant avec un d\u00e9bit max. de 240 lt\/min. Peut \u00eatre utilis\u00e9 avec patient adultes, enfant et nouveaux n\u00e9s gr\u00e2ce \u00e0 la possibilit\u00e9 de r\u00e9glage du volume courant d\u00e8s 2 \u00e0 3000 ml, PEEP r\u00e9glable jusqu&rsquo;\u00e0 50 cmH2O et flow by continu pour la compensation des fuites<br \/>\nNouveau trigger \u00e0 d\u00e9bit avec sensibilit\u00e9 \u00e9lev\u00e9e pour r\u00e9duire l&rsquo;effort du patient et faciliter l&rsquo;\u00e9limination de la CO2. Nouveau \u00e9cran \u00e0 touchscreen 10.4&Prime; qui permet la visualisation jusqu&rsquo;\u00e0 5 courbes respiratoires \u00e0 la fois. Petite taille et l\u00e9ger, avec nouvelle batterie int\u00e9gr\u00e9e herm\u00e9tique<br \/>\nLa grande innovation est la pr\u00e9disposition pour l&rsquo;utilisation du gaz Heliox avec control et affichage relatif sur l&rsquo;\u00e9cran.<br \/>\nLe Siaretron 1000 IPER est le seul ventilateur \u00e9lectronique pulmonaire express\u00e9ment con\u00e7u pour le fonctionnement en chambre hyperbare.<\/p>\n<h2>Versions<\/h2>\n<p><strong>960104<\/strong>: SIARETRON 1000 IPER<\/p>\n","protected":false},"excerpt":{"rendered":"<p>Le Siaretron 1000 IPER est le seul ventilateur \u00e9lectronique pulmonaire express\u00e9ment con\u00e7u pour le fonctionnement en chambre hyperbare.<\/p>\n","protected":false},"featured_media":4501,"comment_status":"closed","ping_status":"closed","template":"","meta":{"_acf_changed":false},"product_brand":[],"product_cat":[46,78],"product_tag":[],"class_list":{"0":"post-1866","1":"product","2":"type-product","3":"status-publish","4":"has-post-thumbnail","6":"product_cat-ventilateurs-pulmonaires","7":"product_cat-hyperbare","9":"first","10":"instock","11":"shipping-taxable","12":"product-type-simple"},"acf":[],"yoast_head":"<!-- This site is optimized with the Yoast SEO plugin v25.3.1 - https:\/\/yoast.com\/wordpress\/plugins\/seo\/ -->\n<title>SIARETRON 1000 IPER - Siare<\/title>\n<meta name=\"robots\" content=\"index, follow, max-snippet:-1, max-image-preview:large, max-video-preview:-1\" \/>\n<link rel=\"canonical\" href=\"https:\/\/www.siare.it\/prodotto\/siaretron-1000-iper\/\" \/>\n<meta property=\"og:locale\" content=\"fr_FR\" \/>\n<meta property=\"og:type\" content=\"article\" \/>\n<meta property=\"og:title\" content=\"SIARETRON 1000 IPER - Siare\" \/>\n<meta property=\"og:description\" content=\"Le Siaretron 1000 IPER est le seul ventilateur \u00e9lectronique pulmonaire express\u00e9ment con\u00e7u pour le fonctionnement en chambre hyperbare.\" \/>\n<meta property=\"og:url\" content=\"https:\/\/www.siare.it\/prodotto\/siaretron-1000-iper\/\" \/>\n<meta property=\"og:site_name\" content=\"Siare\" \/>\n<meta property=\"article:modified_time\" content=\"2022-11-03T09:45:20+00:00\" \/>\n<meta property=\"og:image\" content=\"https:\/\/www.siare.it\/wp-content\/uploads\/2019\/02\/siaretron-1000-iper.png\" \/>\n\t<meta property=\"og:image:width\" content=\"1000\" \/>\n\t<meta property=\"og:image:height\" content=\"1000\" \/>\n\t<meta property=\"og:image:type\" content=\"image\/png\" \/>\n<meta name=\"twitter:card\" content=\"summary_large_image\" \/>\n<meta name=\"twitter:label1\" content=\"Dur\u00e9e de lecture estim\u00e9e\" \/>\n\t<meta name=\"twitter:data1\" content=\"1 minute\" \/>\n<script type=\"application\/ld+json\" class=\"yoast-schema-graph\">{\"@context\":\"https:\/\/schema.org\",\"@graph\":[{\"@type\":\"WebPage\",\"@id\":\"https:\/\/www.siare.it\/prodotto\/siaretron-1000-iper\/\",\"url\":\"https:\/\/www.siare.it\/prodotto\/siaretron-1000-iper\/\",\"name\":\"SIARETRON 1000 IPER - Siare\",\"isPartOf\":{\"@id\":\"https:\/\/www.siare.it\/#website\"},\"primaryImageOfPage\":{\"@id\":\"https:\/\/www.siare.it\/prodotto\/siaretron-1000-iper\/#primaryimage\"},\"image\":{\"@id\":\"https:\/\/www.siare.it\/prodotto\/siaretron-1000-iper\/#primaryimage\"},\"thumbnailUrl\":\"https:\/\/www.siare.it\/wp-content\/uploads\/2019\/02\/siaretron-1000-iper.png\",\"datePublished\":\"2019-02-18T13:14:06+00:00\",\"dateModified\":\"2022-11-03T09:45:20+00:00\",\"breadcrumb\":{\"@id\":\"https:\/\/www.siare.it\/prodotto\/siaretron-1000-iper\/#breadcrumb\"},\"inLanguage\":\"fr-FR\",\"potentialAction\":[{\"@type\":\"ReadAction\",\"target\":[\"https:\/\/www.siare.it\/prodotto\/siaretron-1000-iper\/\"]}]},{\"@type\":\"ImageObject\",\"inLanguage\":\"fr-FR\",\"@id\":\"https:\/\/www.siare.it\/prodotto\/siaretron-1000-iper\/#primaryimage\",\"url\":\"https:\/\/www.siare.it\/wp-content\/uploads\/2019\/02\/siaretron-1000-iper.png\",\"contentUrl\":\"https:\/\/www.siare.it\/wp-content\/uploads\/2019\/02\/siaretron-1000-iper.png\",\"width\":1000,\"height\":1000,\"caption\":\"Siaretron 1000 Iper\"},{\"@type\":\"BreadcrumbList\",\"@id\":\"https:\/\/www.siare.it\/prodotto\/siaretron-1000-iper\/#breadcrumb\",\"itemListElement\":[{\"@type\":\"ListItem\",\"position\":1,\"name\":\"Home\",\"item\":\"https:\/\/www.siare.it\/fr\/\"},{\"@type\":\"ListItem\",\"position\":2,\"name\":\"Produits\",\"item\":\"https:\/\/www.siare.it\/prodotti\/\"},{\"@type\":\"ListItem\",\"position\":3,\"name\":\"Ventilateurs Pulmonaires\",\"item\":\"https:\/\/www.siare.it\/categoria-prodotto\/ventilateurs-pulmonaires\/\"},{\"@type\":\"ListItem\",\"position\":4,\"name\":\"Hyperbare\",\"item\":\"https:\/\/www.siare.it\/categoria-prodotto\/ventilateurs-pulmonaires\/hyperbare\/\"},{\"@type\":\"ListItem\",\"position\":5,\"name\":\"SIARETRON 1000 IPER\"}]},{\"@type\":\"WebSite\",\"@id\":\"https:\/\/www.siare.it\/#website\",\"url\":\"https:\/\/www.siare.it\/\",\"name\":\"Siare\",\"description\":\"Leader nel campo dell\u2019automazione e della meccanica di alta precisione.\",\"publisher\":{\"@id\":\"https:\/\/www.siare.it\/#organization\"},\"potentialAction\":[{\"@type\":\"SearchAction\",\"target\":{\"@type\":\"EntryPoint\",\"urlTemplate\":\"https:\/\/www.siare.it\/?s={search_term_string}\"},\"query-input\":{\"@type\":\"PropertyValueSpecification\",\"valueRequired\":true,\"valueName\":\"search_term_string\"}}],\"inLanguage\":\"fr-FR\"},{\"@type\":\"Organization\",\"@id\":\"https:\/\/www.siare.it\/#organization\",\"name\":\"Siare\",\"url\":\"https:\/\/www.siare.it\/\",\"logo\":{\"@type\":\"ImageObject\",\"inLanguage\":\"fr-FR\",\"@id\":\"https:\/\/www.siare.it\/#\/schema\/logo\/image\/\",\"url\":\"https:\/\/www.siare.it\/wp-content\/uploads\/2019\/03\/siare-logo-vettoriale-footer.png\",\"contentUrl\":\"https:\/\/www.siare.it\/wp-content\/uploads\/2019\/03\/siare-logo-vettoriale-footer.png\",\"width\":150,\"height\":84,\"caption\":\"Siare\"},\"image\":{\"@id\":\"https:\/\/www.siare.it\/#\/schema\/logo\/image\/\"}}]}<\/script>\n<!-- \/ Yoast SEO plugin. -->","yoast_head_json":{"title":"SIARETRON 1000 IPER - Siare","robots":{"index":"index","follow":"follow","max-snippet":"max-snippet:-1","max-image-preview":"max-image-preview:large","max-video-preview":"max-video-preview:-1"},"canonical":"https:\/\/www.siare.it\/prodotto\/siaretron-1000-iper\/","og_locale":"fr_FR","og_type":"article","og_title":"SIARETRON 1000 IPER - Siare","og_description":"Le Siaretron 1000 IPER est le seul ventilateur \u00e9lectronique pulmonaire express\u00e9ment con\u00e7u pour le fonctionnement en chambre hyperbare.","og_url":"https:\/\/www.siare.it\/prodotto\/siaretron-1000-iper\/","og_site_name":"Siare","article_modified_time":"2022-11-03T09:45:20+00:00","og_image":[{"width":1000,"height":1000,"url":"https:\/\/www.siare.it\/wp-content\/uploads\/2019\/02\/siaretron-1000-iper.png","type":"image\/png"}],"twitter_card":"summary_large_image","twitter_misc":{"Dur\u00e9e de lecture estim\u00e9e":"1 minute"},"schema":{"@context":"https:\/\/schema.org","@graph":[{"@type":"WebPage","@id":"https:\/\/www.siare.it\/prodotto\/siaretron-1000-iper\/","url":"https:\/\/www.siare.it\/prodotto\/siaretron-1000-iper\/","name":"SIARETRON 1000 IPER - Siare","isPartOf":{"@id":"https:\/\/www.siare.it\/#website"},"primaryImageOfPage":{"@id":"https:\/\/www.siare.it\/prodotto\/siaretron-1000-iper\/#primaryimage"},"image":{"@id":"https:\/\/www.siare.it\/prodotto\/siaretron-1000-iper\/#primaryimage"},"thumbnailUrl":"https:\/\/www.siare.it\/wp-content\/uploads\/2019\/02\/siaretron-1000-iper.png","datePublished":"2019-02-18T13:14:06+00:00","dateModified":"2022-11-03T09:45:20+00:00","breadcrumb":{"@id":"https:\/\/www.siare.it\/prodotto\/siaretron-1000-iper\/#breadcrumb"},"inLanguage":"fr-FR","potentialAction":[{"@type":"ReadAction","target":["https:\/\/www.siare.it\/prodotto\/siaretron-1000-iper\/"]}]},{"@type":"ImageObject","inLanguage":"fr-FR","@id":"https:\/\/www.siare.it\/prodotto\/siaretron-1000-iper\/#primaryimage","url":"https:\/\/www.siare.it\/wp-content\/uploads\/2019\/02\/siaretron-1000-iper.png","contentUrl":"https:\/\/www.siare.it\/wp-content\/uploads\/2019\/02\/siaretron-1000-iper.png","width":1000,"height":1000,"caption":"Siaretron 1000 Iper"},{"@type":"BreadcrumbList","@id":"https:\/\/www.siare.it\/prodotto\/siaretron-1000-iper\/#breadcrumb","itemListElement":[{"@type":"ListItem","position":1,"name":"Home","item":"https:\/\/www.siare.it\/fr\/"},{"@type":"ListItem","position":2,"name":"Produits","item":"https:\/\/www.siare.it\/prodotti\/"},{"@type":"ListItem","position":3,"name":"Ventilateurs Pulmonaires","item":"https:\/\/www.siare.it\/categoria-prodotto\/ventilateurs-pulmonaires\/"},{"@type":"ListItem","position":4,"name":"Hyperbare","item":"https:\/\/www.siare.it\/categoria-prodotto\/ventilateurs-pulmonaires\/hyperbare\/"},{"@type":"ListItem","position":5,"name":"SIARETRON 1000 IPER"}]},{"@type":"WebSite","@id":"https:\/\/www.siare.it\/#website","url":"https:\/\/www.siare.it\/","name":"Siare","description":"Leader nel campo dell\u2019automazione e della meccanica di alta precisione.","publisher":{"@id":"https:\/\/www.siare.it\/#organization"},"potentialAction":[{"@type":"SearchAction","target":{"@type":"EntryPoint","urlTemplate":"https:\/\/www.siare.it\/?s={search_term_string}"},"query-input":{"@type":"PropertyValueSpecification","valueRequired":true,"valueName":"search_term_string"}}],"inLanguage":"fr-FR"},{"@type":"Organization","@id":"https:\/\/www.siare.it\/#organization","name":"Siare","url":"https:\/\/www.siare.it\/","logo":{"@type":"ImageObject","inLanguage":"fr-FR","@id":"https:\/\/www.siare.it\/#\/schema\/logo\/image\/","url":"https:\/\/www.siare.it\/wp-content\/uploads\/2019\/03\/siare-logo-vettoriale-footer.png","contentUrl":"https:\/\/www.siare.it\/wp-content\/uploads\/2019\/03\/siare-logo-vettoriale-footer.png","width":150,"height":84,"caption":"Siare"},"image":{"@id":"https:\/\/www.siare.it\/#\/schema\/logo\/image\/"}}]}},"_links":{"self":[{"href":"https:\/\/www.siare.it\/fr\/wp-json\/wp\/v2\/product\/1866","targetHints":{"allow":["GET"]}}],"collection":[{"href":"https:\/\/www.siare.it\/fr\/wp-json\/wp\/v2\/product"}],"about":[{"href":"https:\/\/www.siare.it\/fr\/wp-json\/wp\/v2\/types\/product"}],"replies":[{"embeddable":true,"href":"https:\/\/www.siare.it\/fr\/wp-json\/wp\/v2\/comments?post=1866"}],"wp:featuredmedia":[{"embeddable":true,"href":"https:\/\/www.siare.it\/fr\/wp-json\/wp\/v2\/media\/4501"}],"wp:attachment":[{"href":"https:\/\/www.siare.it\/fr\/wp-json\/wp\/v2\/media?parent=1866"}],"wp:term":[{"taxonomy":"product_brand","embeddable":true,"href":"https:\/\/www.siare.it\/fr\/wp-json\/wp\/v2\/product_brand?post=1866"},{"taxonomy":"product_cat","embeddable":true,"href":"https:\/\/www.siare.it\/fr\/wp-json\/wp\/v2\/product_cat?post=1866"},{"taxonomy":"product_tag","embeddable":true,"href":"https:\/\/www.siare.it\/fr\/wp-json\/wp\/v2\/product_tag?post=1866"}],"curies":[{"name":"wp","href":"https:\/\/api.w.org\/{rel}","templated":true}]}}