{"id":1799,"date":"2019-02-18T11:29:14","date_gmt":"2019-02-18T10:29:14","guid":{"rendered":"http:\/\/siarenew.sviluppo.host\/?post_type=product&#038;p=1799"},"modified":"2019-05-14T10:28:33","modified_gmt":"2019-05-14T08:28:33","slug":"cap-700","status":"publish","type":"product","link":"https:\/\/www.siare.it\/fr\/prodotto\/cap-700\/","title":{"rendered":"CAP 700"},"content":{"rendered":"<h2>Principales caract\u00e9ristiques<\/h2>\n<p>Le CAP 700 provoque l&rsquo;acte de la toux et il aide les patients \u00e0 se lib\u00e9rer des s\u00e9cr\u00e9tions bronchiques de mani\u00e8re invasive et non invasive quand ils ne r\u00e9ussissent pas \u00e0 tousser de mani\u00e8re autonome, comme il arrive dans le cas des maladies neuromuscolaires ou des l\u00e9sions de la moelle \u00e9pini\u00e8re.<br \/>\nLe CAP 700 est un moyen s\u00fbr et confortable de r\u00e9duire le risque de l\u00e9sion \u00e0 charge des voies a\u00e9riennes et de complications respiratoires ; il aide les patients en renfor\u00e7ant ou en rempla\u00e7ant l\u2019\u00e9limination naturelle des s\u00e9cr\u00e9tions bronchiques en appliquant graduellement aux voies a\u00e9riennes une pression positive vibrante rapidement suivie par une pression n\u00e9gative. Le d\u00e9bit d&rsquo;air avec inspiration lente vibrante et expiration rapide simule le processus de la toux \u00e9vitant en m\u00eame temps les probl\u00e8mes associ\u00e9s aux proc\u00e9dures plus invasives.<br \/>\nLa ventilation inspiratoire vibrante est une modalit\u00e9 exclusive de CAP 700 : en effet, la vibration du d\u00e9bit durant la phase inspiratoire, associ\u00e9e \u00e0 une pause de fin d&rsquo;inspiration, permet un meilleur et efficace d\u00e9placement des s\u00e9cr\u00e9tions bronchiques.<\/p>\n<p>6\u00a0modalit\u00e9s op\u00e9ratoires sont disponibles:<br \/>\n&#8211;\u00a0 automatique,<br \/>\n&#8211;\u00a0 automatique avec vibration,<br \/>\n&#8211;\u00a0 manuelle,<br \/>\n&#8211;\u00a0 manuelle avec vibration,<br \/>\n&#8211;\u00a0 assist\u00e9,<br \/>\n&#8211;\u00a0 assist\u00e9\u00a0avec vibration<\/p>\n<h2>Caract\u00e9ristiques particuli\u00e8rs<\/h2>\n<p>&#8211;\u00a0 Renforce o remplace la toux inefficace<br \/>\n&#8211;\u00a0 Aide \u00e0 \u00e9liminer les s\u00e9cr\u00e9tions pulmonaires<br \/>\n&#8211;\u00a0 R\u00e9duit la survenue d\u2019infections respiratoires<br \/>\n&#8211;\u00a0 Peut \u00eatre utilis\u00e9 avec masque facial ou embout<br \/>\n&#8211;\u00a0 Peut \u00eatre utilis\u00e9 sur des patients trach\u00e9ostomis\u00e9s<br \/>\n&#8211;\u00a0 Adapt\u00e9 aux patients adultes, p\u00e9diatriques et nouveau-n\u00e9s<br \/>\n&#8211;\u00a0 Ventilation inspiratoire vibrante<br \/>\n&#8211;\u00a0 Poids et dimensions contenus, batterie int\u00e9gr\u00e9e<br \/>\n&#8211;\u00a0 Faible bruit<br \/>\n&#8211;\u00a0 Commande au pied pour la gestion des ventilations manuelles insp\/exp<\/p>\n<h2>Versions<\/h2>\n<p><strong>980700<\/strong>\u00a0Ventilateur \u00e0 pression positive et n\u00e9gative, assistance toux<\/p>\n","protected":false},"excerpt":{"rendered":"<p>Le CAP 700 est un ventilateur \u00e0 pression positive et n\u00e9gative, assistance toux.<br \/>\nLe CAP 700 provoque l&rsquo;acte de la toux et il aide les patients \u00e0 se lib\u00e9rer des s\u00e9cr\u00e9tions bronchiques de mani\u00e8re invasive et non invasive quand ils ne r\u00e9ussissent pas \u00e0 tousser de mani\u00e8re autonome, comme il arrive dans le cas des maladies neuromusculaires ou des l\u00e9sions de la moelle \u00e9pini\u00e8re.<\/p>\n<ul>\n<li>Interface op\u00e9rateur simple et intuitif avec \u00e9cran TFT \u00e0 couleurs<\/li>\n<li>Surveillance precise pour un feedback imm\u00e9diat sur le traitement du patient<\/li>\n<li>D\u00e9bit\u00a0 r\u00e9glable sur 4 niveaux et vibration r\u00e9glable de 3 \u00e0 20Hz<\/li>\n<li>Batterie interne<\/li>\n<\/ul>\n<p>&nbsp;<\/p>\n<ul>\n<li>Interface op\u00e9rateur simple et intuitif avec \u00e9cran TFT \u00e0 couleurs<\/li>\n<li>Surveillance precise pour un feedback imm\u00e9diat sur le traitement du patient<\/li>\n<li>D\u00e9bit\u00a0 r\u00e9glable sur 4 niveaux et vibration r\u00e9glable de 3 \u00e0 20Hz<\/li>\n<li>Batterie interne<\/li>\n<\/ul>\n<p>Le moniteur est \u00e9quip\u00e9 avec fonctions \u00e9tendues comme alarmes sonores et visuelles, impression des donn\u00e9es et rapports stock\u00e9s, tendances et \u00e9v\u00e9nements et il est pr\u00e9dispos\u00e9 pour le branchement \u00e0 la station de surveillance mod. D-16.<\/p>\n","protected":false},"featured_media":2064,"comment_status":"closed","ping_status":"closed","template":"","meta":{"_acf_changed":false},"product_brand":[],"product_cat":[46,77],"product_tag":[],"class_list":{"0":"post-1799","1":"product","2":"type-product","3":"status-publish","4":"has-post-thumbnail","6":"product_cat-ventilateurs-pulmonaires","7":"product_cat-soin-a-domicile","9":"first","10":"instock","11":"shipping-taxable","12":"product-type-simple"},"acf":[],"yoast_head":"<!-- This site is optimized with the Yoast SEO plugin v25.3.1 - https:\/\/yoast.com\/wordpress\/plugins\/seo\/ -->\n<title>CAP 700 - Siare<\/title>\n<meta name=\"robots\" content=\"index, follow, max-snippet:-1, max-image-preview:large, max-video-preview:-1\" \/>\n<link rel=\"canonical\" href=\"https:\/\/www.siare.it\/prodotto\/cap-700\/\" \/>\n<meta property=\"og:locale\" content=\"fr_FR\" \/>\n<meta property=\"og:type\" content=\"article\" \/>\n<meta property=\"og:title\" content=\"CAP 700 - Siare\" \/>\n<meta property=\"og:description\" content=\"Le CAP 700 est un ventilateur \u00e0 pression positive et n\u00e9gative, assistance toux. Le CAP 700 provoque l&#039;acte de la toux et il aide les patients \u00e0 se lib\u00e9rer des s\u00e9cr\u00e9tions bronchiques de mani\u00e8re invasive et non invasive quand ils ne r\u00e9ussissent pas \u00e0 tousser de mani\u00e8re autonome, comme il arrive dans le cas des maladies neuromusculaires ou des l\u00e9sions de la moelle \u00e9pini\u00e8re.   Interface op\u00e9rateur simple et intuitif avec \u00e9cran TFT \u00e0 couleurs  Surveillance precise pour un feedback imm\u00e9diat sur le traitement du patient  D\u00e9bit\u00a0 r\u00e9glable sur 4 niveaux et vibration r\u00e9glable de 3 \u00e0 20Hz  Batterie interne  &nbsp;   Interface op\u00e9rateur simple et intuitif avec \u00e9cran TFT \u00e0 couleurs  Surveillance precise pour un feedback imm\u00e9diat sur le traitement du patient  D\u00e9bit\u00a0 r\u00e9glable sur 4 niveaux et vibration r\u00e9glable de 3 \u00e0 20Hz  Batterie interne  Le moniteur est \u00e9quip\u00e9 avec fonctions \u00e9tendues comme alarmes sonores et visuelles, impression des donn\u00e9es et rapports stock\u00e9s, tendances et \u00e9v\u00e9nements et il est pr\u00e9dispos\u00e9 pour le branchement \u00e0 la station de surveillance mod. D-16.\" \/>\n<meta property=\"og:url\" content=\"https:\/\/www.siare.it\/prodotto\/cap-700\/\" \/>\n<meta property=\"og:site_name\" content=\"Siare\" \/>\n<meta property=\"article:modified_time\" content=\"2019-05-14T08:28:33+00:00\" \/>\n<meta property=\"og:image\" content=\"https:\/\/www.siare.it\/wp-content\/uploads\/2019\/02\/CAP-700-1.jpg\" \/>\n\t<meta property=\"og:image:width\" content=\"1000\" \/>\n\t<meta property=\"og:image:height\" content=\"1000\" \/>\n\t<meta property=\"og:image:type\" content=\"image\/jpeg\" \/>\n<meta name=\"twitter:card\" content=\"summary_large_image\" \/>\n<meta name=\"twitter:label1\" content=\"Dur\u00e9e de lecture estim\u00e9e\" \/>\n\t<meta name=\"twitter:data1\" content=\"2 minutes\" \/>\n<script type=\"application\/ld+json\" class=\"yoast-schema-graph\">{\"@context\":\"https:\/\/schema.org\",\"@graph\":[{\"@type\":\"WebPage\",\"@id\":\"https:\/\/www.siare.it\/prodotto\/cap-700\/\",\"url\":\"https:\/\/www.siare.it\/prodotto\/cap-700\/\",\"name\":\"CAP 700 - Siare\",\"isPartOf\":{\"@id\":\"https:\/\/www.siare.it\/#website\"},\"primaryImageOfPage\":{\"@id\":\"https:\/\/www.siare.it\/prodotto\/cap-700\/#primaryimage\"},\"image\":{\"@id\":\"https:\/\/www.siare.it\/prodotto\/cap-700\/#primaryimage\"},\"thumbnailUrl\":\"https:\/\/www.siare.it\/wp-content\/uploads\/2019\/02\/CAP-700-1.jpg\",\"datePublished\":\"2019-02-18T10:29:14+00:00\",\"dateModified\":\"2019-05-14T08:28:33+00:00\",\"breadcrumb\":{\"@id\":\"https:\/\/www.siare.it\/prodotto\/cap-700\/#breadcrumb\"},\"inLanguage\":\"fr-FR\",\"potentialAction\":[{\"@type\":\"ReadAction\",\"target\":[\"https:\/\/www.siare.it\/prodotto\/cap-700\/\"]}]},{\"@type\":\"ImageObject\",\"inLanguage\":\"fr-FR\",\"@id\":\"https:\/\/www.siare.it\/prodotto\/cap-700\/#primaryimage\",\"url\":\"https:\/\/www.siare.it\/wp-content\/uploads\/2019\/02\/CAP-700-1.jpg\",\"contentUrl\":\"https:\/\/www.siare.it\/wp-content\/uploads\/2019\/02\/CAP-700-1.jpg\",\"width\":1000,\"height\":1000},{\"@type\":\"BreadcrumbList\",\"@id\":\"https:\/\/www.siare.it\/prodotto\/cap-700\/#breadcrumb\",\"itemListElement\":[{\"@type\":\"ListItem\",\"position\":1,\"name\":\"Home\",\"item\":\"https:\/\/www.siare.it\/fr\/\"},{\"@type\":\"ListItem\",\"position\":2,\"name\":\"Produits\",\"item\":\"https:\/\/www.siare.it\/prodotti\/\"},{\"@type\":\"ListItem\",\"position\":3,\"name\":\"Ventilateurs Pulmonaires\",\"item\":\"https:\/\/www.siare.it\/categoria-prodotto\/ventilateurs-pulmonaires\/\"},{\"@type\":\"ListItem\",\"position\":4,\"name\":\"Soin \u00e0 domicile\/R\u00e9animation\",\"item\":\"https:\/\/www.siare.it\/categoria-prodotto\/ventilateurs-pulmonaires\/soin-a-domicile\/\"},{\"@type\":\"ListItem\",\"position\":5,\"name\":\"CAP 700\"}]},{\"@type\":\"WebSite\",\"@id\":\"https:\/\/www.siare.it\/#website\",\"url\":\"https:\/\/www.siare.it\/\",\"name\":\"Siare\",\"description\":\"Leader nel campo dell\u2019automazione e della meccanica di alta precisione.\",\"publisher\":{\"@id\":\"https:\/\/www.siare.it\/#organization\"},\"potentialAction\":[{\"@type\":\"SearchAction\",\"target\":{\"@type\":\"EntryPoint\",\"urlTemplate\":\"https:\/\/www.siare.it\/?s={search_term_string}\"},\"query-input\":{\"@type\":\"PropertyValueSpecification\",\"valueRequired\":true,\"valueName\":\"search_term_string\"}}],\"inLanguage\":\"fr-FR\"},{\"@type\":\"Organization\",\"@id\":\"https:\/\/www.siare.it\/#organization\",\"name\":\"Siare\",\"url\":\"https:\/\/www.siare.it\/\",\"logo\":{\"@type\":\"ImageObject\",\"inLanguage\":\"fr-FR\",\"@id\":\"https:\/\/www.siare.it\/#\/schema\/logo\/image\/\",\"url\":\"https:\/\/www.siare.it\/wp-content\/uploads\/2019\/03\/siare-logo-vettoriale-footer.png\",\"contentUrl\":\"https:\/\/www.siare.it\/wp-content\/uploads\/2019\/03\/siare-logo-vettoriale-footer.png\",\"width\":150,\"height\":84,\"caption\":\"Siare\"},\"image\":{\"@id\":\"https:\/\/www.siare.it\/#\/schema\/logo\/image\/\"}}]}<\/script>\n<!-- \/ Yoast SEO plugin. -->","yoast_head_json":{"title":"CAP 700 - Siare","robots":{"index":"index","follow":"follow","max-snippet":"max-snippet:-1","max-image-preview":"max-image-preview:large","max-video-preview":"max-video-preview:-1"},"canonical":"https:\/\/www.siare.it\/prodotto\/cap-700\/","og_locale":"fr_FR","og_type":"article","og_title":"CAP 700 - Siare","og_description":"Le CAP 700 est un ventilateur \u00e0 pression positive et n\u00e9gative, assistance toux. Le CAP 700 provoque l'acte de la toux et il aide les patients \u00e0 se lib\u00e9rer des s\u00e9cr\u00e9tions bronchiques de mani\u00e8re invasive et non invasive quand ils ne r\u00e9ussissent pas \u00e0 tousser de mani\u00e8re autonome, comme il arrive dans le cas des maladies neuromusculaires ou des l\u00e9sions de la moelle \u00e9pini\u00e8re.   Interface op\u00e9rateur simple et intuitif avec \u00e9cran TFT \u00e0 couleurs  Surveillance precise pour un feedback imm\u00e9diat sur le traitement du patient  D\u00e9bit\u00a0 r\u00e9glable sur 4 niveaux et vibration r\u00e9glable de 3 \u00e0 20Hz  Batterie interne  &nbsp;   Interface op\u00e9rateur simple et intuitif avec \u00e9cran TFT \u00e0 couleurs  Surveillance precise pour un feedback imm\u00e9diat sur le traitement du patient  D\u00e9bit\u00a0 r\u00e9glable sur 4 niveaux et vibration r\u00e9glable de 3 \u00e0 20Hz  Batterie interne  Le moniteur est \u00e9quip\u00e9 avec fonctions \u00e9tendues comme alarmes sonores et visuelles, impression des donn\u00e9es et rapports stock\u00e9s, tendances et \u00e9v\u00e9nements et il est pr\u00e9dispos\u00e9 pour le branchement \u00e0 la station de surveillance mod. D-16.","og_url":"https:\/\/www.siare.it\/prodotto\/cap-700\/","og_site_name":"Siare","article_modified_time":"2019-05-14T08:28:33+00:00","og_image":[{"width":1000,"height":1000,"url":"https:\/\/www.siare.it\/wp-content\/uploads\/2019\/02\/CAP-700-1.jpg","type":"image\/jpeg"}],"twitter_card":"summary_large_image","twitter_misc":{"Dur\u00e9e de lecture estim\u00e9e":"2 minutes"},"schema":{"@context":"https:\/\/schema.org","@graph":[{"@type":"WebPage","@id":"https:\/\/www.siare.it\/prodotto\/cap-700\/","url":"https:\/\/www.siare.it\/prodotto\/cap-700\/","name":"CAP 700 - Siare","isPartOf":{"@id":"https:\/\/www.siare.it\/#website"},"primaryImageOfPage":{"@id":"https:\/\/www.siare.it\/prodotto\/cap-700\/#primaryimage"},"image":{"@id":"https:\/\/www.siare.it\/prodotto\/cap-700\/#primaryimage"},"thumbnailUrl":"https:\/\/www.siare.it\/wp-content\/uploads\/2019\/02\/CAP-700-1.jpg","datePublished":"2019-02-18T10:29:14+00:00","dateModified":"2019-05-14T08:28:33+00:00","breadcrumb":{"@id":"https:\/\/www.siare.it\/prodotto\/cap-700\/#breadcrumb"},"inLanguage":"fr-FR","potentialAction":[{"@type":"ReadAction","target":["https:\/\/www.siare.it\/prodotto\/cap-700\/"]}]},{"@type":"ImageObject","inLanguage":"fr-FR","@id":"https:\/\/www.siare.it\/prodotto\/cap-700\/#primaryimage","url":"https:\/\/www.siare.it\/wp-content\/uploads\/2019\/02\/CAP-700-1.jpg","contentUrl":"https:\/\/www.siare.it\/wp-content\/uploads\/2019\/02\/CAP-700-1.jpg","width":1000,"height":1000},{"@type":"BreadcrumbList","@id":"https:\/\/www.siare.it\/prodotto\/cap-700\/#breadcrumb","itemListElement":[{"@type":"ListItem","position":1,"name":"Home","item":"https:\/\/www.siare.it\/fr\/"},{"@type":"ListItem","position":2,"name":"Produits","item":"https:\/\/www.siare.it\/prodotti\/"},{"@type":"ListItem","position":3,"name":"Ventilateurs Pulmonaires","item":"https:\/\/www.siare.it\/categoria-prodotto\/ventilateurs-pulmonaires\/"},{"@type":"ListItem","position":4,"name":"Soin \u00e0 domicile\/R\u00e9animation","item":"https:\/\/www.siare.it\/categoria-prodotto\/ventilateurs-pulmonaires\/soin-a-domicile\/"},{"@type":"ListItem","position":5,"name":"CAP 700"}]},{"@type":"WebSite","@id":"https:\/\/www.siare.it\/#website","url":"https:\/\/www.siare.it\/","name":"Siare","description":"Leader nel campo dell\u2019automazione e della meccanica di alta precisione.","publisher":{"@id":"https:\/\/www.siare.it\/#organization"},"potentialAction":[{"@type":"SearchAction","target":{"@type":"EntryPoint","urlTemplate":"https:\/\/www.siare.it\/?s={search_term_string}"},"query-input":{"@type":"PropertyValueSpecification","valueRequired":true,"valueName":"search_term_string"}}],"inLanguage":"fr-FR"},{"@type":"Organization","@id":"https:\/\/www.siare.it\/#organization","name":"Siare","url":"https:\/\/www.siare.it\/","logo":{"@type":"ImageObject","inLanguage":"fr-FR","@id":"https:\/\/www.siare.it\/#\/schema\/logo\/image\/","url":"https:\/\/www.siare.it\/wp-content\/uploads\/2019\/03\/siare-logo-vettoriale-footer.png","contentUrl":"https:\/\/www.siare.it\/wp-content\/uploads\/2019\/03\/siare-logo-vettoriale-footer.png","width":150,"height":84,"caption":"Siare"},"image":{"@id":"https:\/\/www.siare.it\/#\/schema\/logo\/image\/"}}]}},"_links":{"self":[{"href":"https:\/\/www.siare.it\/fr\/wp-json\/wp\/v2\/product\/1799","targetHints":{"allow":["GET"]}}],"collection":[{"href":"https:\/\/www.siare.it\/fr\/wp-json\/wp\/v2\/product"}],"about":[{"href":"https:\/\/www.siare.it\/fr\/wp-json\/wp\/v2\/types\/product"}],"replies":[{"embeddable":true,"href":"https:\/\/www.siare.it\/fr\/wp-json\/wp\/v2\/comments?post=1799"}],"wp:featuredmedia":[{"embeddable":true,"href":"https:\/\/www.siare.it\/fr\/wp-json\/wp\/v2\/media\/2064"}],"wp:attachment":[{"href":"https:\/\/www.siare.it\/fr\/wp-json\/wp\/v2\/media?parent=1799"}],"wp:term":[{"taxonomy":"product_brand","embeddable":true,"href":"https:\/\/www.siare.it\/fr\/wp-json\/wp\/v2\/product_brand?post=1799"},{"taxonomy":"product_cat","embeddable":true,"href":"https:\/\/www.siare.it\/fr\/wp-json\/wp\/v2\/product_cat?post=1799"},{"taxonomy":"product_tag","embeddable":true,"href":"https:\/\/www.siare.it\/fr\/wp-json\/wp\/v2\/product_tag?post=1799"}],"curies":[{"name":"wp","href":"https:\/\/api.w.org\/{rel}","templated":true}]}}