{"id":5245,"date":"2018-11-20T10:09:21","date_gmt":"2018-11-20T09:09:21","guid":{"rendered":"https:\/\/www.siare.it\/privacy-policy\/"},"modified":"2025-07-23T13:24:50","modified_gmt":"2025-07-23T11:24:50","slug":"privacy-policy","status":"publish","type":"page","link":"https:\/\/www.siare.it\/fr\/privacy-policy\/","title":{"rendered":"Privacy Policy &#038; Cookie Policy"},"content":{"rendered":"<p>&nbsp;<\/p>\n<h2>INFORMATIONS SUR LE TRAITEMENT DES DONN\u00c9ES PERSONNELLES CONFORM\u00c9MENT \u00c0 L&rsquo;ARTICLE 13 DU R\u00c8GLEMENT (UE) NRO 679\/2016<\/h2>\n<p>Chez <strong>SIARE ENGINEERING INTERNATIONAL GROUP S.p.A.<\/strong> (ci-apr\u00e8s SIARE), nous prenons la protection de vos donn\u00e9es personnelles tr\u00e8s s\u00e9rieusement et, pour cette raison, nous nous engageons constamment \u00e0 garantir le respect de votre vie priv\u00e9e.<\/p>\n<p>Dans ce contexte, nous souhaitons vous fournir quelques informations concernant le traitement de vos donn\u00e9es personnelles, la mani\u00e8re dont nous les collectons, les finalit\u00e9s de leur collecte et leur gestion.<\/p>\n<p>Nous traitons vos donn\u00e9es personnelles lorsque vous visitez notre site web ; lorsque vous achetez nos services et produits, lorsque vous demandez de l&rsquo;aide ou simplement des informations ; lorsque vous demandez \u00e0 recevoir des communications promotionnelles sur nos services ou produits, ou lorsque vous d\u00e9cidez de participer \u00e0 l&rsquo;un de nos processus de recrutement (y compris les candidatures spontan\u00e9es) ou d&rsquo;assister \u00e0 l&rsquo;un de nos webinaires de formation.<\/p>\n<p>En tout cas, conform\u00e9ment au R\u00e8glement (UE) 2016\/679, nous traiterons vos donn\u00e9es de mani\u00e8re responsable, conform\u00e9ment aux principes de lic\u00e9it\u00e9, de loyaut\u00e9, de transparence, d&rsquo;exactitude, de limitation des finalit\u00e9s, de minimisation des donn\u00e9es et de limitation de leur conservation, garantissant ainsi leur int\u00e9grit\u00e9 et leur confidentialit\u00e9.<\/p>\n<p>Conform\u00e9ment \u00e0 l&rsquo;article 13 du R\u00e8glement (UE) 2016\/679, nous souhaitons vous fournir quelques informations concernant ce traitement.<\/p>\n<table>\n<tbody>\n<tr>\n<td class=\"header-cell single-column\" colspan=\"2\"><strong>CONTR\u00d4LEUR DES DONN\u00c9ES<\/strong><\/td>\n<\/tr>\n<tr>\n<td colspan=\"2\">Le contr\u00f4leur des donn\u00e9es est <strong>SIARE ENGINEERING INTERNATIONAL GROUP S.p.A.<\/strong> ayant son si\u00e8ge \u00e0 Crespellano-Valsamoggia (BO), Via Giulio Pastore, 18 &#8211; Tel: +39 051 969802, mail: <a href=\"mailto:mail@siare.it\">mail@siare.it<\/a><\/td>\n<\/tr>\n<\/tbody>\n<\/table>\n<table>\n<tbody>\n<tr>\n<td class=\"header-cell\"><strong>FINALIT\u00c9 DU TRAITEMENT<\/strong><\/td>\n<td class=\"header-cell\"><strong>BASE JURIDIQUE ET CONSERVATION DES DONN\u00c9ES<\/strong><\/td>\n<\/tr>\n<tr>\n<td><strong>Navigation sur le site web:<\/strong> Nous traitons vos donn\u00e9es pour vous permettre de naviguer et de consulter nos sites web. Les syst\u00e8mes informatiques et les logiciels n\u00e9cessaires au fonctionnement de ces sites web acqui\u00e8rent, au cours de leur fonctionnement normal, certaines donn\u00e9es personnelles dont la transmission est implicite dans l&rsquo;utilisation des protocoles de communication Internet. Cette cat\u00e9gorie de donn\u00e9es comprend les adresses IP, les informations concernant l&rsquo;appareil utilis\u00e9 pour se connecter au site, les adresses URI\/URL (Uniform Resource Identifier\/Locator) des ressources demand\u00e9es, l&rsquo;heure de la requ\u00eate, la m\u00e9thode utilis\u00e9e pour soumettre la requ\u00eate au serveur, la taille du fichier obtenu en r\u00e9ponse, le code num\u00e9rique indiquant l&rsquo;\u00e9tat de la r\u00e9ponse du serveur (succ\u00e8s, erreur, etc.), d&rsquo;autres param\u00e8tres relatifs au syst\u00e8me d&rsquo;exploitation et\/ou \u00e0 l&rsquo;environnement informatique de l&rsquo;utilisateur, ainsi que d&rsquo;autres identifiants qui, seuls ou associ\u00e9s \u00e0 d&rsquo;autres informations, peuvent permettre l&rsquo;identification d&rsquo;une personne physique. Cette cat\u00e9gorie comprend \u00e9galement les cookies, pour lesquels veuillez vous r\u00e9f\u00e9rer aux informations sp\u00e9cifiques.<\/td>\n<td>Le traitement est bas\u00e9 sur l&rsquo;article 6, paragraphe 1, lettre b) du R\u00e8glement UE 2016\/679, car il est n\u00e9cessaire \u00e0 la mise en \u0153uvre de mesures pr\u00e9contractuelles prises \u00e0 votre demande ou \u00e0 l&rsquo;ex\u00e9cution d&rsquo;un contrat auquel vous \u00eates partie. Concernant le traitement des cookies non techniques et non essentiels, veuillez vous r\u00e9f\u00e9rer aux informations sp\u00e9cifiques, pr\u00e9cisant que dans ce cas, le traitement est bas\u00e9 sur l&rsquo;article 6, paragraphe 1, lettre a) du R\u00e8glement UE 2016\/679, car le consentement de la personne concern\u00e9e est requis. Les donn\u00e9es ainsi collect\u00e9es seront trait\u00e9es jusqu&rsquo;\u00e0 la r\u00e9vocation du consentement et, en tout \u00e9tat de cause, pendant une dur\u00e9e maximale de 24 mois. Vous pouvez facilement r\u00e9voquer votre consentement en \u00e9crivant \u00e0 <a href=\"mailto:mail@siare.it\">mail@siare.it<\/a> ou en utilisant la proc\u00e9dure de d\u00e9sinscription disponible sur la banni\u00e8re de gestion des cookies.<\/td>\n<\/tr>\n<tr>\n<td><strong>Ex\u00e9cution des mesures pr\u00e9contractuelles et contractuelles (gestion des clients et des fournisseurs):<\/strong> Nous traitons vos donn\u00e9es dans le cadre d&rsquo;activit\u00e9s pr\u00e9liminaires, li\u00e9es et\/ou cons\u00e9cutives \u00e0 l&rsquo;achat de l&rsquo;un de nos services et\/ou produits, ou \u00e0 un achat effectu\u00e9 aupr\u00e8s de nous. Cette finalit\u00e9 comprend le traitement li\u00e9 \u00e0 la phase pr\u00e9contractuelle (comme une simple demande d&rsquo;informations, notamment \u00e0 travers le formulaire de contact sur le site web), la conclusion et la gestion du contrat, y compris l&rsquo;assistance technique, la facturation et\/ou l&rsquo;ex\u00e9cution de toute autre obligation l\u00e9gale d\u00e9coulant de l&rsquo;ex\u00e9cution du contrat. \u00c0 cette fin, nous traiterons les donn\u00e9es personnelles suivantes : nom de l&rsquo;entreprise (pr\u00e9nom et nom), adresse ou si\u00e8ge social, num\u00e9ro de t\u00e9l\u00e9phone, num\u00e9ro de fax, adresse e-mail, informations fiscales et commerciales.<\/td>\n<td>Le traitement est bas\u00e9 sur l&rsquo;article 6, paragraphe 1, lettre b) du R\u00e8glement UE 2016\/679, car il est n\u00e9cessaire \u00e0 la mise en \u0153uvre de mesures pr\u00e9contractuelles prises \u00e0 votre demande ou \u00e0 l&rsquo;ex\u00e9cution d&rsquo;un contrat auquel vous \u00eates partie. Les donn\u00e9es seront conserv\u00e9es pendant dix ans \u00e0 compter de la fin de la relation, conform\u00e9ment \u00e0 l&rsquo;article 2946 du Code civil italien concernant les prescriptions ordinaires, et\/ou conform\u00e9ment \u00e0 l&rsquo;article 2220 du Code civil italien et \u00e0 l&rsquo;article 22 du D\u00e9cret pr\u00e9sidentiel n\u00b0 600\/1973, selon le cas.<\/td>\n<\/tr>\n<tr>\n<td><strong>Marketing direct &#8211; Newsletter:<\/strong> Le traitement des donn\u00e9es personnelles vise \u00e0 envoyer, par e-mail, des communications commerciales et\/ou promotionnelles concernant des services et\/ou des produits similaires \u00e0 ceux d\u00e9j\u00e0 achet\u00e9s. Cette finalit\u00e9 sp\u00e9cifique comprend \u00e9galement l&rsquo;abonnement \u00e0 la newsletter de SIARE SPA. \u00c0 cette fin, nous traiterons les donn\u00e9es personnelles suivantes : pr\u00e9nom, nom, raison sociale, adresse e-mail et num\u00e9ro de t\u00e9l\u00e9phone.<\/td>\n<td>Le traitement est bas\u00e9 sur l&rsquo;article 6, paragraphe 1, lettre a) du R\u00e8glement UE 2016\/679, avec le consentement de la personne concern\u00e9e. Les donn\u00e9es ainsi collect\u00e9es seront trait\u00e9es jusqu&rsquo;\u00e0 la r\u00e9vocation du consentement et, dans tous les cas, au plus tard 60 mois apr\u00e8s le dernier contact. Vous pouvez vous d\u00e9sabonner de la newsletter en \u00e9crivant simplement \u00e0 <a href=\"mailto:mail@siare.it\">mail@siare.it<\/a> ou en cliquant sur le lien \u00ab opt-out \u00bb au bas de chaque communication promotionnelle.<\/td>\n<\/tr>\n<tr>\n<td><strong>S\u00e9lection du personnel:<\/strong> Le traitement est destin\u00e9 au processus de s\u00e9lection des professionnels \u00e0 int\u00e9grer au sein de l&rsquo;entreprise et \u00e0 \u00e9valuer leur ad\u00e9quation aux profils recherch\u00e9s. Cette finalit\u00e9 comprend la phase de pr\u00e9s\u00e9lection des CV, la phase de s\u00e9lection et d&rsquo;entretien proprement dite, ainsi que les phases n\u00e9cessaires \u00e0 la formalisation et \u00e0 la finalisation de tout contrat de travail. \u00c0 cette fin, nous traiterons les donn\u00e9es personnelles suivantes : coordonn\u00e9es, donn\u00e9es du CV, donn\u00e9es relatives aux emplois pr\u00e9c\u00e9dents et toute donn\u00e9e sensible, telle que les donn\u00e9es de sant\u00e9, mentionn\u00e9es dans les CV.<\/td>\n<td>Le traitement est bas\u00e9 sur l&rsquo;article 6, paragraphe 1, lettre b) du R\u00e8glement UE 2016\/679, car il est n\u00e9cessaire \u00e0 l&rsquo;ex\u00e9cution d&rsquo;obligations strictement li\u00e9es au recrutement du personnel et \u00e0 la gestion de la relation de travail, ou \u00e0 la mise en \u0153uvre de mesures pr\u00e9contractuelles adopt\u00e9es \u00e0 votre demande. Le traitement des donn\u00e9es sensibles contenues dans les CV, telles que les donn\u00e9es relatives \u00e0 la sant\u00e9, est bas\u00e9 sur l&rsquo;article 9, paragraphe 2, lettres b) et h). Les donn\u00e9es ainsi collect\u00e9es seront trait\u00e9es au plus tard 24 mois apr\u00e8s le dernier contact.<\/td>\n<\/tr>\n<tr>\n<td><strong>Participation webinar:<\/strong> Le traitement vise \u00e0 vous permettre de participer \u00e0 nos webinaires et donc d&rsquo;acc\u00e9der \u00e0 la plateforme, ainsi qu&rsquo;\u00e0 nous permettre d&rsquo;organiser administrativement l&rsquo;\u00e9v\u00e9nement. \u00c0 cette fin, nous traiterons les donn\u00e9es personnelles suivantes : vos coordonn\u00e9es et vos donn\u00e9es d&rsquo;identification, ainsi que les donn\u00e9es relatives \u00e0 votre organisation professionnelle.<\/td>\n<td>Le traitement est bas\u00e9 sur l&rsquo;article 6, paragraphe 1, lettre b) du R\u00e8glement UE 2016\/679, car il est n\u00e9cessaire \u00e0 la mise en \u0153uvre de mesures pr\u00e9contractuelles prises \u00e0 votre demande ou \u00e0 l&rsquo;ex\u00e9cution d&rsquo;un contrat auquel vous \u00eates partie. Les donn\u00e9es seront conserv\u00e9es pendant 24 mois.<\/td>\n<\/tr>\n<\/tbody>\n<\/table>\n<table>\n<tbody>\n<tr>\n<td class=\"header-cell single-column\"><strong>COMMUNICATION DES DONN\u00c9ES<\/strong><\/td>\n<\/tr>\n<tr>\n<td>Lorsque la base juridique n&rsquo;est pas le consentement, la fourniture de vos donn\u00e9es personnelles est n\u00e9cessaire, car il ne sera pas possible de donner suite aux actions demand\u00e9es sans celui-ci.<\/td>\n<\/tr>\n<\/tbody>\n<\/table>\n<table>\n<tbody>\n<tr>\n<td class=\"header-cell single-column\"><strong>DESTINATAIRES DES DONN\u00c9ES<\/strong><\/td>\n<\/tr>\n<tr>\n<td>Selon la finalit\u00e9, les donn\u00e9es personnelles fournies \u00e0 SIARE SPA peuvent \u00eatre communiqu\u00e9es \u00e0 son personnel express\u00e9ment autoris\u00e9 \u00e0 effectuer les op\u00e9rations de traitement, ainsi qu&rsquo;\u00e0 des prestataires de services informatiques et\/ou des consultants agissant en qualit\u00e9 de sous-traitants, \u00e0 des \u00e9tablissements de cr\u00e9dit agissant en qualit\u00e9 de responsables ind\u00e9pendants du traitement et \u00e0 des organismes publics, conform\u00e9ment aux obligations l\u00e9gales. La liste des destinataires peut \u00eatre demand\u00e9e au responsable du traitement.<\/td>\n<\/tr>\n<\/tbody>\n<\/table>\n<table>\n<tbody>\n<tr>\n<td class=\"header-cell single-column\"><strong>EXERCICE DES DROITS<\/strong><\/td>\n<\/tr>\n<tr>\n<td>Vous avez le droit d&rsquo;obtenir \u00e0 tout moment du responsable du traitement la confirmation que des donn\u00e9es \u00e0 caract\u00e8re personnel vous concernant sont ou ne sont pas trait\u00e9es et, le cas \u00e9ch\u00e9ant, l&rsquo;acc\u00e8s \u00e0 vos donn\u00e9es \u00e0 caract\u00e8re personnel et aux informations suivantes :<\/p>\n<ul>\n<li>les finalit\u00e9s du traitement ;<\/li>\n<li>les cat\u00e9gories de donn\u00e9es \u00e0 caract\u00e8re personnel trait\u00e9es ;<\/li>\n<li>les destinataires ou cat\u00e9gories de destinataires auxquels les donn\u00e9es \u00e0 caract\u00e8re personnel ont \u00e9t\u00e9 ou seront communiqu\u00e9es ;<\/li>\n<li>la dur\u00e9e de conservation ou les crit\u00e8res utilis\u00e9s pour d\u00e9terminer cette dur\u00e9e ;<\/li>\n<li>l&rsquo;existence d&rsquo;un processus d\u00e9cisionnel automatis\u00e9, y compris le profilage.<\/li>\n<\/ul>\n<p>En outre, vous pouvez demander :<\/p>\n<ul>\n<li>la rectification de vos donn\u00e9es, si elles sont inexactes ;<\/li>\n<li>leur effacement, dans les cas o\u00f9 : i) les donn\u00e9es \u00e0 caract\u00e8re personnel ne sont plus n\u00e9cessaires aux fins de leur collecte et\/ou de leur traitement ; ii) le retrait du consentement, sauf s&rsquo;il existe un autre int\u00e9r\u00eat l\u00e9gitime. Base juridique du traitement ; iii) opposition conform\u00e9ment \u00e0 l&rsquo;article 21, paragraphes 1 et 2, du R\u00e8glement ; iv) le respect d&rsquo;une obligation l\u00e9gale est n\u00e9cessaire ;<\/li>\n<li>limitation du traitement dans les cas suivants : i) vous contestez l&rsquo;exactitude des donn\u00e9es \u00e0 caract\u00e8re personnel, pendant une dur\u00e9e permettant au responsable du traitement de v\u00e9rifier l&rsquo;exactitude des donn\u00e9es ; ii) le traitement est illicite et vous souhaitez vous opposer \u00e0 leur effacement en demandant la limitation de leur utilisation ; iii) le responsable du traitement n&rsquo;a plus besoin des donn\u00e9es \u00e0 caract\u00e8re personnel, mais vous en avez besoin pour la constatation, l&rsquo;exercice ou la d\u00e9fense de droits en justice ; iv) en cas d&rsquo;exercice du droit d&rsquo;opposition conform\u00e9ment \u00e0 l&rsquo;article 21, pendant une dur\u00e9e permettant au responsable du traitement de v\u00e9rifier si les motifs l\u00e9gitimes pour le traitement qu&rsquo;il poursuit pr\u00e9valent sur les v\u00f4tres ;<\/li>\n<li>de recevoir, dans un format structur\u00e9, couramment utilis\u00e9 et lisible par machine, les donn\u00e9es \u00e0 caract\u00e8re personnel trait\u00e9es par des proc\u00e9d\u00e9s automatis\u00e9s, sur la base du consentement ou d&rsquo;un contrat ;<\/li>\n<li>que les donn\u00e9es ne soient plus trait\u00e9es \u00e0 des fins de marketing direct, en vous y opposant conform\u00e9ment \u00e0 l&rsquo;article 21, paragraphe 2, du R\u00e8glement.<\/li>\n<\/ul>\n<p>Enfin, vous avez le droit de d\u00e9poser une plainte aupr\u00e8s de l&rsquo;Autorit\u00e9 italienne de protection des donn\u00e9es, situ\u00e9e \u00e0 Rome, Piazza Venezia 11, si vous estimez qu&rsquo;un traitement de donn\u00e9es enfreint le R\u00e8glement.<\/td>\n<\/tr>\n<\/tbody>\n<\/table>\n","protected":false},"excerpt":{"rendered":"<p>&nbsp; INFORMATIONS SUR LE TRAITEMENT DES DONN\u00c9ES PERSONNELLES CONFORM\u00c9MENT \u00c0 L&rsquo;ARTICLE 13 DU R\u00c8GLEMENT (UE) NRO 679\/2016 Chez SIARE ENGINEERING INTERNATIONAL GROUP S.p.A. (ci-apr\u00e8s SIARE), nous prenons la protection de vos donn\u00e9es personnelles tr\u00e8s s\u00e9rieusement et, pour cette raison, nous nous engageons constamment \u00e0 garantir le respect de votre vie priv\u00e9e. Dans ce contexte, nous [&hellip;]<\/p>\n","protected":false},"author":4,"featured_media":0,"parent":0,"menu_order":0,"comment_status":"closed","ping_status":"closed","template":"","meta":{"_acf_changed":false,"footnotes":""},"class_list":["post-5245","page","type-page","status-publish","hentry"],"acf":[],"yoast_head":"<!-- This site is optimized with the Yoast SEO plugin v25.3.1 - https:\/\/yoast.com\/wordpress\/plugins\/seo\/ -->\n<title>Privacy Policy &amp; Cookie Policy - Siare<\/title>\n<meta name=\"robots\" content=\"index, follow, max-snippet:-1, max-image-preview:large, max-video-preview:-1\" \/>\n<link rel=\"canonical\" href=\"https:\/\/www.siare.it\/fr\/privacy-policy\/\" \/>\n<meta property=\"og:locale\" content=\"fr_FR\" \/>\n<meta property=\"og:type\" content=\"article\" \/>\n<meta property=\"og:title\" content=\"Privacy Policy &amp; Cookie Policy - Siare\" \/>\n<meta property=\"og:description\" content=\"&nbsp; INFORMATIONS SUR LE TRAITEMENT DES DONN\u00c9ES PERSONNELLES CONFORM\u00c9MENT \u00c0 L&rsquo;ARTICLE 13 DU R\u00c8GLEMENT (UE) NRO 679\/2016 Chez SIARE ENGINEERING INTERNATIONAL GROUP S.p.A. (ci-apr\u00e8s SIARE), nous prenons la protection de vos donn\u00e9es personnelles tr\u00e8s s\u00e9rieusement et, pour cette raison, nous nous engageons constamment \u00e0 garantir le respect de votre vie priv\u00e9e. Dans ce contexte, nous [&hellip;]\" \/>\n<meta property=\"og:url\" content=\"https:\/\/www.siare.it\/fr\/privacy-policy\/\" \/>\n<meta property=\"og:site_name\" content=\"Siare\" \/>\n<meta property=\"article:modified_time\" content=\"2025-07-23T11:24:50+00:00\" \/>\n<meta name=\"twitter:card\" content=\"summary_large_image\" \/>\n<meta name=\"twitter:label1\" content=\"Dur\u00e9e de lecture estim\u00e9e\" \/>\n\t<meta name=\"twitter:data1\" content=\"9 minutes\" \/>\n<script type=\"application\/ld+json\" class=\"yoast-schema-graph\">{\"@context\":\"https:\/\/schema.org\",\"@graph\":[{\"@type\":\"WebPage\",\"@id\":\"https:\/\/www.siare.it\/fr\/privacy-policy\/\",\"url\":\"https:\/\/www.siare.it\/fr\/privacy-policy\/\",\"name\":\"Privacy Policy & Cookie Policy - Siare\",\"isPartOf\":{\"@id\":\"https:\/\/www.siare.it\/#website\"},\"datePublished\":\"2018-11-20T09:09:21+00:00\",\"dateModified\":\"2025-07-23T11:24:50+00:00\",\"breadcrumb\":{\"@id\":\"https:\/\/www.siare.it\/fr\/privacy-policy\/#breadcrumb\"},\"inLanguage\":\"fr-FR\",\"potentialAction\":[{\"@type\":\"ReadAction\",\"target\":[\"https:\/\/www.siare.it\/fr\/privacy-policy\/\"]}]},{\"@type\":\"BreadcrumbList\",\"@id\":\"https:\/\/www.siare.it\/fr\/privacy-policy\/#breadcrumb\",\"itemListElement\":[{\"@type\":\"ListItem\",\"position\":1,\"name\":\"Home\",\"item\":\"https:\/\/www.siare.it\/fr\/\"},{\"@type\":\"ListItem\",\"position\":2,\"name\":\"Privacy Policy &#038; Cookie Policy\"}]},{\"@type\":\"WebSite\",\"@id\":\"https:\/\/www.siare.it\/#website\",\"url\":\"https:\/\/www.siare.it\/\",\"name\":\"Siare\",\"description\":\"Leader nel campo dell\u2019automazione e della meccanica di alta precisione.\",\"publisher\":{\"@id\":\"https:\/\/www.siare.it\/#organization\"},\"potentialAction\":[{\"@type\":\"SearchAction\",\"target\":{\"@type\":\"EntryPoint\",\"urlTemplate\":\"https:\/\/www.siare.it\/?s={search_term_string}\"},\"query-input\":{\"@type\":\"PropertyValueSpecification\",\"valueRequired\":true,\"valueName\":\"search_term_string\"}}],\"inLanguage\":\"fr-FR\"},{\"@type\":\"Organization\",\"@id\":\"https:\/\/www.siare.it\/#organization\",\"name\":\"Siare\",\"url\":\"https:\/\/www.siare.it\/\",\"logo\":{\"@type\":\"ImageObject\",\"inLanguage\":\"fr-FR\",\"@id\":\"https:\/\/www.siare.it\/#\/schema\/logo\/image\/\",\"url\":\"https:\/\/www.siare.it\/wp-content\/uploads\/2019\/03\/siare-logo-vettoriale-footer.png\",\"contentUrl\":\"https:\/\/www.siare.it\/wp-content\/uploads\/2019\/03\/siare-logo-vettoriale-footer.png\",\"width\":150,\"height\":84,\"caption\":\"Siare\"},\"image\":{\"@id\":\"https:\/\/www.siare.it\/#\/schema\/logo\/image\/\"}}]}<\/script>\n<!-- \/ Yoast SEO plugin. -->","yoast_head_json":{"title":"Privacy Policy & Cookie Policy - Siare","robots":{"index":"index","follow":"follow","max-snippet":"max-snippet:-1","max-image-preview":"max-image-preview:large","max-video-preview":"max-video-preview:-1"},"canonical":"https:\/\/www.siare.it\/fr\/privacy-policy\/","og_locale":"fr_FR","og_type":"article","og_title":"Privacy Policy & Cookie Policy - Siare","og_description":"&nbsp; INFORMATIONS SUR LE TRAITEMENT DES DONN\u00c9ES PERSONNELLES CONFORM\u00c9MENT \u00c0 L&rsquo;ARTICLE 13 DU R\u00c8GLEMENT (UE) NRO 679\/2016 Chez SIARE ENGINEERING INTERNATIONAL GROUP S.p.A. (ci-apr\u00e8s SIARE), nous prenons la protection de vos donn\u00e9es personnelles tr\u00e8s s\u00e9rieusement et, pour cette raison, nous nous engageons constamment \u00e0 garantir le respect de votre vie priv\u00e9e. Dans ce contexte, nous [&hellip;]","og_url":"https:\/\/www.siare.it\/fr\/privacy-policy\/","og_site_name":"Siare","article_modified_time":"2025-07-23T11:24:50+00:00","twitter_card":"summary_large_image","twitter_misc":{"Dur\u00e9e de lecture estim\u00e9e":"9 minutes"},"schema":{"@context":"https:\/\/schema.org","@graph":[{"@type":"WebPage","@id":"https:\/\/www.siare.it\/fr\/privacy-policy\/","url":"https:\/\/www.siare.it\/fr\/privacy-policy\/","name":"Privacy Policy & Cookie Policy - Siare","isPartOf":{"@id":"https:\/\/www.siare.it\/#website"},"datePublished":"2018-11-20T09:09:21+00:00","dateModified":"2025-07-23T11:24:50+00:00","breadcrumb":{"@id":"https:\/\/www.siare.it\/fr\/privacy-policy\/#breadcrumb"},"inLanguage":"fr-FR","potentialAction":[{"@type":"ReadAction","target":["https:\/\/www.siare.it\/fr\/privacy-policy\/"]}]},{"@type":"BreadcrumbList","@id":"https:\/\/www.siare.it\/fr\/privacy-policy\/#breadcrumb","itemListElement":[{"@type":"ListItem","position":1,"name":"Home","item":"https:\/\/www.siare.it\/fr\/"},{"@type":"ListItem","position":2,"name":"Privacy Policy &#038; Cookie Policy"}]},{"@type":"WebSite","@id":"https:\/\/www.siare.it\/#website","url":"https:\/\/www.siare.it\/","name":"Siare","description":"Leader nel campo dell\u2019automazione e della meccanica di alta precisione.","publisher":{"@id":"https:\/\/www.siare.it\/#organization"},"potentialAction":[{"@type":"SearchAction","target":{"@type":"EntryPoint","urlTemplate":"https:\/\/www.siare.it\/?s={search_term_string}"},"query-input":{"@type":"PropertyValueSpecification","valueRequired":true,"valueName":"search_term_string"}}],"inLanguage":"fr-FR"},{"@type":"Organization","@id":"https:\/\/www.siare.it\/#organization","name":"Siare","url":"https:\/\/www.siare.it\/","logo":{"@type":"ImageObject","inLanguage":"fr-FR","@id":"https:\/\/www.siare.it\/#\/schema\/logo\/image\/","url":"https:\/\/www.siare.it\/wp-content\/uploads\/2019\/03\/siare-logo-vettoriale-footer.png","contentUrl":"https:\/\/www.siare.it\/wp-content\/uploads\/2019\/03\/siare-logo-vettoriale-footer.png","width":150,"height":84,"caption":"Siare"},"image":{"@id":"https:\/\/www.siare.it\/#\/schema\/logo\/image\/"}}]}},"_links":{"self":[{"href":"https:\/\/www.siare.it\/fr\/wp-json\/wp\/v2\/pages\/5245","targetHints":{"allow":["GET"]}}],"collection":[{"href":"https:\/\/www.siare.it\/fr\/wp-json\/wp\/v2\/pages"}],"about":[{"href":"https:\/\/www.siare.it\/fr\/wp-json\/wp\/v2\/types\/page"}],"author":[{"embeddable":true,"href":"https:\/\/www.siare.it\/fr\/wp-json\/wp\/v2\/users\/4"}],"replies":[{"embeddable":true,"href":"https:\/\/www.siare.it\/fr\/wp-json\/wp\/v2\/comments?post=5245"}],"version-history":[{"count":2,"href":"https:\/\/www.siare.it\/fr\/wp-json\/wp\/v2\/pages\/5245\/revisions"}],"predecessor-version":[{"id":5262,"href":"https:\/\/www.siare.it\/fr\/wp-json\/wp\/v2\/pages\/5245\/revisions\/5262"}],"wp:attachment":[{"href":"https:\/\/www.siare.it\/fr\/wp-json\/wp\/v2\/media?parent=5245"}],"curies":[{"name":"wp","href":"https:\/\/api.w.org\/{rel}","templated":true}]}}