{"id":5170,"date":"2025-03-11T12:46:31","date_gmt":"2025-03-11T11:46:31","guid":{"rendered":"https:\/\/www.siare.it\/?post_type=product&#038;p=5170"},"modified":"2025-10-30T11:14:07","modified_gmt":"2025-10-30T10:14:07","slug":"morpheus-m","status":"publish","type":"product","link":"https:\/\/www.siare.it\/es\/prodotto\/morpheus-m\/","title":{"rendered":"Morpheus M"},"content":{"rendered":"<p>La m\u00e1quina de anestesia modelo Morpheus M es adecuada para el tratamiento de pacientes adultos, pedi\u00e1tricos y neonatales. Est\u00e1 equipada con 5 rot\u00e1metros. La estructura del mueble est\u00e1 fabricada en un 30% de aleaci\u00f3n ligera y un 70% de material pl\u00e1stico completamente reciclable. Gracias al material utilizado, la Morpheus M tiene un peso total inferior a 80 kg.<\/p>\n<p>&nbsp;<\/p>\n<h4>Sistema de ventilaci\u00f3n manual<\/h4>\n<p>La Morpheus M cuenta con un avanzado sistema de ventilaci\u00f3n manual que el ventilador puede encender y apagar autom\u00e1ticamente; el operador puede seleccionar el sistema APL o el sistema AUX con v\u00e1lvula tradicional to and fro y sistema de seguridad de derivaci\u00f3n de O2.<\/p>\n<p>&nbsp;<\/p>\n<h4>Ventilador electr\u00f3nico con pantalla t\u00e1ctil de 12\u201d en color<\/h4>\n<p>El ventilador funciona con un sistema de control electr\u00f3nico por microprocesador con una interfaz sencilla e intuitiva, que permite al anestesista operar de forma clara y segura. Control mediante codificador o pantalla t\u00e1ctil para el ajuste y gesti\u00f3n de todos los par\u00e1metros respiratorios. Este sistema incorpora compensaci\u00f3n autom\u00e1tica de espacios muertos, c\u00e1lculo de fugas y calibraci\u00f3n autom\u00e1tica del transductor de FiO2.<\/p>\n<p>&nbsp;<\/p>\n<h4>Breathing System<\/h4>\n<p>El sistema respiratorio de la Morpheus M es una novedad absoluta. Su filosof\u00eda de dise\u00f1o es el resultado de m\u00e1s de 40 a\u00f1os de experiencia en el campo de la anestesia. El sistema es compacto, liviano para extracci\u00f3n manual y totalmente esterilizable en autoclave. El grupo est\u00e1 equipado con un sistema de calentamiento autom\u00e1tico que evita la humedad con posibilidad de utilizar el vaso absorbente de CO2 reutilizable.<\/p>\n<p>El vaso absorbente de CO2 es de liberaci\u00f3n r\u00e1pida, lo que permite su reemplazo incluso durante la anestesia.<\/p>\n<p>&nbsp;<\/p>\n<h2>Elementos Distinctivos<\/h2>\n<ul>\n<li>Pr\u00e1ctico y sencillo, con interfaz de usuario y nomenclatura estandarizadas.<\/li>\n<li>Exclusivo sensor de flujo Micro Flow de perturbaci\u00f3n magn\u00e9tica multiuso capaz de medir vol\u00famenes desde 2 ml.<\/li>\n<li>Doble entrada por pantalla t\u00e1ctil y control por codificador con teclas.<\/li>\n<li>Equipado con pantalla t\u00e1ctil a color de 12\u201d.<\/li>\n<li>Posibilidad de instalar hasta dos vaporizadores.<\/li>\n<li>Amplios cajones para guardar todo lo necesario.<\/li>\n<li>Gesti\u00f3n del gas a trav\u00e9s de los tres grifos correspondientes: O2, Aire y N2O.<\/li>\n<li>Hasta 90 minutos de duraci\u00f3n de la bater\u00eda con una bater\u00eda completamente cargada\u00b9.<\/li>\n<\/ul>\n<p>&nbsp;<\/p>\n<h2><strong>Versi\u00f3n<\/strong><\/h2>\n<p>OM3.S5-TS: Morpheus M<\/p>\n<p>&nbsp;<\/p>\n<hr \/>\n<p>\u00b9La duraci\u00f3n debe considerarse indicativa ya que se define en el modo APCV con los siguientes par\u00e1metros configurados: Pinsp: 10 cmH2O, PEEP: OFF, FR: 13 bpm, I:E: 1:2, Pendiente: 2, Trigger: OFF<\/p>\n","protected":false},"excerpt":{"rendered":"<p>La Morpheus M es una m\u00e1quina de anestesia vers\u00e1til, adecuada para el tratamiento de pacientes adultos, pedi\u00e1tricos y neonatales. Con un avanzado sistema de ventilaci\u00f3n manual y un innovador Breathing System, garantiza alto rendimiento y seguridad.<\/p>\n","protected":false},"featured_media":5179,"comment_status":"closed","ping_status":"closed","template":"","meta":{"_acf_changed":false},"product_brand":[],"product_cat":[80,82],"product_tag":[],"class_list":{"0":"post-5170","1":"product","2":"type-product","3":"status-publish","4":"has-post-thumbnail","6":"product_cat-anestesia-es","7":"product_cat-estacion-de-trabajo-para-anestesia","9":"first","10":"instock","11":"shipping-taxable","12":"product-type-simple"},"acf":[],"yoast_head":"<!-- This site is optimized with the Yoast SEO plugin v25.3.1 - https:\/\/yoast.com\/wordpress\/plugins\/seo\/ -->\n<title>Morpheus M - Siare Engineering International Group<\/title>\n<meta name=\"robots\" content=\"index, follow, max-snippet:-1, max-image-preview:large, max-video-preview:-1\" \/>\n<link rel=\"canonical\" href=\"https:\/\/www.siare.it\/es\/prodotto\/morpheus-m\/\" \/>\n<meta property=\"og:locale\" content=\"es_ES\" \/>\n<meta property=\"og:type\" content=\"article\" \/>\n<meta property=\"og:title\" content=\"Morpheus M - Siare Engineering International Group\" \/>\n<meta property=\"og:description\" content=\"La Morpheus M es una m\u00e1quina de anestesia vers\u00e1til, adecuada para el tratamiento de pacientes adultos, pedi\u00e1tricos y neonatales. Con un avanzado sistema de ventilaci\u00f3n manual y un innovador Breathing System, garantiza alto rendimiento y seguridad.\" \/>\n<meta property=\"og:url\" content=\"https:\/\/www.siare.it\/es\/prodotto\/morpheus-m\/\" \/>\n<meta property=\"og:site_name\" content=\"Siare Engineering International Group\" \/>\n<meta property=\"article:modified_time\" content=\"2025-10-30T10:14:07+00:00\" \/>\n<meta property=\"og:image\" content=\"https:\/\/www.siare.it\/wp-content\/uploads\/2025\/03\/morpheus-M.png\" \/>\n\t<meta property=\"og:image:width\" content=\"2000\" \/>\n\t<meta property=\"og:image:height\" content=\"2000\" \/>\n\t<meta property=\"og:image:type\" content=\"image\/png\" \/>\n<meta name=\"twitter:card\" content=\"summary_large_image\" \/>\n<meta name=\"twitter:label1\" content=\"Tiempo de lectura\" \/>\n\t<meta name=\"twitter:data1\" content=\"3 minutos\" \/>\n<script type=\"application\/ld+json\" class=\"yoast-schema-graph\">{\"@context\":\"https:\/\/schema.org\",\"@graph\":[{\"@type\":\"WebPage\",\"@id\":\"https:\/\/www.siare.it\/es\/prodotto\/morpheus-m\/\",\"url\":\"https:\/\/www.siare.it\/es\/prodotto\/morpheus-m\/\",\"name\":\"Morpheus M - Siare Engineering International Group\",\"isPartOf\":{\"@id\":\"https:\/\/www.siare.it\/#website\"},\"primaryImageOfPage\":{\"@id\":\"https:\/\/www.siare.it\/es\/prodotto\/morpheus-m\/#primaryimage\"},\"image\":{\"@id\":\"https:\/\/www.siare.it\/es\/prodotto\/morpheus-m\/#primaryimage\"},\"thumbnailUrl\":\"https:\/\/www.siare.it\/wp-content\/uploads\/2025\/03\/morpheus-M.png\",\"datePublished\":\"2025-03-11T11:46:31+00:00\",\"dateModified\":\"2025-10-30T10:14:07+00:00\",\"breadcrumb\":{\"@id\":\"https:\/\/www.siare.it\/es\/prodotto\/morpheus-m\/#breadcrumb\"},\"inLanguage\":\"es\",\"potentialAction\":[{\"@type\":\"ReadAction\",\"target\":[\"https:\/\/www.siare.it\/es\/prodotto\/morpheus-m\/\"]}]},{\"@type\":\"ImageObject\",\"inLanguage\":\"es\",\"@id\":\"https:\/\/www.siare.it\/es\/prodotto\/morpheus-m\/#primaryimage\",\"url\":\"https:\/\/www.siare.it\/wp-content\/uploads\/2025\/03\/morpheus-M.png\",\"contentUrl\":\"https:\/\/www.siare.it\/wp-content\/uploads\/2025\/03\/morpheus-M.png\",\"width\":2000,\"height\":2000},{\"@type\":\"BreadcrumbList\",\"@id\":\"https:\/\/www.siare.it\/es\/prodotto\/morpheus-m\/#breadcrumb\",\"itemListElement\":[{\"@type\":\"ListItem\",\"position\":1,\"name\":\"Home\",\"item\":\"https:\/\/www.siare.it\/\"},{\"@type\":\"ListItem\",\"position\":2,\"name\":\"Productos\",\"item\":\"https:\/\/www.siare.it\/prodotti\/\"},{\"@type\":\"ListItem\",\"position\":3,\"name\":\"Anestesia\",\"item\":\"https:\/\/www.siare.it\/categoria-prodotto\/anestesia-es\/\"},{\"@type\":\"ListItem\",\"position\":4,\"name\":\"Morpheus M\"}]},{\"@type\":\"WebSite\",\"@id\":\"https:\/\/www.siare.it\/#website\",\"url\":\"https:\/\/www.siare.it\/\",\"name\":\"Siare Engineering International Group\",\"description\":\"Leader nel campo dell\u2019automazione e della meccanica di alta precisione.\",\"publisher\":{\"@id\":\"https:\/\/www.siare.it\/#organization\"},\"potentialAction\":[{\"@type\":\"SearchAction\",\"target\":{\"@type\":\"EntryPoint\",\"urlTemplate\":\"https:\/\/www.siare.it\/?s={search_term_string}\"},\"query-input\":{\"@type\":\"PropertyValueSpecification\",\"valueRequired\":true,\"valueName\":\"search_term_string\"}}],\"inLanguage\":\"es\"},{\"@type\":\"Organization\",\"@id\":\"https:\/\/www.siare.it\/#organization\",\"name\":\"Siare\",\"url\":\"https:\/\/www.siare.it\/\",\"logo\":{\"@type\":\"ImageObject\",\"inLanguage\":\"es\",\"@id\":\"https:\/\/www.siare.it\/#\/schema\/logo\/image\/\",\"url\":\"https:\/\/www.siare.it\/wp-content\/uploads\/2019\/03\/siare-logo-vettoriale-footer.png\",\"contentUrl\":\"https:\/\/www.siare.it\/wp-content\/uploads\/2019\/03\/siare-logo-vettoriale-footer.png\",\"width\":150,\"height\":84,\"caption\":\"Siare\"},\"image\":{\"@id\":\"https:\/\/www.siare.it\/#\/schema\/logo\/image\/\"}}]}<\/script>\n<!-- \/ Yoast SEO plugin. -->","yoast_head_json":{"title":"Morpheus M - Siare Engineering International Group","robots":{"index":"index","follow":"follow","max-snippet":"max-snippet:-1","max-image-preview":"max-image-preview:large","max-video-preview":"max-video-preview:-1"},"canonical":"https:\/\/www.siare.it\/es\/prodotto\/morpheus-m\/","og_locale":"es_ES","og_type":"article","og_title":"Morpheus M - Siare Engineering International Group","og_description":"La Morpheus M es una m\u00e1quina de anestesia vers\u00e1til, adecuada para el tratamiento de pacientes adultos, pedi\u00e1tricos y neonatales. Con un avanzado sistema de ventilaci\u00f3n manual y un innovador Breathing System, garantiza alto rendimiento y seguridad.","og_url":"https:\/\/www.siare.it\/es\/prodotto\/morpheus-m\/","og_site_name":"Siare Engineering International Group","article_modified_time":"2025-10-30T10:14:07+00:00","og_image":[{"width":2000,"height":2000,"url":"https:\/\/www.siare.it\/wp-content\/uploads\/2025\/03\/morpheus-M.png","type":"image\/png"}],"twitter_card":"summary_large_image","twitter_misc":{"Tiempo de lectura":"3 minutos"},"schema":{"@context":"https:\/\/schema.org","@graph":[{"@type":"WebPage","@id":"https:\/\/www.siare.it\/es\/prodotto\/morpheus-m\/","url":"https:\/\/www.siare.it\/es\/prodotto\/morpheus-m\/","name":"Morpheus M - Siare Engineering International Group","isPartOf":{"@id":"https:\/\/www.siare.it\/#website"},"primaryImageOfPage":{"@id":"https:\/\/www.siare.it\/es\/prodotto\/morpheus-m\/#primaryimage"},"image":{"@id":"https:\/\/www.siare.it\/es\/prodotto\/morpheus-m\/#primaryimage"},"thumbnailUrl":"https:\/\/www.siare.it\/wp-content\/uploads\/2025\/03\/morpheus-M.png","datePublished":"2025-03-11T11:46:31+00:00","dateModified":"2025-10-30T10:14:07+00:00","breadcrumb":{"@id":"https:\/\/www.siare.it\/es\/prodotto\/morpheus-m\/#breadcrumb"},"inLanguage":"es","potentialAction":[{"@type":"ReadAction","target":["https:\/\/www.siare.it\/es\/prodotto\/morpheus-m\/"]}]},{"@type":"ImageObject","inLanguage":"es","@id":"https:\/\/www.siare.it\/es\/prodotto\/morpheus-m\/#primaryimage","url":"https:\/\/www.siare.it\/wp-content\/uploads\/2025\/03\/morpheus-M.png","contentUrl":"https:\/\/www.siare.it\/wp-content\/uploads\/2025\/03\/morpheus-M.png","width":2000,"height":2000},{"@type":"BreadcrumbList","@id":"https:\/\/www.siare.it\/es\/prodotto\/morpheus-m\/#breadcrumb","itemListElement":[{"@type":"ListItem","position":1,"name":"Home","item":"https:\/\/www.siare.it\/"},{"@type":"ListItem","position":2,"name":"Productos","item":"https:\/\/www.siare.it\/prodotti\/"},{"@type":"ListItem","position":3,"name":"Anestesia","item":"https:\/\/www.siare.it\/categoria-prodotto\/anestesia-es\/"},{"@type":"ListItem","position":4,"name":"Morpheus M"}]},{"@type":"WebSite","@id":"https:\/\/www.siare.it\/#website","url":"https:\/\/www.siare.it\/","name":"Siare Engineering International Group","description":"Leader nel campo dell\u2019automazione e della meccanica di alta precisione.","publisher":{"@id":"https:\/\/www.siare.it\/#organization"},"potentialAction":[{"@type":"SearchAction","target":{"@type":"EntryPoint","urlTemplate":"https:\/\/www.siare.it\/?s={search_term_string}"},"query-input":{"@type":"PropertyValueSpecification","valueRequired":true,"valueName":"search_term_string"}}],"inLanguage":"es"},{"@type":"Organization","@id":"https:\/\/www.siare.it\/#organization","name":"Siare","url":"https:\/\/www.siare.it\/","logo":{"@type":"ImageObject","inLanguage":"es","@id":"https:\/\/www.siare.it\/#\/schema\/logo\/image\/","url":"https:\/\/www.siare.it\/wp-content\/uploads\/2019\/03\/siare-logo-vettoriale-footer.png","contentUrl":"https:\/\/www.siare.it\/wp-content\/uploads\/2019\/03\/siare-logo-vettoriale-footer.png","width":150,"height":84,"caption":"Siare"},"image":{"@id":"https:\/\/www.siare.it\/#\/schema\/logo\/image\/"}}]}},"_links":{"self":[{"href":"https:\/\/www.siare.it\/es\/wp-json\/wp\/v2\/product\/5170","targetHints":{"allow":["GET"]}}],"collection":[{"href":"https:\/\/www.siare.it\/es\/wp-json\/wp\/v2\/product"}],"about":[{"href":"https:\/\/www.siare.it\/es\/wp-json\/wp\/v2\/types\/product"}],"replies":[{"embeddable":true,"href":"https:\/\/www.siare.it\/es\/wp-json\/wp\/v2\/comments?post=5170"}],"wp:featuredmedia":[{"embeddable":true,"href":"https:\/\/www.siare.it\/es\/wp-json\/wp\/v2\/media\/5179"}],"wp:attachment":[{"href":"https:\/\/www.siare.it\/es\/wp-json\/wp\/v2\/media?parent=5170"}],"wp:term":[{"taxonomy":"product_brand","embeddable":true,"href":"https:\/\/www.siare.it\/es\/wp-json\/wp\/v2\/product_brand?post=5170"},{"taxonomy":"product_cat","embeddable":true,"href":"https:\/\/www.siare.it\/es\/wp-json\/wp\/v2\/product_cat?post=5170"},{"taxonomy":"product_tag","embeddable":true,"href":"https:\/\/www.siare.it\/es\/wp-json\/wp\/v2\/product_tag?post=5170"}],"curies":[{"name":"wp","href":"https:\/\/api.w.org\/{rel}","templated":true}]}}