{"id":5168,"date":"2025-03-10T17:24:26","date_gmt":"2025-03-10T16:24:26","guid":{"rendered":"https:\/\/www.siare.it\/prodotto\/morpheus_e\/"},"modified":"2025-10-30T10:48:50","modified_gmt":"2025-10-30T09:48:50","slug":"morpheus_e","status":"publish","type":"product","link":"https:\/\/www.siare.it\/es\/prodotto\/morpheus_e\/","title":{"rendered":"Morpheus E"},"content":{"rendered":"<p>Morpheus E es una M\u00e1quinade anestesia dise\u00f1ada para su uso en pacientes adultos, pedi\u00e1tricos y neonatales. Este dispositivo nace de la uni\u00f3n de una consolidada tecnolog\u00eda de ventilaci\u00f3n combinada con los \u00faltimos est\u00e1ndares ergon\u00f3micos. Morpheus E puede utilizarse en diferentes entornos cl\u00ednicos, es f\u00e1cil de usar y con tecnolog\u00eda avanzada capaz de lograr los mejores resultados cl\u00ednicos.<\/p>\n<p>El sistema \u201cHYBRID\u201d es \u00fanico en su g\u00e9nero ya que conviven 2 funciones del ventilador: el sistema principal que permite el funcionamiento del fuelle sin necesidad de gases comprimidos a trav\u00e9s de una turbina y un segundo sistema de emergencia de ox\u00edgeno que interviene en caso de aver\u00eda de la turbina.<\/p>\n<p>El microprocesador elige autom\u00e1ticamente qu\u00e9 sistema utilizar, dando prioridad a la turbina lo que permite reducir el consumo de gas. El operador no tiene que realizar ninguna maniobra porque el sistema es completamente autom\u00e1tico.<\/p>\n<p>Adem\u00e1s, el sistema de seguridad PROTOLOCK\u00ae permite verificar la correcta conexi\u00f3n de los gases a la m\u00e1quina, advirtiendo al operador en caso de conexiones incorrectas y evitando accidentes fatales para el paciente.<\/p>\n<h2>Elementos distintivos<\/h2>\n<ul>\n<li>Pr\u00e1ctico y sencillo, con interfaz de usuario y nomenclatura estandarizadas.<\/li>\n<li>Exclusivo sensor de flujo Micro Flow de perturbaci\u00f3n magn\u00e9tica multiuso capaz de medir vol\u00famenes desde 2 ml.<\/li>\n<li>Doble entrada por pantalla t\u00e1ctil y control por codificador con teclas.<\/li>\n<li>Equipado con una gran pantalla t\u00e1ctil a color de 15\u201d.<\/li>\n<li>Posibilidad de instalar hasta dos vaporizadores.<\/li>\n<li>Ahorro de gases comprimidos al utilizar la turbina interna para mover los fuelles.<\/li>\n<li>Amplios cajones para guardar todo lo necesario.<\/li>\n<li>Hasta 90 minutos de duraci\u00f3n de la bater\u00eda con una bater\u00eda completamente cargada\u00b9.<\/li>\n<\/ul>\n<h2>Versi\u00f3n<\/h2>\n<p>OM3.SE-TS: Morpheus E<\/p>\n<p>&nbsp;<\/p>\n<hr \/>\n<ol>\n<li>La duraci\u00f3n se considerar\u00e1 indicativa ya que se define en modo APCV con los siguientes par\u00e1metros configurados: Pinsp: 10 cmH2O, PEEP: OFF, FR: 13 bpm, I:E: 1:2, Pendiente: 2, Trigger: OFF<\/li>\n<\/ol>\n","protected":false},"excerpt":{"rendered":"<p>Morpheus E es una unidad de anestesia avanzada, dise\u00f1ada para pacientes adultos, pedi\u00e1tricos y neonatales. Combinando tecnolog\u00eda de ventilaci\u00f3n de alta calidad y un dise\u00f1o ergon\u00f3mico, la unidad de anestesia es adecuada para todos los entornos hospitalarios.<\/p>\n","protected":false},"featured_media":5152,"comment_status":"closed","ping_status":"closed","template":"","meta":{"_acf_changed":false},"product_brand":[],"product_cat":[80,82],"product_tag":[],"class_list":{"0":"post-5168","1":"product","2":"type-product","3":"status-publish","4":"has-post-thumbnail","6":"product_cat-anestesia-es","7":"product_cat-estacion-de-trabajo-para-anestesia","9":"first","10":"instock","11":"shipping-taxable","12":"product-type-simple"},"acf":[],"yoast_head":"<!-- This site is optimized with the Yoast SEO plugin v25.3.1 - https:\/\/yoast.com\/wordpress\/plugins\/seo\/ -->\n<title>Morpheus E - Siare Engineering International Group<\/title>\n<meta name=\"robots\" content=\"index, follow, max-snippet:-1, max-image-preview:large, max-video-preview:-1\" \/>\n<link rel=\"canonical\" href=\"https:\/\/www.siare.it\/es\/prodotto\/morpheus_e\/\" \/>\n<meta property=\"og:locale\" content=\"es_ES\" \/>\n<meta property=\"og:type\" content=\"article\" \/>\n<meta property=\"og:title\" content=\"Morpheus E - Siare Engineering International Group\" \/>\n<meta property=\"og:description\" content=\"Morpheus E es una unidad de anestesia avanzada, dise\u00f1ada para pacientes adultos, pedi\u00e1tricos y neonatales. Combinando tecnolog\u00eda de ventilaci\u00f3n de alta calidad y un dise\u00f1o ergon\u00f3mico, la unidad de anestesia es adecuada para todos los entornos hospitalarios.\" \/>\n<meta property=\"og:url\" content=\"https:\/\/www.siare.it\/es\/prodotto\/morpheus_e\/\" \/>\n<meta property=\"og:site_name\" content=\"Siare Engineering International Group\" \/>\n<meta property=\"article:modified_time\" content=\"2025-10-30T09:48:50+00:00\" \/>\n<meta property=\"og:image\" content=\"https:\/\/www.siare.it\/wp-content\/uploads\/2025\/03\/morpheus-E.png\" \/>\n\t<meta property=\"og:image:width\" content=\"2000\" \/>\n\t<meta property=\"og:image:height\" content=\"2000\" \/>\n\t<meta property=\"og:image:type\" content=\"image\/png\" \/>\n<meta name=\"twitter:card\" content=\"summary_large_image\" \/>\n<meta name=\"twitter:label1\" content=\"Tiempo de lectura\" \/>\n\t<meta name=\"twitter:data1\" content=\"2 minutos\" \/>\n<script type=\"application\/ld+json\" class=\"yoast-schema-graph\">{\"@context\":\"https:\/\/schema.org\",\"@graph\":[{\"@type\":\"WebPage\",\"@id\":\"https:\/\/www.siare.it\/es\/prodotto\/morpheus_e\/\",\"url\":\"https:\/\/www.siare.it\/es\/prodotto\/morpheus_e\/\",\"name\":\"Morpheus E - Siare Engineering International Group\",\"isPartOf\":{\"@id\":\"https:\/\/www.siare.it\/#website\"},\"primaryImageOfPage\":{\"@id\":\"https:\/\/www.siare.it\/es\/prodotto\/morpheus_e\/#primaryimage\"},\"image\":{\"@id\":\"https:\/\/www.siare.it\/es\/prodotto\/morpheus_e\/#primaryimage\"},\"thumbnailUrl\":\"https:\/\/www.siare.it\/wp-content\/uploads\/2025\/03\/morpheus-E.png\",\"datePublished\":\"2025-03-10T16:24:26+00:00\",\"dateModified\":\"2025-10-30T09:48:50+00:00\",\"breadcrumb\":{\"@id\":\"https:\/\/www.siare.it\/es\/prodotto\/morpheus_e\/#breadcrumb\"},\"inLanguage\":\"es\",\"potentialAction\":[{\"@type\":\"ReadAction\",\"target\":[\"https:\/\/www.siare.it\/es\/prodotto\/morpheus_e\/\"]}]},{\"@type\":\"ImageObject\",\"inLanguage\":\"es\",\"@id\":\"https:\/\/www.siare.it\/es\/prodotto\/morpheus_e\/#primaryimage\",\"url\":\"https:\/\/www.siare.it\/wp-content\/uploads\/2025\/03\/morpheus-E.png\",\"contentUrl\":\"https:\/\/www.siare.it\/wp-content\/uploads\/2025\/03\/morpheus-E.png\",\"width\":2000,\"height\":2000},{\"@type\":\"BreadcrumbList\",\"@id\":\"https:\/\/www.siare.it\/es\/prodotto\/morpheus_e\/#breadcrumb\",\"itemListElement\":[{\"@type\":\"ListItem\",\"position\":1,\"name\":\"Home\",\"item\":\"https:\/\/www.siare.it\/\"},{\"@type\":\"ListItem\",\"position\":2,\"name\":\"Productos\",\"item\":\"https:\/\/www.siare.it\/prodotti\/\"},{\"@type\":\"ListItem\",\"position\":3,\"name\":\"Anestesia\",\"item\":\"https:\/\/www.siare.it\/categoria-prodotto\/anestesia-es\/\"},{\"@type\":\"ListItem\",\"position\":4,\"name\":\"Estacion de trabajo para anestesia\",\"item\":\"https:\/\/www.siare.it\/categoria-prodotto\/anestesia-es\/estacion-de-trabajo-para-anestesia\/\"},{\"@type\":\"ListItem\",\"position\":5,\"name\":\"Morpheus E\"}]},{\"@type\":\"WebSite\",\"@id\":\"https:\/\/www.siare.it\/#website\",\"url\":\"https:\/\/www.siare.it\/\",\"name\":\"Siare Engineering International Group\",\"description\":\"Leader nel campo dell\u2019automazione e della meccanica di alta precisione.\",\"publisher\":{\"@id\":\"https:\/\/www.siare.it\/#organization\"},\"potentialAction\":[{\"@type\":\"SearchAction\",\"target\":{\"@type\":\"EntryPoint\",\"urlTemplate\":\"https:\/\/www.siare.it\/?s={search_term_string}\"},\"query-input\":{\"@type\":\"PropertyValueSpecification\",\"valueRequired\":true,\"valueName\":\"search_term_string\"}}],\"inLanguage\":\"es\"},{\"@type\":\"Organization\",\"@id\":\"https:\/\/www.siare.it\/#organization\",\"name\":\"Siare\",\"url\":\"https:\/\/www.siare.it\/\",\"logo\":{\"@type\":\"ImageObject\",\"inLanguage\":\"es\",\"@id\":\"https:\/\/www.siare.it\/#\/schema\/logo\/image\/\",\"url\":\"https:\/\/www.siare.it\/wp-content\/uploads\/2019\/03\/siare-logo-vettoriale-footer.png\",\"contentUrl\":\"https:\/\/www.siare.it\/wp-content\/uploads\/2019\/03\/siare-logo-vettoriale-footer.png\",\"width\":150,\"height\":84,\"caption\":\"Siare\"},\"image\":{\"@id\":\"https:\/\/www.siare.it\/#\/schema\/logo\/image\/\"}}]}<\/script>\n<!-- \/ Yoast SEO plugin. -->","yoast_head_json":{"title":"Morpheus E - Siare Engineering International Group","robots":{"index":"index","follow":"follow","max-snippet":"max-snippet:-1","max-image-preview":"max-image-preview:large","max-video-preview":"max-video-preview:-1"},"canonical":"https:\/\/www.siare.it\/es\/prodotto\/morpheus_e\/","og_locale":"es_ES","og_type":"article","og_title":"Morpheus E - Siare Engineering International Group","og_description":"Morpheus E es una unidad de anestesia avanzada, dise\u00f1ada para pacientes adultos, pedi\u00e1tricos y neonatales. Combinando tecnolog\u00eda de ventilaci\u00f3n de alta calidad y un dise\u00f1o ergon\u00f3mico, la unidad de anestesia es adecuada para todos los entornos hospitalarios.","og_url":"https:\/\/www.siare.it\/es\/prodotto\/morpheus_e\/","og_site_name":"Siare Engineering International Group","article_modified_time":"2025-10-30T09:48:50+00:00","og_image":[{"width":2000,"height":2000,"url":"https:\/\/www.siare.it\/wp-content\/uploads\/2025\/03\/morpheus-E.png","type":"image\/png"}],"twitter_card":"summary_large_image","twitter_misc":{"Tiempo de lectura":"2 minutos"},"schema":{"@context":"https:\/\/schema.org","@graph":[{"@type":"WebPage","@id":"https:\/\/www.siare.it\/es\/prodotto\/morpheus_e\/","url":"https:\/\/www.siare.it\/es\/prodotto\/morpheus_e\/","name":"Morpheus E - Siare Engineering International Group","isPartOf":{"@id":"https:\/\/www.siare.it\/#website"},"primaryImageOfPage":{"@id":"https:\/\/www.siare.it\/es\/prodotto\/morpheus_e\/#primaryimage"},"image":{"@id":"https:\/\/www.siare.it\/es\/prodotto\/morpheus_e\/#primaryimage"},"thumbnailUrl":"https:\/\/www.siare.it\/wp-content\/uploads\/2025\/03\/morpheus-E.png","datePublished":"2025-03-10T16:24:26+00:00","dateModified":"2025-10-30T09:48:50+00:00","breadcrumb":{"@id":"https:\/\/www.siare.it\/es\/prodotto\/morpheus_e\/#breadcrumb"},"inLanguage":"es","potentialAction":[{"@type":"ReadAction","target":["https:\/\/www.siare.it\/es\/prodotto\/morpheus_e\/"]}]},{"@type":"ImageObject","inLanguage":"es","@id":"https:\/\/www.siare.it\/es\/prodotto\/morpheus_e\/#primaryimage","url":"https:\/\/www.siare.it\/wp-content\/uploads\/2025\/03\/morpheus-E.png","contentUrl":"https:\/\/www.siare.it\/wp-content\/uploads\/2025\/03\/morpheus-E.png","width":2000,"height":2000},{"@type":"BreadcrumbList","@id":"https:\/\/www.siare.it\/es\/prodotto\/morpheus_e\/#breadcrumb","itemListElement":[{"@type":"ListItem","position":1,"name":"Home","item":"https:\/\/www.siare.it\/"},{"@type":"ListItem","position":2,"name":"Productos","item":"https:\/\/www.siare.it\/prodotti\/"},{"@type":"ListItem","position":3,"name":"Anestesia","item":"https:\/\/www.siare.it\/categoria-prodotto\/anestesia-es\/"},{"@type":"ListItem","position":4,"name":"Estacion de trabajo para anestesia","item":"https:\/\/www.siare.it\/categoria-prodotto\/anestesia-es\/estacion-de-trabajo-para-anestesia\/"},{"@type":"ListItem","position":5,"name":"Morpheus E"}]},{"@type":"WebSite","@id":"https:\/\/www.siare.it\/#website","url":"https:\/\/www.siare.it\/","name":"Siare Engineering International Group","description":"Leader nel campo dell\u2019automazione e della meccanica di alta precisione.","publisher":{"@id":"https:\/\/www.siare.it\/#organization"},"potentialAction":[{"@type":"SearchAction","target":{"@type":"EntryPoint","urlTemplate":"https:\/\/www.siare.it\/?s={search_term_string}"},"query-input":{"@type":"PropertyValueSpecification","valueRequired":true,"valueName":"search_term_string"}}],"inLanguage":"es"},{"@type":"Organization","@id":"https:\/\/www.siare.it\/#organization","name":"Siare","url":"https:\/\/www.siare.it\/","logo":{"@type":"ImageObject","inLanguage":"es","@id":"https:\/\/www.siare.it\/#\/schema\/logo\/image\/","url":"https:\/\/www.siare.it\/wp-content\/uploads\/2019\/03\/siare-logo-vettoriale-footer.png","contentUrl":"https:\/\/www.siare.it\/wp-content\/uploads\/2019\/03\/siare-logo-vettoriale-footer.png","width":150,"height":84,"caption":"Siare"},"image":{"@id":"https:\/\/www.siare.it\/#\/schema\/logo\/image\/"}}]}},"_links":{"self":[{"href":"https:\/\/www.siare.it\/es\/wp-json\/wp\/v2\/product\/5168","targetHints":{"allow":["GET"]}}],"collection":[{"href":"https:\/\/www.siare.it\/es\/wp-json\/wp\/v2\/product"}],"about":[{"href":"https:\/\/www.siare.it\/es\/wp-json\/wp\/v2\/types\/product"}],"replies":[{"embeddable":true,"href":"https:\/\/www.siare.it\/es\/wp-json\/wp\/v2\/comments?post=5168"}],"wp:featuredmedia":[{"embeddable":true,"href":"https:\/\/www.siare.it\/es\/wp-json\/wp\/v2\/media\/5152"}],"wp:attachment":[{"href":"https:\/\/www.siare.it\/es\/wp-json\/wp\/v2\/media?parent=5168"}],"wp:term":[{"taxonomy":"product_brand","embeddable":true,"href":"https:\/\/www.siare.it\/es\/wp-json\/wp\/v2\/product_brand?post=5168"},{"taxonomy":"product_cat","embeddable":true,"href":"https:\/\/www.siare.it\/es\/wp-json\/wp\/v2\/product_cat?post=5168"},{"taxonomy":"product_tag","embeddable":true,"href":"https:\/\/www.siare.it\/es\/wp-json\/wp\/v2\/product_tag?post=5168"}],"curies":[{"name":"wp","href":"https:\/\/api.w.org\/{rel}","templated":true}]}}