{"id":3817,"date":"2020-01-22T15:06:38","date_gmt":"2020-01-22T14:06:38","guid":{"rendered":"http:\/\/www.siare.it\/?post_type=product&#038;p=3817"},"modified":"2022-11-03T09:57:56","modified_gmt":"2022-11-03T08:57:56","slug":"aria-104","status":"publish","type":"product","link":"https:\/\/www.siare.it\/es\/prodotto\/aria-104\/","title":{"rendered":"ARIA 104"},"content":{"rendered":"<p>ARIA 104 es un ventilador pulmonar avanzado de tama\u00f1o y peso limitados, ideal para el tratamiento respiratorio de pacientes adultos, pedi\u00e1tricos y neonatos agudos y cr\u00f3nicos. Es la opci\u00f3n ideal para su uso en unidades de cuidados intensivos, emergencia, primeros auxilios, neumolog\u00eda y transporte intra y extra hospitalario.<\/p>\n<h2>Accesorios opcionales<\/h2>\n<p><strong>G00213001 <\/strong>Desenganche r\u00e1pido 10g para ambulancia<br \/>\n<strong>G91000000<\/strong> Modulo CO2 sidestream<br \/>\n<strong>G92000000<\/strong> Modulo CO2 mainstream<br \/>\n<strong>00326<\/strong> Carro con cinco ruedas<br \/>\n<strong>G80063010<\/strong> Grupo bater\u00eda adicional<br \/>\n<strong>00327<\/strong> Soporte con ruedas con enganche r\u00e1pido para soporte tubular para ventilador y malet\u00edn<br \/>\n<strong>06750\/SB<\/strong> Brazo soporte<\/p>\n<h2>Versiones<\/h2>\n<p><strong>980104\/A<\/strong> Ventilador Pulmonar ARIA 104<\/p>\n","protected":false},"excerpt":{"rendered":"<p>ARIA 104 es un ventilador pulmonar avanzado de tama\u00f1o y peso limitados, ideal para el tratamiento respiratorio de pacientes adultos, pedi\u00e1tricos y neonatos agudos y cr\u00f3nicos.<br \/>\nEs la opci\u00f3n ideal para su uso en unidades de cuidados intensivos, emergencia, primeros auxilios, neumolog\u00eda y transporte intra y extra hospitalario.<\/p>\n","protected":false},"featured_media":4478,"comment_status":"closed","ping_status":"closed","template":"","meta":{"_acf_changed":false},"product_brand":[],"product_cat":[101,47],"product_tag":[],"class_list":{"0":"post-3817","1":"product","2":"type-product","3":"status-publish","4":"has-post-thumbnail","6":"product_cat-reanimacion","7":"product_cat-ventiladores-pulmonares","9":"first","10":"instock","11":"shipping-taxable","12":"product-type-simple"},"acf":[],"yoast_head":"<!-- This site is optimized with the Yoast SEO plugin v25.3.1 - https:\/\/yoast.com\/wordpress\/plugins\/seo\/ -->\n<title>ARIA 104 - Siare Engineering International Group<\/title>\n<meta name=\"robots\" content=\"index, follow, max-snippet:-1, max-image-preview:large, max-video-preview:-1\" \/>\n<link rel=\"canonical\" href=\"https:\/\/www.siare.it\/prodotto\/aria-104\/\" \/>\n<meta property=\"og:locale\" content=\"es_ES\" \/>\n<meta property=\"og:type\" content=\"article\" \/>\n<meta property=\"og:title\" content=\"ARIA 104 - Siare Engineering International Group\" \/>\n<meta property=\"og:description\" content=\"ARIA 104 es un ventilador pulmonar avanzado de tama\u00f1o y peso limitados, ideal para el tratamiento respiratorio de pacientes adultos, pedi\u00e1tricos y neonatos agudos y cr\u00f3nicos. Es la opci\u00f3n ideal para su uso en unidades de cuidados intensivos, emergencia, primeros auxilios, neumolog\u00eda y transporte intra y extra hospitalario.\" \/>\n<meta property=\"og:url\" content=\"https:\/\/www.siare.it\/prodotto\/aria-104\/\" \/>\n<meta property=\"og:site_name\" content=\"Siare Engineering International Group\" \/>\n<meta property=\"article:modified_time\" content=\"2022-11-03T08:57:56+00:00\" \/>\n<meta property=\"og:image\" content=\"https:\/\/www.siare.it\/wp-content\/uploads\/2020\/01\/aria-104-3.png\" \/>\n\t<meta property=\"og:image:width\" content=\"1000\" \/>\n\t<meta property=\"og:image:height\" content=\"1000\" \/>\n\t<meta property=\"og:image:type\" content=\"image\/png\" \/>\n<meta name=\"twitter:card\" content=\"summary_large_image\" \/>\n<meta name=\"twitter:label1\" content=\"Tiempo de lectura\" \/>\n\t<meta name=\"twitter:data1\" content=\"1 minuto\" \/>\n<script type=\"application\/ld+json\" class=\"yoast-schema-graph\">{\"@context\":\"https:\/\/schema.org\",\"@graph\":[{\"@type\":\"WebPage\",\"@id\":\"https:\/\/www.siare.it\/prodotto\/aria-104\/\",\"url\":\"https:\/\/www.siare.it\/prodotto\/aria-104\/\",\"name\":\"ARIA 104 - Siare Engineering International Group\",\"isPartOf\":{\"@id\":\"https:\/\/www.siare.it\/#website\"},\"primaryImageOfPage\":{\"@id\":\"https:\/\/www.siare.it\/prodotto\/aria-104\/#primaryimage\"},\"image\":{\"@id\":\"https:\/\/www.siare.it\/prodotto\/aria-104\/#primaryimage\"},\"thumbnailUrl\":\"https:\/\/www.siare.it\/wp-content\/uploads\/2020\/01\/aria-104-3.png\",\"datePublished\":\"2020-01-22T14:06:38+00:00\",\"dateModified\":\"2022-11-03T08:57:56+00:00\",\"breadcrumb\":{\"@id\":\"https:\/\/www.siare.it\/prodotto\/aria-104\/#breadcrumb\"},\"inLanguage\":\"es\",\"potentialAction\":[{\"@type\":\"ReadAction\",\"target\":[\"https:\/\/www.siare.it\/prodotto\/aria-104\/\"]}]},{\"@type\":\"ImageObject\",\"inLanguage\":\"es\",\"@id\":\"https:\/\/www.siare.it\/prodotto\/aria-104\/#primaryimage\",\"url\":\"https:\/\/www.siare.it\/wp-content\/uploads\/2020\/01\/aria-104-3.png\",\"contentUrl\":\"https:\/\/www.siare.it\/wp-content\/uploads\/2020\/01\/aria-104-3.png\",\"width\":1000,\"height\":1000,\"caption\":\"Aria 104\"},{\"@type\":\"BreadcrumbList\",\"@id\":\"https:\/\/www.siare.it\/prodotto\/aria-104\/#breadcrumb\",\"itemListElement\":[{\"@type\":\"ListItem\",\"position\":1,\"name\":\"Home\",\"item\":\"https:\/\/www.siare.it\/\"},{\"@type\":\"ListItem\",\"position\":2,\"name\":\"Productos\",\"item\":\"https:\/\/www.siare.it\/prodotti\/\"},{\"@type\":\"ListItem\",\"position\":3,\"name\":\"Ventiladores Pulmonares\",\"item\":\"https:\/\/www.siare.it\/categoria-prodotto\/ventiladores-pulmonares\/\"},{\"@type\":\"ListItem\",\"position\":4,\"name\":\"Reanimaci\u00f3n\/Cuidados Intensivos\",\"item\":\"https:\/\/www.siare.it\/categoria-prodotto\/ventiladores-pulmonares\/reanimacion\/\"},{\"@type\":\"ListItem\",\"position\":5,\"name\":\"ARIA 104\"}]},{\"@type\":\"WebSite\",\"@id\":\"https:\/\/www.siare.it\/#website\",\"url\":\"https:\/\/www.siare.it\/\",\"name\":\"Siare Engineering International Group\",\"description\":\"Leader nel campo dell\u2019automazione e della meccanica di alta precisione.\",\"publisher\":{\"@id\":\"https:\/\/www.siare.it\/#organization\"},\"potentialAction\":[{\"@type\":\"SearchAction\",\"target\":{\"@type\":\"EntryPoint\",\"urlTemplate\":\"https:\/\/www.siare.it\/?s={search_term_string}\"},\"query-input\":{\"@type\":\"PropertyValueSpecification\",\"valueRequired\":true,\"valueName\":\"search_term_string\"}}],\"inLanguage\":\"es\"},{\"@type\":\"Organization\",\"@id\":\"https:\/\/www.siare.it\/#organization\",\"name\":\"Siare\",\"url\":\"https:\/\/www.siare.it\/\",\"logo\":{\"@type\":\"ImageObject\",\"inLanguage\":\"es\",\"@id\":\"https:\/\/www.siare.it\/#\/schema\/logo\/image\/\",\"url\":\"https:\/\/www.siare.it\/wp-content\/uploads\/2019\/03\/siare-logo-vettoriale-footer.png\",\"contentUrl\":\"https:\/\/www.siare.it\/wp-content\/uploads\/2019\/03\/siare-logo-vettoriale-footer.png\",\"width\":150,\"height\":84,\"caption\":\"Siare\"},\"image\":{\"@id\":\"https:\/\/www.siare.it\/#\/schema\/logo\/image\/\"}}]}<\/script>\n<!-- \/ Yoast SEO plugin. -->","yoast_head_json":{"title":"ARIA 104 - Siare Engineering International Group","robots":{"index":"index","follow":"follow","max-snippet":"max-snippet:-1","max-image-preview":"max-image-preview:large","max-video-preview":"max-video-preview:-1"},"canonical":"https:\/\/www.siare.it\/prodotto\/aria-104\/","og_locale":"es_ES","og_type":"article","og_title":"ARIA 104 - Siare Engineering International Group","og_description":"ARIA 104 es un ventilador pulmonar avanzado de tama\u00f1o y peso limitados, ideal para el tratamiento respiratorio de pacientes adultos, pedi\u00e1tricos y neonatos agudos y cr\u00f3nicos. Es la opci\u00f3n ideal para su uso en unidades de cuidados intensivos, emergencia, primeros auxilios, neumolog\u00eda y transporte intra y extra hospitalario.","og_url":"https:\/\/www.siare.it\/prodotto\/aria-104\/","og_site_name":"Siare Engineering International Group","article_modified_time":"2022-11-03T08:57:56+00:00","og_image":[{"width":1000,"height":1000,"url":"https:\/\/www.siare.it\/wp-content\/uploads\/2020\/01\/aria-104-3.png","type":"image\/png"}],"twitter_card":"summary_large_image","twitter_misc":{"Tiempo de lectura":"1 minuto"},"schema":{"@context":"https:\/\/schema.org","@graph":[{"@type":"WebPage","@id":"https:\/\/www.siare.it\/prodotto\/aria-104\/","url":"https:\/\/www.siare.it\/prodotto\/aria-104\/","name":"ARIA 104 - Siare Engineering International Group","isPartOf":{"@id":"https:\/\/www.siare.it\/#website"},"primaryImageOfPage":{"@id":"https:\/\/www.siare.it\/prodotto\/aria-104\/#primaryimage"},"image":{"@id":"https:\/\/www.siare.it\/prodotto\/aria-104\/#primaryimage"},"thumbnailUrl":"https:\/\/www.siare.it\/wp-content\/uploads\/2020\/01\/aria-104-3.png","datePublished":"2020-01-22T14:06:38+00:00","dateModified":"2022-11-03T08:57:56+00:00","breadcrumb":{"@id":"https:\/\/www.siare.it\/prodotto\/aria-104\/#breadcrumb"},"inLanguage":"es","potentialAction":[{"@type":"ReadAction","target":["https:\/\/www.siare.it\/prodotto\/aria-104\/"]}]},{"@type":"ImageObject","inLanguage":"es","@id":"https:\/\/www.siare.it\/prodotto\/aria-104\/#primaryimage","url":"https:\/\/www.siare.it\/wp-content\/uploads\/2020\/01\/aria-104-3.png","contentUrl":"https:\/\/www.siare.it\/wp-content\/uploads\/2020\/01\/aria-104-3.png","width":1000,"height":1000,"caption":"Aria 104"},{"@type":"BreadcrumbList","@id":"https:\/\/www.siare.it\/prodotto\/aria-104\/#breadcrumb","itemListElement":[{"@type":"ListItem","position":1,"name":"Home","item":"https:\/\/www.siare.it\/"},{"@type":"ListItem","position":2,"name":"Productos","item":"https:\/\/www.siare.it\/prodotti\/"},{"@type":"ListItem","position":3,"name":"Ventiladores Pulmonares","item":"https:\/\/www.siare.it\/categoria-prodotto\/ventiladores-pulmonares\/"},{"@type":"ListItem","position":4,"name":"Reanimaci\u00f3n\/Cuidados Intensivos","item":"https:\/\/www.siare.it\/categoria-prodotto\/ventiladores-pulmonares\/reanimacion\/"},{"@type":"ListItem","position":5,"name":"ARIA 104"}]},{"@type":"WebSite","@id":"https:\/\/www.siare.it\/#website","url":"https:\/\/www.siare.it\/","name":"Siare Engineering International Group","description":"Leader nel campo dell\u2019automazione e della meccanica di alta precisione.","publisher":{"@id":"https:\/\/www.siare.it\/#organization"},"potentialAction":[{"@type":"SearchAction","target":{"@type":"EntryPoint","urlTemplate":"https:\/\/www.siare.it\/?s={search_term_string}"},"query-input":{"@type":"PropertyValueSpecification","valueRequired":true,"valueName":"search_term_string"}}],"inLanguage":"es"},{"@type":"Organization","@id":"https:\/\/www.siare.it\/#organization","name":"Siare","url":"https:\/\/www.siare.it\/","logo":{"@type":"ImageObject","inLanguage":"es","@id":"https:\/\/www.siare.it\/#\/schema\/logo\/image\/","url":"https:\/\/www.siare.it\/wp-content\/uploads\/2019\/03\/siare-logo-vettoriale-footer.png","contentUrl":"https:\/\/www.siare.it\/wp-content\/uploads\/2019\/03\/siare-logo-vettoriale-footer.png","width":150,"height":84,"caption":"Siare"},"image":{"@id":"https:\/\/www.siare.it\/#\/schema\/logo\/image\/"}}]}},"_links":{"self":[{"href":"https:\/\/www.siare.it\/es\/wp-json\/wp\/v2\/product\/3817","targetHints":{"allow":["GET"]}}],"collection":[{"href":"https:\/\/www.siare.it\/es\/wp-json\/wp\/v2\/product"}],"about":[{"href":"https:\/\/www.siare.it\/es\/wp-json\/wp\/v2\/types\/product"}],"replies":[{"embeddable":true,"href":"https:\/\/www.siare.it\/es\/wp-json\/wp\/v2\/comments?post=3817"}],"wp:featuredmedia":[{"embeddable":true,"href":"https:\/\/www.siare.it\/es\/wp-json\/wp\/v2\/media\/4478"}],"wp:attachment":[{"href":"https:\/\/www.siare.it\/es\/wp-json\/wp\/v2\/media?parent=3817"}],"wp:term":[{"taxonomy":"product_brand","embeddable":true,"href":"https:\/\/www.siare.it\/es\/wp-json\/wp\/v2\/product_brand?post=3817"},{"taxonomy":"product_cat","embeddable":true,"href":"https:\/\/www.siare.it\/es\/wp-json\/wp\/v2\/product_cat?post=3817"},{"taxonomy":"product_tag","embeddable":true,"href":"https:\/\/www.siare.it\/es\/wp-json\/wp\/v2\/product_tag?post=3817"}],"curies":[{"name":"wp","href":"https:\/\/api.w.org\/{rel}","templated":true}]}}