{"id":3801,"date":"2020-01-22T14:27:39","date_gmt":"2020-01-22T13:27:39","guid":{"rendered":"http:\/\/www.siare.it\/?post_type=product&#038;p=3801"},"modified":"2025-03-14T08:43:38","modified_gmt":"2025-03-14T07:43:38","slug":"aria150-turbine-driven","status":"publish","type":"product","link":"https:\/\/www.siare.it\/es\/prodotto\/aria150-turbine-driven\/","title":{"rendered":"Aria 150"},"content":{"rendered":"<p>ARIA 150 es un ventilador pulmonar de \u00faltima generaci\u00f3n, con carro adecuado para la cama de cuidados intensivos.<\/p>\n<p>Equipado de serie con una gran pantalla t\u00e1ctil de 15 \u00ab, puede ofrecer una amplia gama de modos ventilatorios adecuados para ambas la ventilaci\u00f3n invasiva y no invasiva de pacientes adultos, ni\u00f1os y neonatos. El sistema permite establecer y analizar con precisi\u00f3n los vol\u00famenes corrientes a partir de 2 ml hasta 3.000 ml. Gran capacidad para compensar las fugas y entregar un flujo m\u00e1ximo de m\u00e1s de 240 l \/ min con y sin presi\u00f3n de soporte.<\/p>\n<h2>Versiones<\/h2>\n<p><strong>960501\/A<\/strong>: Aria 150 \u2013 Gas Driven<br \/>\n<strong>960502\/A<\/strong>: Aria 150 \u2013 Built-in Turbine<\/p>\n","protected":false},"excerpt":{"rendered":"<p>ARIA 150 es un ventilador pulmonar de cuidados intensivos avanzado, adecuado para el tratamiento respiratorio de pacientes adultos, pedi\u00e1tricos y neonatales agudos y cr\u00f3nicos.<\/p>\n","protected":false},"featured_media":4482,"comment_status":"closed","ping_status":"closed","template":"","meta":{"_acf_changed":false},"product_brand":[],"product_cat":[101,47],"product_tag":[],"class_list":{"0":"post-3801","1":"product","2":"type-product","3":"status-publish","4":"has-post-thumbnail","6":"product_cat-reanimacion","7":"product_cat-ventiladores-pulmonares","9":"first","10":"instock","11":"shipping-taxable","12":"product-type-simple"},"acf":[],"yoast_head":"<!-- This site is optimized with the Yoast SEO plugin v25.3.1 - https:\/\/yoast.com\/wordpress\/plugins\/seo\/ -->\n<title>Aria 150 - Siare Engineering International Group<\/title>\n<meta name=\"robots\" content=\"index, follow, max-snippet:-1, max-image-preview:large, max-video-preview:-1\" \/>\n<link rel=\"canonical\" href=\"https:\/\/www.siare.it\/prodotto\/aria-150-turbine-driven\/\" \/>\n<meta property=\"og:locale\" content=\"es_ES\" \/>\n<meta property=\"og:type\" content=\"article\" \/>\n<meta property=\"og:title\" content=\"Aria 150 - Siare Engineering International Group\" \/>\n<meta property=\"og:description\" content=\"ARIA 150 es un ventilador pulmonar de cuidados intensivos avanzado, adecuado para el tratamiento respiratorio de pacientes adultos, pedi\u00e1tricos y neonatales agudos y cr\u00f3nicos.\" \/>\n<meta property=\"og:url\" content=\"https:\/\/www.siare.it\/prodotto\/aria-150-turbine-driven\/\" \/>\n<meta property=\"og:site_name\" content=\"Siare Engineering International Group\" \/>\n<meta property=\"article:modified_time\" content=\"2025-03-14T07:43:38+00:00\" \/>\n<meta property=\"og:image\" content=\"https:\/\/www.siare.it\/wp-content\/uploads\/2020\/01\/aria-150-3.png\" \/>\n\t<meta property=\"og:image:width\" content=\"1000\" \/>\n\t<meta property=\"og:image:height\" content=\"1000\" \/>\n\t<meta property=\"og:image:type\" content=\"image\/png\" \/>\n<meta name=\"twitter:card\" content=\"summary_large_image\" \/>\n<meta name=\"twitter:label1\" content=\"Tiempo de lectura\" \/>\n\t<meta name=\"twitter:data1\" content=\"1 minuto\" \/>\n<script type=\"application\/ld+json\" class=\"yoast-schema-graph\">{\"@context\":\"https:\/\/schema.org\",\"@graph\":[{\"@type\":\"WebPage\",\"@id\":\"https:\/\/www.siare.it\/prodotto\/aria-150-turbine-driven\/\",\"url\":\"https:\/\/www.siare.it\/prodotto\/aria-150-turbine-driven\/\",\"name\":\"Aria 150 - Siare Engineering International Group\",\"isPartOf\":{\"@id\":\"https:\/\/www.siare.it\/#website\"},\"primaryImageOfPage\":{\"@id\":\"https:\/\/www.siare.it\/prodotto\/aria-150-turbine-driven\/#primaryimage\"},\"image\":{\"@id\":\"https:\/\/www.siare.it\/prodotto\/aria-150-turbine-driven\/#primaryimage\"},\"thumbnailUrl\":\"https:\/\/www.siare.it\/wp-content\/uploads\/2020\/01\/aria-150-3.png\",\"datePublished\":\"2020-01-22T13:27:39+00:00\",\"dateModified\":\"2025-03-14T07:43:38+00:00\",\"breadcrumb\":{\"@id\":\"https:\/\/www.siare.it\/prodotto\/aria-150-turbine-driven\/#breadcrumb\"},\"inLanguage\":\"es\",\"potentialAction\":[{\"@type\":\"ReadAction\",\"target\":[\"https:\/\/www.siare.it\/prodotto\/aria-150-turbine-driven\/\"]}]},{\"@type\":\"ImageObject\",\"inLanguage\":\"es\",\"@id\":\"https:\/\/www.siare.it\/prodotto\/aria-150-turbine-driven\/#primaryimage\",\"url\":\"https:\/\/www.siare.it\/wp-content\/uploads\/2020\/01\/aria-150-3.png\",\"contentUrl\":\"https:\/\/www.siare.it\/wp-content\/uploads\/2020\/01\/aria-150-3.png\",\"width\":1000,\"height\":1000,\"caption\":\"Aria 150\"},{\"@type\":\"BreadcrumbList\",\"@id\":\"https:\/\/www.siare.it\/prodotto\/aria-150-turbine-driven\/#breadcrumb\",\"itemListElement\":[{\"@type\":\"ListItem\",\"position\":1,\"name\":\"Home\",\"item\":\"https:\/\/www.siare.it\/\"},{\"@type\":\"ListItem\",\"position\":2,\"name\":\"Productos\",\"item\":\"https:\/\/www.siare.it\/prodotti\/\"},{\"@type\":\"ListItem\",\"position\":3,\"name\":\"Ventiladores Pulmonares\",\"item\":\"https:\/\/www.siare.it\/categoria-prodotto\/ventiladores-pulmonares\/\"},{\"@type\":\"ListItem\",\"position\":4,\"name\":\"Reanimaci\u00f3n\/Cuidados Intensivos\",\"item\":\"https:\/\/www.siare.it\/categoria-prodotto\/ventiladores-pulmonares\/reanimacion\/\"},{\"@type\":\"ListItem\",\"position\":5,\"name\":\"Aria 150\"}]},{\"@type\":\"WebSite\",\"@id\":\"https:\/\/www.siare.it\/#website\",\"url\":\"https:\/\/www.siare.it\/\",\"name\":\"Siare Engineering International Group\",\"description\":\"Leader nel campo dell\u2019automazione e della meccanica di alta precisione.\",\"publisher\":{\"@id\":\"https:\/\/www.siare.it\/#organization\"},\"potentialAction\":[{\"@type\":\"SearchAction\",\"target\":{\"@type\":\"EntryPoint\",\"urlTemplate\":\"https:\/\/www.siare.it\/?s={search_term_string}\"},\"query-input\":{\"@type\":\"PropertyValueSpecification\",\"valueRequired\":true,\"valueName\":\"search_term_string\"}}],\"inLanguage\":\"es\"},{\"@type\":\"Organization\",\"@id\":\"https:\/\/www.siare.it\/#organization\",\"name\":\"Siare\",\"url\":\"https:\/\/www.siare.it\/\",\"logo\":{\"@type\":\"ImageObject\",\"inLanguage\":\"es\",\"@id\":\"https:\/\/www.siare.it\/#\/schema\/logo\/image\/\",\"url\":\"https:\/\/www.siare.it\/wp-content\/uploads\/2019\/03\/siare-logo-vettoriale-footer.png\",\"contentUrl\":\"https:\/\/www.siare.it\/wp-content\/uploads\/2019\/03\/siare-logo-vettoriale-footer.png\",\"width\":150,\"height\":84,\"caption\":\"Siare\"},\"image\":{\"@id\":\"https:\/\/www.siare.it\/#\/schema\/logo\/image\/\"}}]}<\/script>\n<!-- \/ Yoast SEO plugin. -->","yoast_head_json":{"title":"Aria 150 - Siare Engineering International Group","robots":{"index":"index","follow":"follow","max-snippet":"max-snippet:-1","max-image-preview":"max-image-preview:large","max-video-preview":"max-video-preview:-1"},"canonical":"https:\/\/www.siare.it\/prodotto\/aria-150-turbine-driven\/","og_locale":"es_ES","og_type":"article","og_title":"Aria 150 - Siare Engineering International Group","og_description":"ARIA 150 es un ventilador pulmonar de cuidados intensivos avanzado, adecuado para el tratamiento respiratorio de pacientes adultos, pedi\u00e1tricos y neonatales agudos y cr\u00f3nicos.","og_url":"https:\/\/www.siare.it\/prodotto\/aria-150-turbine-driven\/","og_site_name":"Siare Engineering International Group","article_modified_time":"2025-03-14T07:43:38+00:00","og_image":[{"width":1000,"height":1000,"url":"https:\/\/www.siare.it\/wp-content\/uploads\/2020\/01\/aria-150-3.png","type":"image\/png"}],"twitter_card":"summary_large_image","twitter_misc":{"Tiempo de lectura":"1 minuto"},"schema":{"@context":"https:\/\/schema.org","@graph":[{"@type":"WebPage","@id":"https:\/\/www.siare.it\/prodotto\/aria-150-turbine-driven\/","url":"https:\/\/www.siare.it\/prodotto\/aria-150-turbine-driven\/","name":"Aria 150 - Siare Engineering International Group","isPartOf":{"@id":"https:\/\/www.siare.it\/#website"},"primaryImageOfPage":{"@id":"https:\/\/www.siare.it\/prodotto\/aria-150-turbine-driven\/#primaryimage"},"image":{"@id":"https:\/\/www.siare.it\/prodotto\/aria-150-turbine-driven\/#primaryimage"},"thumbnailUrl":"https:\/\/www.siare.it\/wp-content\/uploads\/2020\/01\/aria-150-3.png","datePublished":"2020-01-22T13:27:39+00:00","dateModified":"2025-03-14T07:43:38+00:00","breadcrumb":{"@id":"https:\/\/www.siare.it\/prodotto\/aria-150-turbine-driven\/#breadcrumb"},"inLanguage":"es","potentialAction":[{"@type":"ReadAction","target":["https:\/\/www.siare.it\/prodotto\/aria-150-turbine-driven\/"]}]},{"@type":"ImageObject","inLanguage":"es","@id":"https:\/\/www.siare.it\/prodotto\/aria-150-turbine-driven\/#primaryimage","url":"https:\/\/www.siare.it\/wp-content\/uploads\/2020\/01\/aria-150-3.png","contentUrl":"https:\/\/www.siare.it\/wp-content\/uploads\/2020\/01\/aria-150-3.png","width":1000,"height":1000,"caption":"Aria 150"},{"@type":"BreadcrumbList","@id":"https:\/\/www.siare.it\/prodotto\/aria-150-turbine-driven\/#breadcrumb","itemListElement":[{"@type":"ListItem","position":1,"name":"Home","item":"https:\/\/www.siare.it\/"},{"@type":"ListItem","position":2,"name":"Productos","item":"https:\/\/www.siare.it\/prodotti\/"},{"@type":"ListItem","position":3,"name":"Ventiladores Pulmonares","item":"https:\/\/www.siare.it\/categoria-prodotto\/ventiladores-pulmonares\/"},{"@type":"ListItem","position":4,"name":"Reanimaci\u00f3n\/Cuidados Intensivos","item":"https:\/\/www.siare.it\/categoria-prodotto\/ventiladores-pulmonares\/reanimacion\/"},{"@type":"ListItem","position":5,"name":"Aria 150"}]},{"@type":"WebSite","@id":"https:\/\/www.siare.it\/#website","url":"https:\/\/www.siare.it\/","name":"Siare Engineering International Group","description":"Leader nel campo dell\u2019automazione e della meccanica di alta precisione.","publisher":{"@id":"https:\/\/www.siare.it\/#organization"},"potentialAction":[{"@type":"SearchAction","target":{"@type":"EntryPoint","urlTemplate":"https:\/\/www.siare.it\/?s={search_term_string}"},"query-input":{"@type":"PropertyValueSpecification","valueRequired":true,"valueName":"search_term_string"}}],"inLanguage":"es"},{"@type":"Organization","@id":"https:\/\/www.siare.it\/#organization","name":"Siare","url":"https:\/\/www.siare.it\/","logo":{"@type":"ImageObject","inLanguage":"es","@id":"https:\/\/www.siare.it\/#\/schema\/logo\/image\/","url":"https:\/\/www.siare.it\/wp-content\/uploads\/2019\/03\/siare-logo-vettoriale-footer.png","contentUrl":"https:\/\/www.siare.it\/wp-content\/uploads\/2019\/03\/siare-logo-vettoriale-footer.png","width":150,"height":84,"caption":"Siare"},"image":{"@id":"https:\/\/www.siare.it\/#\/schema\/logo\/image\/"}}]}},"_links":{"self":[{"href":"https:\/\/www.siare.it\/es\/wp-json\/wp\/v2\/product\/3801","targetHints":{"allow":["GET"]}}],"collection":[{"href":"https:\/\/www.siare.it\/es\/wp-json\/wp\/v2\/product"}],"about":[{"href":"https:\/\/www.siare.it\/es\/wp-json\/wp\/v2\/types\/product"}],"replies":[{"embeddable":true,"href":"https:\/\/www.siare.it\/es\/wp-json\/wp\/v2\/comments?post=3801"}],"wp:featuredmedia":[{"embeddable":true,"href":"https:\/\/www.siare.it\/es\/wp-json\/wp\/v2\/media\/4482"}],"wp:attachment":[{"href":"https:\/\/www.siare.it\/es\/wp-json\/wp\/v2\/media?parent=3801"}],"wp:term":[{"taxonomy":"product_brand","embeddable":true,"href":"https:\/\/www.siare.it\/es\/wp-json\/wp\/v2\/product_brand?post=3801"},{"taxonomy":"product_cat","embeddable":true,"href":"https:\/\/www.siare.it\/es\/wp-json\/wp\/v2\/product_cat?post=3801"},{"taxonomy":"product_tag","embeddable":true,"href":"https:\/\/www.siare.it\/es\/wp-json\/wp\/v2\/product_tag?post=3801"}],"curies":[{"name":"wp","href":"https:\/\/api.w.org\/{rel}","templated":true}]}}