{"id":3578,"date":"2019-09-12T12:48:40","date_gmt":"2019-09-12T10:48:40","guid":{"rendered":"http:\/\/www.siare.it\/?post_type=product&#038;p=3578"},"modified":"2023-06-14T11:40:17","modified_gmt":"2023-06-14T09:40:17","slug":"siaretron-4000-960502","status":"publish","type":"product","link":"https:\/\/www.siare.it\/es\/prodotto\/siaretron-4000-960502\/","title":{"rendered":"SIARETRON 4000"},"content":{"rendered":"<p>El sistema de ventilaci\u00f3n Siaretron 4000 15 ofrece ventilaci\u00f3n controlada o espont\u00e1nea con un nivel reiniciable de presi\u00f3n espiratoria final positiva (PEEP), sensibilidad del disparo y concentraci\u00f3n de ox\u00edgeno.<br \/>\nEl ventilador es adecuado para la ventilaci\u00f3n de pacientes adultos, ni\u00f1os y neonatos; equipado con un disparo de flujo y \/ o presi\u00f3n, proporciona la ventilaci\u00f3n de volumen controlado m\u00e1s moderna (VC \/ VAC, VC \/ VAC-BABY), presi\u00f3n controlada (APCV, APCV-TV), volumen o presi\u00f3n SIMV, presi\u00f3n asistida (PSV, PSV-TV), CPAP, BILEVEL S-ST, SIGH Sigh, ventilaci\u00f3n NIV no invasiva, nebulizador de drogas y ventilaci\u00f3n manual.<br \/>\nLa ventilaci\u00f3n espont\u00e1nea permite flujos inspiratorios\u00a0 del paciente hasta un max de 240 L \/ min, con o sin presi\u00f3n de soporte.<br \/>\nLa bater\u00eda, en perfecto estado y completamente cargada, permite que el ventilador funcione durante al menos 90 minutos, permitiendo alimentar el ventilador pulmonar durante el transporte intrahospitalario.<\/p>\n<p>\u2022 Pantalla t\u00e1ctil TFT de 15&#8243; en colores<\/p>\n<h2>Versiones<\/h2>\n<p><strong>960501<\/strong>: GAS DRIVEN 15&#8243; ICU VENTILATOR<br \/>\n<strong>960502<\/strong>: BUILT-IN TURBINE 15&#8243; ICU VENTILATOR<\/p>\n","protected":false},"excerpt":{"rendered":"<p>El ventilador pulmonar para adultos, ni\u00f1os y reci\u00e9n nacidos modelo Siaretron 4000 15&#8243;, con accionamiento por turbina representa una inovaci\u00f3n absoluta en los ventiladores para cuidados intensivos; concebido para el tratamiento de pacientes con enfermedades respiratorias agudas y cr\u00f3nicas.<\/p>\n<p>El Siaretron 4000 15&#8243; es equipado con funciones avanzadas para el manejo de los varios modos operativos y con una pantalla t\u00e1ctil TFT de 15&#8243; en colores, lo que permite visualizar en una sola pantalla las tendencias temporales y las curvas de presi\u00f3n, flujo y volumen, los loops de flujo\/volumen, presi\u00f3n\/volumen, CO2.<\/p>\n","protected":false},"featured_media":4474,"comment_status":"closed","ping_status":"closed","template":"","meta":{"_acf_changed":false},"product_brand":[],"product_cat":[101,47],"product_tag":[],"class_list":{"0":"post-3578","1":"product","2":"type-product","3":"status-publish","4":"has-post-thumbnail","6":"product_cat-reanimacion","7":"product_cat-ventiladores-pulmonares","9":"first","10":"instock","11":"shipping-taxable","12":"product-type-simple"},"acf":[],"yoast_head":"<!-- This site is optimized with the Yoast SEO plugin v25.3.1 - https:\/\/yoast.com\/wordpress\/plugins\/seo\/ -->\n<title>SIARETRON 4000 - Siare Engineering International Group<\/title>\n<meta name=\"robots\" content=\"index, follow, max-snippet:-1, max-image-preview:large, max-video-preview:-1\" \/>\n<link rel=\"canonical\" href=\"https:\/\/www.siare.it\/prodotto\/siaretron-4000-960502\/\" \/>\n<meta property=\"og:locale\" content=\"es_ES\" \/>\n<meta property=\"og:type\" content=\"article\" \/>\n<meta property=\"og:title\" content=\"SIARETRON 4000 - Siare Engineering International Group\" \/>\n<meta property=\"og:description\" content=\"El ventilador pulmonar para adultos, ni\u00f1os y reci\u00e9n nacidos modelo Siaretron 4000 15&quot;, con accionamiento por turbina representa una inovaci\u00f3n absoluta en los ventiladores para cuidados intensivos; concebido para el tratamiento de pacientes con enfermedades respiratorias agudas y cr\u00f3nicas.  El Siaretron 4000 15&quot; es equipado con funciones avanzadas para el manejo de los varios modos operativos y con una pantalla t\u00e1ctil TFT de 15&quot; en colores, lo que permite visualizar en una sola pantalla las tendencias temporales y las curvas de presi\u00f3n, flujo y volumen, los loops de flujo\/volumen, presi\u00f3n\/volumen, CO2.\" \/>\n<meta property=\"og:url\" content=\"https:\/\/www.siare.it\/prodotto\/siaretron-4000-960502\/\" \/>\n<meta property=\"og:site_name\" content=\"Siare Engineering International Group\" \/>\n<meta property=\"article:modified_time\" content=\"2023-06-14T09:40:17+00:00\" \/>\n<meta property=\"og:image\" content=\"https:\/\/www.siare.it\/wp-content\/uploads\/2019\/09\/960501-2.png\" \/>\n\t<meta property=\"og:image:width\" content=\"1000\" \/>\n\t<meta property=\"og:image:height\" content=\"1000\" \/>\n\t<meta property=\"og:image:type\" content=\"image\/png\" \/>\n<meta name=\"twitter:card\" content=\"summary_large_image\" \/>\n<meta name=\"twitter:label1\" content=\"Tiempo de lectura\" \/>\n\t<meta name=\"twitter:data1\" content=\"1 minuto\" \/>\n<script type=\"application\/ld+json\" class=\"yoast-schema-graph\">{\"@context\":\"https:\/\/schema.org\",\"@graph\":[{\"@type\":\"WebPage\",\"@id\":\"https:\/\/www.siare.it\/prodotto\/siaretron-4000-960502\/\",\"url\":\"https:\/\/www.siare.it\/prodotto\/siaretron-4000-960502\/\",\"name\":\"SIARETRON 4000 - Siare Engineering International Group\",\"isPartOf\":{\"@id\":\"https:\/\/www.siare.it\/#website\"},\"primaryImageOfPage\":{\"@id\":\"https:\/\/www.siare.it\/prodotto\/siaretron-4000-960502\/#primaryimage\"},\"image\":{\"@id\":\"https:\/\/www.siare.it\/prodotto\/siaretron-4000-960502\/#primaryimage\"},\"thumbnailUrl\":\"https:\/\/www.siare.it\/wp-content\/uploads\/2019\/09\/960501-2.png\",\"datePublished\":\"2019-09-12T10:48:40+00:00\",\"dateModified\":\"2023-06-14T09:40:17+00:00\",\"breadcrumb\":{\"@id\":\"https:\/\/www.siare.it\/prodotto\/siaretron-4000-960502\/#breadcrumb\"},\"inLanguage\":\"es\",\"potentialAction\":[{\"@type\":\"ReadAction\",\"target\":[\"https:\/\/www.siare.it\/prodotto\/siaretron-4000-960502\/\"]}]},{\"@type\":\"ImageObject\",\"inLanguage\":\"es\",\"@id\":\"https:\/\/www.siare.it\/prodotto\/siaretron-4000-960502\/#primaryimage\",\"url\":\"https:\/\/www.siare.it\/wp-content\/uploads\/2019\/09\/960501-2.png\",\"contentUrl\":\"https:\/\/www.siare.it\/wp-content\/uploads\/2019\/09\/960501-2.png\",\"width\":1000,\"height\":1000,\"caption\":\"Siaretron 4000\"},{\"@type\":\"BreadcrumbList\",\"@id\":\"https:\/\/www.siare.it\/prodotto\/siaretron-4000-960502\/#breadcrumb\",\"itemListElement\":[{\"@type\":\"ListItem\",\"position\":1,\"name\":\"Home\",\"item\":\"https:\/\/www.siare.it\/\"},{\"@type\":\"ListItem\",\"position\":2,\"name\":\"Productos\",\"item\":\"https:\/\/www.siare.it\/prodotti\/\"},{\"@type\":\"ListItem\",\"position\":3,\"name\":\"Ventiladores Pulmonares\",\"item\":\"https:\/\/www.siare.it\/categoria-prodotto\/ventiladores-pulmonares\/\"},{\"@type\":\"ListItem\",\"position\":4,\"name\":\"Reanimaci\u00f3n\/Cuidados Intensivos\",\"item\":\"https:\/\/www.siare.it\/categoria-prodotto\/ventiladores-pulmonares\/reanimacion\/\"},{\"@type\":\"ListItem\",\"position\":5,\"name\":\"SIARETRON 4000\"}]},{\"@type\":\"WebSite\",\"@id\":\"https:\/\/www.siare.it\/#website\",\"url\":\"https:\/\/www.siare.it\/\",\"name\":\"Siare Engineering International Group\",\"description\":\"Leader nel campo dell\u2019automazione e della meccanica di alta precisione.\",\"publisher\":{\"@id\":\"https:\/\/www.siare.it\/#organization\"},\"potentialAction\":[{\"@type\":\"SearchAction\",\"target\":{\"@type\":\"EntryPoint\",\"urlTemplate\":\"https:\/\/www.siare.it\/?s={search_term_string}\"},\"query-input\":{\"@type\":\"PropertyValueSpecification\",\"valueRequired\":true,\"valueName\":\"search_term_string\"}}],\"inLanguage\":\"es\"},{\"@type\":\"Organization\",\"@id\":\"https:\/\/www.siare.it\/#organization\",\"name\":\"Siare\",\"url\":\"https:\/\/www.siare.it\/\",\"logo\":{\"@type\":\"ImageObject\",\"inLanguage\":\"es\",\"@id\":\"https:\/\/www.siare.it\/#\/schema\/logo\/image\/\",\"url\":\"https:\/\/www.siare.it\/wp-content\/uploads\/2019\/03\/siare-logo-vettoriale-footer.png\",\"contentUrl\":\"https:\/\/www.siare.it\/wp-content\/uploads\/2019\/03\/siare-logo-vettoriale-footer.png\",\"width\":150,\"height\":84,\"caption\":\"Siare\"},\"image\":{\"@id\":\"https:\/\/www.siare.it\/#\/schema\/logo\/image\/\"}}]}<\/script>\n<!-- \/ Yoast SEO plugin. -->","yoast_head_json":{"title":"SIARETRON 4000 - Siare Engineering International Group","robots":{"index":"index","follow":"follow","max-snippet":"max-snippet:-1","max-image-preview":"max-image-preview:large","max-video-preview":"max-video-preview:-1"},"canonical":"https:\/\/www.siare.it\/prodotto\/siaretron-4000-960502\/","og_locale":"es_ES","og_type":"article","og_title":"SIARETRON 4000 - Siare Engineering International Group","og_description":"El ventilador pulmonar para adultos, ni\u00f1os y reci\u00e9n nacidos modelo Siaretron 4000 15\", con accionamiento por turbina representa una inovaci\u00f3n absoluta en los ventiladores para cuidados intensivos; concebido para el tratamiento de pacientes con enfermedades respiratorias agudas y cr\u00f3nicas.  El Siaretron 4000 15\" es equipado con funciones avanzadas para el manejo de los varios modos operativos y con una pantalla t\u00e1ctil TFT de 15\" en colores, lo que permite visualizar en una sola pantalla las tendencias temporales y las curvas de presi\u00f3n, flujo y volumen, los loops de flujo\/volumen, presi\u00f3n\/volumen, CO2.","og_url":"https:\/\/www.siare.it\/prodotto\/siaretron-4000-960502\/","og_site_name":"Siare Engineering International Group","article_modified_time":"2023-06-14T09:40:17+00:00","og_image":[{"width":1000,"height":1000,"url":"https:\/\/www.siare.it\/wp-content\/uploads\/2019\/09\/960501-2.png","type":"image\/png"}],"twitter_card":"summary_large_image","twitter_misc":{"Tiempo de lectura":"1 minuto"},"schema":{"@context":"https:\/\/schema.org","@graph":[{"@type":"WebPage","@id":"https:\/\/www.siare.it\/prodotto\/siaretron-4000-960502\/","url":"https:\/\/www.siare.it\/prodotto\/siaretron-4000-960502\/","name":"SIARETRON 4000 - Siare Engineering International Group","isPartOf":{"@id":"https:\/\/www.siare.it\/#website"},"primaryImageOfPage":{"@id":"https:\/\/www.siare.it\/prodotto\/siaretron-4000-960502\/#primaryimage"},"image":{"@id":"https:\/\/www.siare.it\/prodotto\/siaretron-4000-960502\/#primaryimage"},"thumbnailUrl":"https:\/\/www.siare.it\/wp-content\/uploads\/2019\/09\/960501-2.png","datePublished":"2019-09-12T10:48:40+00:00","dateModified":"2023-06-14T09:40:17+00:00","breadcrumb":{"@id":"https:\/\/www.siare.it\/prodotto\/siaretron-4000-960502\/#breadcrumb"},"inLanguage":"es","potentialAction":[{"@type":"ReadAction","target":["https:\/\/www.siare.it\/prodotto\/siaretron-4000-960502\/"]}]},{"@type":"ImageObject","inLanguage":"es","@id":"https:\/\/www.siare.it\/prodotto\/siaretron-4000-960502\/#primaryimage","url":"https:\/\/www.siare.it\/wp-content\/uploads\/2019\/09\/960501-2.png","contentUrl":"https:\/\/www.siare.it\/wp-content\/uploads\/2019\/09\/960501-2.png","width":1000,"height":1000,"caption":"Siaretron 4000"},{"@type":"BreadcrumbList","@id":"https:\/\/www.siare.it\/prodotto\/siaretron-4000-960502\/#breadcrumb","itemListElement":[{"@type":"ListItem","position":1,"name":"Home","item":"https:\/\/www.siare.it\/"},{"@type":"ListItem","position":2,"name":"Productos","item":"https:\/\/www.siare.it\/prodotti\/"},{"@type":"ListItem","position":3,"name":"Ventiladores Pulmonares","item":"https:\/\/www.siare.it\/categoria-prodotto\/ventiladores-pulmonares\/"},{"@type":"ListItem","position":4,"name":"Reanimaci\u00f3n\/Cuidados Intensivos","item":"https:\/\/www.siare.it\/categoria-prodotto\/ventiladores-pulmonares\/reanimacion\/"},{"@type":"ListItem","position":5,"name":"SIARETRON 4000"}]},{"@type":"WebSite","@id":"https:\/\/www.siare.it\/#website","url":"https:\/\/www.siare.it\/","name":"Siare Engineering International Group","description":"Leader nel campo dell\u2019automazione e della meccanica di alta precisione.","publisher":{"@id":"https:\/\/www.siare.it\/#organization"},"potentialAction":[{"@type":"SearchAction","target":{"@type":"EntryPoint","urlTemplate":"https:\/\/www.siare.it\/?s={search_term_string}"},"query-input":{"@type":"PropertyValueSpecification","valueRequired":true,"valueName":"search_term_string"}}],"inLanguage":"es"},{"@type":"Organization","@id":"https:\/\/www.siare.it\/#organization","name":"Siare","url":"https:\/\/www.siare.it\/","logo":{"@type":"ImageObject","inLanguage":"es","@id":"https:\/\/www.siare.it\/#\/schema\/logo\/image\/","url":"https:\/\/www.siare.it\/wp-content\/uploads\/2019\/03\/siare-logo-vettoriale-footer.png","contentUrl":"https:\/\/www.siare.it\/wp-content\/uploads\/2019\/03\/siare-logo-vettoriale-footer.png","width":150,"height":84,"caption":"Siare"},"image":{"@id":"https:\/\/www.siare.it\/#\/schema\/logo\/image\/"}}]}},"_links":{"self":[{"href":"https:\/\/www.siare.it\/es\/wp-json\/wp\/v2\/product\/3578","targetHints":{"allow":["GET"]}}],"collection":[{"href":"https:\/\/www.siare.it\/es\/wp-json\/wp\/v2\/product"}],"about":[{"href":"https:\/\/www.siare.it\/es\/wp-json\/wp\/v2\/types\/product"}],"replies":[{"embeddable":true,"href":"https:\/\/www.siare.it\/es\/wp-json\/wp\/v2\/comments?post=3578"}],"wp:featuredmedia":[{"embeddable":true,"href":"https:\/\/www.siare.it\/es\/wp-json\/wp\/v2\/media\/4474"}],"wp:attachment":[{"href":"https:\/\/www.siare.it\/es\/wp-json\/wp\/v2\/media?parent=3578"}],"wp:term":[{"taxonomy":"product_brand","embeddable":true,"href":"https:\/\/www.siare.it\/es\/wp-json\/wp\/v2\/product_brand?post=3578"},{"taxonomy":"product_cat","embeddable":true,"href":"https:\/\/www.siare.it\/es\/wp-json\/wp\/v2\/product_cat?post=3578"},{"taxonomy":"product_tag","embeddable":true,"href":"https:\/\/www.siare.it\/es\/wp-json\/wp\/v2\/product_tag?post=3578"}],"curies":[{"name":"wp","href":"https:\/\/api.w.org\/{rel}","templated":true}]}}