{"id":3369,"date":"2019-07-24T15:10:45","date_gmt":"2019-07-24T13:10:45","guid":{"rendered":"http:\/\/www.siare.it\/?post_type=product&#038;p=3369"},"modified":"2025-03-11T10:16:37","modified_gmt":"2025-03-11T09:16:37","slug":"morpheus-nd","status":"publish","type":"product","link":"https:\/\/www.siare.it\/es\/prodotto\/morpheus-nd\/","title":{"rendered":"Morpheus ND Hybrid"},"content":{"rendered":"<p>La m\u00e1quina de anestesia Morpheus ND Hybrid est\u00e1 disponible con:<\/p>\n<ul>\n<li>Sistema h\u00edbrido con fuelle descendente<\/li>\n<\/ul>\n<p>El sistema h\u00edbrido es el \u00fanico sistema patentado que\u00a0 utiliza un sistema de turbina para la conducci\u00f3n del gas de respiraci\u00f3n primario. Gracias a este sistema, los gases medicinales se usan solo como gas fresco, lo que permite reducir considerablemente el costo por un menor consumo de ox\u00edgeno.<\/p>\n<p>Morpheus ND Hybrid es el dispositivo de anestesia por excelencia, es el m\u00e1s seguro y funcional del mercado actual.<\/p>\n<p>Morpheus ND Hybrid\u00a0 Dise\u00f1ado para ofrecer una larga duraci\u00f3n cumpliendo\u00a0 con todos los requisitos y est\u00e1ndares de seguridad necesarios tanto para el paciente como para el operador. En particular:<\/p>\n<ul>\n<li>El sistema de seguridad PROTOLOCK detecta una posible inversi\u00f3n de los gases entrantes, como el ox\u00edgeno y el \u00f3xido nitroso.<\/li>\n<li>El sistema de turbina incorporado lleva a un costo cero de ox\u00edgeno<\/li>\n<li>Alimentaci\u00f3n neum\u00e1tica con doble motorizaci\u00f3n: gracias a dos motores primarios, en caso de fallo, la m\u00e1quina contin\u00faa trabajando por el sistema neum\u00e1tico.<\/li>\n<li>Todos los comandos tienen controles de doble v\u00e1lvula.<\/li>\n<li>El circuito es completamente autoclavable y calentado.<\/li>\n<li>\u00a1Todos los costos de manejo de la m\u00e1quina est\u00e1n cubiertos con ahorro de ox\u00edgeno!<\/li>\n<li>Morpheus ND Hybrid representa una inversi\u00f3n real. En tres a\u00f1os los costos se amortizan<\/li>\n<li>Su tama\u00f1o peque\u00f1o, solo 25 kg, lo hace adecuado para ser colocado tambi\u00e9n en una unidad colgante ligera<\/li>\n<\/ul>\n<h2>Accesorios opcionales<\/h2>\n<p><strong>05050:<\/strong> Carro para Morpheus ND Hybrid<\/p>\n<h2>Versi\u00f3n<\/h2>\n<p><strong>MND.SE-T: Morpheus ND Hybrid<\/strong> Sistema Hybrid con fuelle discendente<\/p>\n<p>&nbsp;<\/p>\n","protected":false},"excerpt":{"rendered":"<p>La Morpheus ND Hybrid con sistema HYBRIDO, representa una verdadera innovaci\u00f3n en el campo de la anestesia. Unica en su tipo.<\/p>\n","protected":false},"featured_media":4598,"comment_status":"closed","ping_status":"closed","template":"","meta":{"_acf_changed":false},"product_brand":[],"product_cat":[80,82],"product_tag":[],"class_list":{"0":"post-3369","1":"product","2":"type-product","3":"status-publish","4":"has-post-thumbnail","6":"product_cat-anestesia-es","7":"product_cat-estacion-de-trabajo-para-anestesia","9":"first","10":"instock","11":"shipping-taxable","12":"product-type-simple"},"acf":[],"yoast_head":"<!-- This site is optimized with the Yoast SEO plugin v25.3.1 - https:\/\/yoast.com\/wordpress\/plugins\/seo\/ -->\n<title>Morpheus ND Hybrid - Siare Engineering International Group<\/title>\n<meta name=\"robots\" content=\"index, follow, max-snippet:-1, max-image-preview:large, max-video-preview:-1\" \/>\n<link rel=\"canonical\" href=\"https:\/\/www.siare.it\/prodotto\/morpheus-nd\/\" \/>\n<meta property=\"og:locale\" content=\"es_ES\" \/>\n<meta property=\"og:type\" content=\"article\" \/>\n<meta property=\"og:title\" content=\"Morpheus ND Hybrid - Siare Engineering International Group\" \/>\n<meta property=\"og:description\" content=\"La Morpheus ND Hybrid con sistema HYBRIDO, representa una verdadera innovaci\u00f3n en el campo de la anestesia. Unica en su tipo.\" \/>\n<meta property=\"og:url\" content=\"https:\/\/www.siare.it\/prodotto\/morpheus-nd\/\" \/>\n<meta property=\"og:site_name\" content=\"Siare Engineering International Group\" \/>\n<meta property=\"article:modified_time\" content=\"2025-03-11T09:16:37+00:00\" \/>\n<meta property=\"og:image\" content=\"https:\/\/www.siare.it\/wp-content\/uploads\/2019\/07\/morpheus-nd-1.png\" \/>\n\t<meta property=\"og:image:width\" content=\"1000\" \/>\n\t<meta property=\"og:image:height\" content=\"1000\" \/>\n\t<meta property=\"og:image:type\" content=\"image\/png\" \/>\n<meta name=\"twitter:card\" content=\"summary_large_image\" \/>\n<meta name=\"twitter:label1\" content=\"Tiempo de lectura\" \/>\n\t<meta name=\"twitter:data1\" content=\"2 minutos\" \/>\n<script type=\"application\/ld+json\" class=\"yoast-schema-graph\">{\"@context\":\"https:\/\/schema.org\",\"@graph\":[{\"@type\":\"WebPage\",\"@id\":\"https:\/\/www.siare.it\/prodotto\/morpheus-nd\/\",\"url\":\"https:\/\/www.siare.it\/prodotto\/morpheus-nd\/\",\"name\":\"Morpheus ND Hybrid - Siare Engineering International Group\",\"isPartOf\":{\"@id\":\"https:\/\/www.siare.it\/#website\"},\"primaryImageOfPage\":{\"@id\":\"https:\/\/www.siare.it\/prodotto\/morpheus-nd\/#primaryimage\"},\"image\":{\"@id\":\"https:\/\/www.siare.it\/prodotto\/morpheus-nd\/#primaryimage\"},\"thumbnailUrl\":\"https:\/\/www.siare.it\/wp-content\/uploads\/2019\/07\/morpheus-nd-1.png\",\"datePublished\":\"2019-07-24T13:10:45+00:00\",\"dateModified\":\"2025-03-11T09:16:37+00:00\",\"breadcrumb\":{\"@id\":\"https:\/\/www.siare.it\/prodotto\/morpheus-nd\/#breadcrumb\"},\"inLanguage\":\"es\",\"potentialAction\":[{\"@type\":\"ReadAction\",\"target\":[\"https:\/\/www.siare.it\/prodotto\/morpheus-nd\/\"]}]},{\"@type\":\"ImageObject\",\"inLanguage\":\"es\",\"@id\":\"https:\/\/www.siare.it\/prodotto\/morpheus-nd\/#primaryimage\",\"url\":\"https:\/\/www.siare.it\/wp-content\/uploads\/2019\/07\/morpheus-nd-1.png\",\"contentUrl\":\"https:\/\/www.siare.it\/wp-content\/uploads\/2019\/07\/morpheus-nd-1.png\",\"width\":1000,\"height\":1000,\"caption\":\"morpheus nd\"},{\"@type\":\"BreadcrumbList\",\"@id\":\"https:\/\/www.siare.it\/prodotto\/morpheus-nd\/#breadcrumb\",\"itemListElement\":[{\"@type\":\"ListItem\",\"position\":1,\"name\":\"Home\",\"item\":\"https:\/\/www.siare.it\/\"},{\"@type\":\"ListItem\",\"position\":2,\"name\":\"Productos\",\"item\":\"https:\/\/www.siare.it\/prodotti\/\"},{\"@type\":\"ListItem\",\"position\":3,\"name\":\"Anestesia\",\"item\":\"https:\/\/www.siare.it\/categoria-prodotto\/anestesia-es\/\"},{\"@type\":\"ListItem\",\"position\":4,\"name\":\"Estacion de trabajo para anestesia\",\"item\":\"https:\/\/www.siare.it\/categoria-prodotto\/anestesia-es\/estacion-de-trabajo-para-anestesia\/\"},{\"@type\":\"ListItem\",\"position\":5,\"name\":\"Morpheus ND Hybrid\"}]},{\"@type\":\"WebSite\",\"@id\":\"https:\/\/www.siare.it\/#website\",\"url\":\"https:\/\/www.siare.it\/\",\"name\":\"Siare Engineering International Group\",\"description\":\"Leader nel campo dell\u2019automazione e della meccanica di alta precisione.\",\"publisher\":{\"@id\":\"https:\/\/www.siare.it\/#organization\"},\"potentialAction\":[{\"@type\":\"SearchAction\",\"target\":{\"@type\":\"EntryPoint\",\"urlTemplate\":\"https:\/\/www.siare.it\/?s={search_term_string}\"},\"query-input\":{\"@type\":\"PropertyValueSpecification\",\"valueRequired\":true,\"valueName\":\"search_term_string\"}}],\"inLanguage\":\"es\"},{\"@type\":\"Organization\",\"@id\":\"https:\/\/www.siare.it\/#organization\",\"name\":\"Siare\",\"url\":\"https:\/\/www.siare.it\/\",\"logo\":{\"@type\":\"ImageObject\",\"inLanguage\":\"es\",\"@id\":\"https:\/\/www.siare.it\/#\/schema\/logo\/image\/\",\"url\":\"https:\/\/www.siare.it\/wp-content\/uploads\/2019\/03\/siare-logo-vettoriale-footer.png\",\"contentUrl\":\"https:\/\/www.siare.it\/wp-content\/uploads\/2019\/03\/siare-logo-vettoriale-footer.png\",\"width\":150,\"height\":84,\"caption\":\"Siare\"},\"image\":{\"@id\":\"https:\/\/www.siare.it\/#\/schema\/logo\/image\/\"}}]}<\/script>\n<!-- \/ Yoast SEO plugin. -->","yoast_head_json":{"title":"Morpheus ND Hybrid - Siare Engineering International Group","robots":{"index":"index","follow":"follow","max-snippet":"max-snippet:-1","max-image-preview":"max-image-preview:large","max-video-preview":"max-video-preview:-1"},"canonical":"https:\/\/www.siare.it\/prodotto\/morpheus-nd\/","og_locale":"es_ES","og_type":"article","og_title":"Morpheus ND Hybrid - Siare Engineering International Group","og_description":"La Morpheus ND Hybrid con sistema HYBRIDO, representa una verdadera innovaci\u00f3n en el campo de la anestesia. Unica en su tipo.","og_url":"https:\/\/www.siare.it\/prodotto\/morpheus-nd\/","og_site_name":"Siare Engineering International Group","article_modified_time":"2025-03-11T09:16:37+00:00","og_image":[{"width":1000,"height":1000,"url":"https:\/\/www.siare.it\/wp-content\/uploads\/2019\/07\/morpheus-nd-1.png","type":"image\/png"}],"twitter_card":"summary_large_image","twitter_misc":{"Tiempo de lectura":"2 minutos"},"schema":{"@context":"https:\/\/schema.org","@graph":[{"@type":"WebPage","@id":"https:\/\/www.siare.it\/prodotto\/morpheus-nd\/","url":"https:\/\/www.siare.it\/prodotto\/morpheus-nd\/","name":"Morpheus ND Hybrid - Siare Engineering International Group","isPartOf":{"@id":"https:\/\/www.siare.it\/#website"},"primaryImageOfPage":{"@id":"https:\/\/www.siare.it\/prodotto\/morpheus-nd\/#primaryimage"},"image":{"@id":"https:\/\/www.siare.it\/prodotto\/morpheus-nd\/#primaryimage"},"thumbnailUrl":"https:\/\/www.siare.it\/wp-content\/uploads\/2019\/07\/morpheus-nd-1.png","datePublished":"2019-07-24T13:10:45+00:00","dateModified":"2025-03-11T09:16:37+00:00","breadcrumb":{"@id":"https:\/\/www.siare.it\/prodotto\/morpheus-nd\/#breadcrumb"},"inLanguage":"es","potentialAction":[{"@type":"ReadAction","target":["https:\/\/www.siare.it\/prodotto\/morpheus-nd\/"]}]},{"@type":"ImageObject","inLanguage":"es","@id":"https:\/\/www.siare.it\/prodotto\/morpheus-nd\/#primaryimage","url":"https:\/\/www.siare.it\/wp-content\/uploads\/2019\/07\/morpheus-nd-1.png","contentUrl":"https:\/\/www.siare.it\/wp-content\/uploads\/2019\/07\/morpheus-nd-1.png","width":1000,"height":1000,"caption":"morpheus nd"},{"@type":"BreadcrumbList","@id":"https:\/\/www.siare.it\/prodotto\/morpheus-nd\/#breadcrumb","itemListElement":[{"@type":"ListItem","position":1,"name":"Home","item":"https:\/\/www.siare.it\/"},{"@type":"ListItem","position":2,"name":"Productos","item":"https:\/\/www.siare.it\/prodotti\/"},{"@type":"ListItem","position":3,"name":"Anestesia","item":"https:\/\/www.siare.it\/categoria-prodotto\/anestesia-es\/"},{"@type":"ListItem","position":4,"name":"Estacion de trabajo para anestesia","item":"https:\/\/www.siare.it\/categoria-prodotto\/anestesia-es\/estacion-de-trabajo-para-anestesia\/"},{"@type":"ListItem","position":5,"name":"Morpheus ND Hybrid"}]},{"@type":"WebSite","@id":"https:\/\/www.siare.it\/#website","url":"https:\/\/www.siare.it\/","name":"Siare Engineering International Group","description":"Leader nel campo dell\u2019automazione e della meccanica di alta precisione.","publisher":{"@id":"https:\/\/www.siare.it\/#organization"},"potentialAction":[{"@type":"SearchAction","target":{"@type":"EntryPoint","urlTemplate":"https:\/\/www.siare.it\/?s={search_term_string}"},"query-input":{"@type":"PropertyValueSpecification","valueRequired":true,"valueName":"search_term_string"}}],"inLanguage":"es"},{"@type":"Organization","@id":"https:\/\/www.siare.it\/#organization","name":"Siare","url":"https:\/\/www.siare.it\/","logo":{"@type":"ImageObject","inLanguage":"es","@id":"https:\/\/www.siare.it\/#\/schema\/logo\/image\/","url":"https:\/\/www.siare.it\/wp-content\/uploads\/2019\/03\/siare-logo-vettoriale-footer.png","contentUrl":"https:\/\/www.siare.it\/wp-content\/uploads\/2019\/03\/siare-logo-vettoriale-footer.png","width":150,"height":84,"caption":"Siare"},"image":{"@id":"https:\/\/www.siare.it\/#\/schema\/logo\/image\/"}}]}},"_links":{"self":[{"href":"https:\/\/www.siare.it\/es\/wp-json\/wp\/v2\/product\/3369","targetHints":{"allow":["GET"]}}],"collection":[{"href":"https:\/\/www.siare.it\/es\/wp-json\/wp\/v2\/product"}],"about":[{"href":"https:\/\/www.siare.it\/es\/wp-json\/wp\/v2\/types\/product"}],"replies":[{"embeddable":true,"href":"https:\/\/www.siare.it\/es\/wp-json\/wp\/v2\/comments?post=3369"}],"wp:featuredmedia":[{"embeddable":true,"href":"https:\/\/www.siare.it\/es\/wp-json\/wp\/v2\/media\/4598"}],"wp:attachment":[{"href":"https:\/\/www.siare.it\/es\/wp-json\/wp\/v2\/media?parent=3369"}],"wp:term":[{"taxonomy":"product_brand","embeddable":true,"href":"https:\/\/www.siare.it\/es\/wp-json\/wp\/v2\/product_brand?post=3369"},{"taxonomy":"product_cat","embeddable":true,"href":"https:\/\/www.siare.it\/es\/wp-json\/wp\/v2\/product_cat?post=3369"},{"taxonomy":"product_tag","embeddable":true,"href":"https:\/\/www.siare.it\/es\/wp-json\/wp\/v2\/product_tag?post=3369"}],"curies":[{"name":"wp","href":"https:\/\/api.w.org\/{rel}","templated":true}]}}