{"id":1925,"date":"2019-02-19T10:54:16","date_gmt":"2019-02-19T09:54:16","guid":{"rendered":"http:\/\/siarenew.sviluppo.host\/?post_type=product&#038;p=1925"},"modified":"2022-11-03T10:41:50","modified_gmt":"2022-11-03T09:41:50","slug":"falco-101-57","status":"publish","type":"product","link":"https:\/\/www.siare.it\/es\/prodotto\/falco-101-57\/","title":{"rendered":"FALCO 101"},"content":{"rendered":"<p>Estando equipado con diversos modos ventilatorios: presi\u00f3n controlada y espont\u00e1nea, una alta compensaci\u00f3n para las fugas en la ventilaci\u00f3n no invasiva, produce un evidente beneficio para el paciente que puede obtener un soporte respiratorio adecuado e ideal.<\/p>\n<h2>Accesorios opcionales<\/h2>\n<p><strong>00326\u00a0<\/strong> Carro estativo<br \/>\n<strong>06750\/SB<\/strong> Brazo porta circuito paciente<br \/>\n<strong>M29140209 <\/strong>Malet\u00edn de transporte<\/p>\n","protected":false},"excerpt":{"rendered":"<p>El ventilador Falco 101 ha sido concebido tanto para pacientes hospitalizados como para pacientes domiciliarios con insuficiencia respiratoria cr\u00f3nica.<\/p>\n","protected":false},"featured_media":4498,"comment_status":"closed","ping_status":"closed","template":"","meta":{"_acf_changed":false},"product_brand":[],"product_cat":[47,85],"product_tag":[],"class_list":{"0":"post-1925","1":"product","2":"type-product","3":"status-publish","4":"has-post-thumbnail","6":"product_cat-ventiladores-pulmonares","7":"product_cat-domiciliarios","9":"first","10":"instock","11":"shipping-taxable","12":"product-type-simple"},"acf":[],"yoast_head":"<!-- This site is optimized with the Yoast SEO plugin v25.3.1 - https:\/\/yoast.com\/wordpress\/plugins\/seo\/ -->\n<title>FALCO 101 - Siare Engineering International Group<\/title>\n<meta name=\"robots\" content=\"index, follow, max-snippet:-1, max-image-preview:large, max-video-preview:-1\" \/>\n<link rel=\"canonical\" href=\"https:\/\/www.siare.it\/prodotto\/falco-101-57\/\" \/>\n<meta property=\"og:locale\" content=\"es_ES\" \/>\n<meta property=\"og:type\" content=\"article\" \/>\n<meta property=\"og:title\" content=\"FALCO 101 - Siare Engineering International Group\" \/>\n<meta property=\"og:description\" content=\"El ventilador Falco 101 ha sido concebido tanto para pacientes hospitalizados como para pacientes domiciliarios con insuficiencia respiratoria cr\u00f3nica.\" \/>\n<meta property=\"og:url\" content=\"https:\/\/www.siare.it\/prodotto\/falco-101-57\/\" \/>\n<meta property=\"og:site_name\" content=\"Siare Engineering International Group\" \/>\n<meta property=\"article:modified_time\" content=\"2022-11-03T09:41:50+00:00\" \/>\n<meta property=\"og:image\" content=\"https:\/\/www.siare.it\/wp-content\/uploads\/2019\/02\/falco-101-1.png\" \/>\n\t<meta property=\"og:image:width\" content=\"1000\" \/>\n\t<meta property=\"og:image:height\" content=\"1000\" \/>\n\t<meta property=\"og:image:type\" content=\"image\/png\" \/>\n<meta name=\"twitter:card\" content=\"summary_large_image\" \/>\n<meta name=\"twitter:label1\" content=\"Tiempo de lectura\" \/>\n\t<meta name=\"twitter:data1\" content=\"1 minuto\" \/>\n<script type=\"application\/ld+json\" class=\"yoast-schema-graph\">{\"@context\":\"https:\/\/schema.org\",\"@graph\":[{\"@type\":\"WebPage\",\"@id\":\"https:\/\/www.siare.it\/prodotto\/falco-101-57\/\",\"url\":\"https:\/\/www.siare.it\/prodotto\/falco-101-57\/\",\"name\":\"FALCO 101 - Siare Engineering International Group\",\"isPartOf\":{\"@id\":\"https:\/\/www.siare.it\/#website\"},\"primaryImageOfPage\":{\"@id\":\"https:\/\/www.siare.it\/prodotto\/falco-101-57\/#primaryimage\"},\"image\":{\"@id\":\"https:\/\/www.siare.it\/prodotto\/falco-101-57\/#primaryimage\"},\"thumbnailUrl\":\"https:\/\/www.siare.it\/wp-content\/uploads\/2019\/02\/falco-101-1.png\",\"datePublished\":\"2019-02-19T09:54:16+00:00\",\"dateModified\":\"2022-11-03T09:41:50+00:00\",\"breadcrumb\":{\"@id\":\"https:\/\/www.siare.it\/prodotto\/falco-101-57\/#breadcrumb\"},\"inLanguage\":\"es\",\"potentialAction\":[{\"@type\":\"ReadAction\",\"target\":[\"https:\/\/www.siare.it\/prodotto\/falco-101-57\/\"]}]},{\"@type\":\"ImageObject\",\"inLanguage\":\"es\",\"@id\":\"https:\/\/www.siare.it\/prodotto\/falco-101-57\/#primaryimage\",\"url\":\"https:\/\/www.siare.it\/wp-content\/uploads\/2019\/02\/falco-101-1.png\",\"contentUrl\":\"https:\/\/www.siare.it\/wp-content\/uploads\/2019\/02\/falco-101-1.png\",\"width\":1000,\"height\":1000,\"caption\":\"Falco 101\"},{\"@type\":\"BreadcrumbList\",\"@id\":\"https:\/\/www.siare.it\/prodotto\/falco-101-57\/#breadcrumb\",\"itemListElement\":[{\"@type\":\"ListItem\",\"position\":1,\"name\":\"Home\",\"item\":\"https:\/\/www.siare.it\/\"},{\"@type\":\"ListItem\",\"position\":2,\"name\":\"Productos\",\"item\":\"https:\/\/www.siare.it\/prodotti\/\"},{\"@type\":\"ListItem\",\"position\":3,\"name\":\"Ventiladores Pulmonares\",\"item\":\"https:\/\/www.siare.it\/categoria-prodotto\/ventiladores-pulmonares\/\"},{\"@type\":\"ListItem\",\"position\":4,\"name\":\"Domiciliarios\/Reanimaci\u00f3n\",\"item\":\"https:\/\/www.siare.it\/categoria-prodotto\/ventiladores-pulmonares\/domiciliarios\/\"},{\"@type\":\"ListItem\",\"position\":5,\"name\":\"FALCO 101\"}]},{\"@type\":\"WebSite\",\"@id\":\"https:\/\/www.siare.it\/#website\",\"url\":\"https:\/\/www.siare.it\/\",\"name\":\"Siare Engineering International Group\",\"description\":\"Leader nel campo dell\u2019automazione e della meccanica di alta precisione.\",\"publisher\":{\"@id\":\"https:\/\/www.siare.it\/#organization\"},\"potentialAction\":[{\"@type\":\"SearchAction\",\"target\":{\"@type\":\"EntryPoint\",\"urlTemplate\":\"https:\/\/www.siare.it\/?s={search_term_string}\"},\"query-input\":{\"@type\":\"PropertyValueSpecification\",\"valueRequired\":true,\"valueName\":\"search_term_string\"}}],\"inLanguage\":\"es\"},{\"@type\":\"Organization\",\"@id\":\"https:\/\/www.siare.it\/#organization\",\"name\":\"Siare\",\"url\":\"https:\/\/www.siare.it\/\",\"logo\":{\"@type\":\"ImageObject\",\"inLanguage\":\"es\",\"@id\":\"https:\/\/www.siare.it\/#\/schema\/logo\/image\/\",\"url\":\"https:\/\/www.siare.it\/wp-content\/uploads\/2019\/03\/siare-logo-vettoriale-footer.png\",\"contentUrl\":\"https:\/\/www.siare.it\/wp-content\/uploads\/2019\/03\/siare-logo-vettoriale-footer.png\",\"width\":150,\"height\":84,\"caption\":\"Siare\"},\"image\":{\"@id\":\"https:\/\/www.siare.it\/#\/schema\/logo\/image\/\"}}]}<\/script>\n<!-- \/ Yoast SEO plugin. -->","yoast_head_json":{"title":"FALCO 101 - Siare Engineering International Group","robots":{"index":"index","follow":"follow","max-snippet":"max-snippet:-1","max-image-preview":"max-image-preview:large","max-video-preview":"max-video-preview:-1"},"canonical":"https:\/\/www.siare.it\/prodotto\/falco-101-57\/","og_locale":"es_ES","og_type":"article","og_title":"FALCO 101 - Siare Engineering International Group","og_description":"El ventilador Falco 101 ha sido concebido tanto para pacientes hospitalizados como para pacientes domiciliarios con insuficiencia respiratoria cr\u00f3nica.","og_url":"https:\/\/www.siare.it\/prodotto\/falco-101-57\/","og_site_name":"Siare Engineering International Group","article_modified_time":"2022-11-03T09:41:50+00:00","og_image":[{"width":1000,"height":1000,"url":"https:\/\/www.siare.it\/wp-content\/uploads\/2019\/02\/falco-101-1.png","type":"image\/png"}],"twitter_card":"summary_large_image","twitter_misc":{"Tiempo de lectura":"1 minuto"},"schema":{"@context":"https:\/\/schema.org","@graph":[{"@type":"WebPage","@id":"https:\/\/www.siare.it\/prodotto\/falco-101-57\/","url":"https:\/\/www.siare.it\/prodotto\/falco-101-57\/","name":"FALCO 101 - Siare Engineering International Group","isPartOf":{"@id":"https:\/\/www.siare.it\/#website"},"primaryImageOfPage":{"@id":"https:\/\/www.siare.it\/prodotto\/falco-101-57\/#primaryimage"},"image":{"@id":"https:\/\/www.siare.it\/prodotto\/falco-101-57\/#primaryimage"},"thumbnailUrl":"https:\/\/www.siare.it\/wp-content\/uploads\/2019\/02\/falco-101-1.png","datePublished":"2019-02-19T09:54:16+00:00","dateModified":"2022-11-03T09:41:50+00:00","breadcrumb":{"@id":"https:\/\/www.siare.it\/prodotto\/falco-101-57\/#breadcrumb"},"inLanguage":"es","potentialAction":[{"@type":"ReadAction","target":["https:\/\/www.siare.it\/prodotto\/falco-101-57\/"]}]},{"@type":"ImageObject","inLanguage":"es","@id":"https:\/\/www.siare.it\/prodotto\/falco-101-57\/#primaryimage","url":"https:\/\/www.siare.it\/wp-content\/uploads\/2019\/02\/falco-101-1.png","contentUrl":"https:\/\/www.siare.it\/wp-content\/uploads\/2019\/02\/falco-101-1.png","width":1000,"height":1000,"caption":"Falco 101"},{"@type":"BreadcrumbList","@id":"https:\/\/www.siare.it\/prodotto\/falco-101-57\/#breadcrumb","itemListElement":[{"@type":"ListItem","position":1,"name":"Home","item":"https:\/\/www.siare.it\/"},{"@type":"ListItem","position":2,"name":"Productos","item":"https:\/\/www.siare.it\/prodotti\/"},{"@type":"ListItem","position":3,"name":"Ventiladores Pulmonares","item":"https:\/\/www.siare.it\/categoria-prodotto\/ventiladores-pulmonares\/"},{"@type":"ListItem","position":4,"name":"Domiciliarios\/Reanimaci\u00f3n","item":"https:\/\/www.siare.it\/categoria-prodotto\/ventiladores-pulmonares\/domiciliarios\/"},{"@type":"ListItem","position":5,"name":"FALCO 101"}]},{"@type":"WebSite","@id":"https:\/\/www.siare.it\/#website","url":"https:\/\/www.siare.it\/","name":"Siare Engineering International Group","description":"Leader nel campo dell\u2019automazione e della meccanica di alta precisione.","publisher":{"@id":"https:\/\/www.siare.it\/#organization"},"potentialAction":[{"@type":"SearchAction","target":{"@type":"EntryPoint","urlTemplate":"https:\/\/www.siare.it\/?s={search_term_string}"},"query-input":{"@type":"PropertyValueSpecification","valueRequired":true,"valueName":"search_term_string"}}],"inLanguage":"es"},{"@type":"Organization","@id":"https:\/\/www.siare.it\/#organization","name":"Siare","url":"https:\/\/www.siare.it\/","logo":{"@type":"ImageObject","inLanguage":"es","@id":"https:\/\/www.siare.it\/#\/schema\/logo\/image\/","url":"https:\/\/www.siare.it\/wp-content\/uploads\/2019\/03\/siare-logo-vettoriale-footer.png","contentUrl":"https:\/\/www.siare.it\/wp-content\/uploads\/2019\/03\/siare-logo-vettoriale-footer.png","width":150,"height":84,"caption":"Siare"},"image":{"@id":"https:\/\/www.siare.it\/#\/schema\/logo\/image\/"}}]}},"_links":{"self":[{"href":"https:\/\/www.siare.it\/es\/wp-json\/wp\/v2\/product\/1925","targetHints":{"allow":["GET"]}}],"collection":[{"href":"https:\/\/www.siare.it\/es\/wp-json\/wp\/v2\/product"}],"about":[{"href":"https:\/\/www.siare.it\/es\/wp-json\/wp\/v2\/types\/product"}],"replies":[{"embeddable":true,"href":"https:\/\/www.siare.it\/es\/wp-json\/wp\/v2\/comments?post=1925"}],"wp:featuredmedia":[{"embeddable":true,"href":"https:\/\/www.siare.it\/es\/wp-json\/wp\/v2\/media\/4498"}],"wp:attachment":[{"href":"https:\/\/www.siare.it\/es\/wp-json\/wp\/v2\/media?parent=1925"}],"wp:term":[{"taxonomy":"product_brand","embeddable":true,"href":"https:\/\/www.siare.it\/es\/wp-json\/wp\/v2\/product_brand?post=1925"},{"taxonomy":"product_cat","embeddable":true,"href":"https:\/\/www.siare.it\/es\/wp-json\/wp\/v2\/product_cat?post=1925"},{"taxonomy":"product_tag","embeddable":true,"href":"https:\/\/www.siare.it\/es\/wp-json\/wp\/v2\/product_tag?post=1925"}],"curies":[{"name":"wp","href":"https:\/\/api.w.org\/{rel}","templated":true}]}}