{"id":1865,"date":"2019-02-18T14:14:06","date_gmt":"2019-02-18T13:14:06","guid":{"rendered":"http:\/\/siarenew.sviluppo.host\/?post_type=product&#038;p=1865"},"modified":"2022-11-03T10:45:39","modified_gmt":"2022-11-03T09:45:39","slug":"siaretron-1000-iper","status":"publish","type":"product","link":"https:\/\/www.siare.it\/es\/prodotto\/siaretron-1000-iper\/","title":{"rendered":"SIARETRON 1000 IPER"},"content":{"rendered":"<p>Despu\u00e9s 20 a\u00f1os de experiencia comprobada en el tratamiento de pacientes en c\u00e1mara hiperb\u00e1rica de 0 a 60 mt de profundidad, el nuevo SIARETRON 1000 Iper llega a la sexto generaci\u00f3n.<br \/>\nCompensaci\u00f3n autom\u00e1tica \u00a0del volumen corriente con flujo m\u00e1ximo de 240 l\/min. Adecuado por el tratamiento de pacientes adultos, pediatricos y neonatos gracias a un volumen corriente ajustable de 2 a 3000 ml, PEEP ajustable hasta 50 cmH2O y flow By para la compensaci\u00f3n de las p\u00e9rdidas. Nuevo disparo por flujo con alta sensibilidad para reducir el esfuerzo del paciente y facilitar la descarga de la CO2. Nueva pantalla touchscreen 10.4&#8243;, que permite visualizar hasta 5 curvas respiratorias contemporaneamente. Tama\u00f1os peque\u00f1os y peso ligero, con nueva bater\u00eda integrada erm\u00e9tica.<br \/>\nLa inovaci\u00f3n en el nuevo Siaretron 1000 Iper es su predisposici\u00f3n al uso del gas Heliox con control y lectura directa en el monitor.<br \/>\nSiaretron 1000 IPER es el \u00fanico ventilador electr\u00f3nico pulmonar creado especialmente para funcionar en c\u00e1mara hiperb\u00e1rica.<\/p>\n<h2>Versiones<\/h2>\n<p><strong>960104:<\/strong>\u00a0SIARETRON 1000 IPER<\/p>\n<p>&nbsp;<\/p>\n","protected":false},"excerpt":{"rendered":"<p>Siaretron 1000 IPER es el \u00fanico ventilador electr\u00f3nico pulmonar creado especialmente para funcionar en c\u00e1mara hiperb\u00e1rica.<\/p>\n","protected":false},"featured_media":4502,"comment_status":"closed","ping_status":"closed","template":"","meta":{"_acf_changed":false},"product_brand":[],"product_cat":[47,86],"product_tag":[],"class_list":{"0":"post-1865","1":"product","2":"type-product","3":"status-publish","4":"has-post-thumbnail","6":"product_cat-ventiladores-pulmonares","7":"product_cat-hiperbarico","9":"first","10":"instock","11":"shipping-taxable","12":"product-type-simple"},"acf":[],"yoast_head":"<!-- This site is optimized with the Yoast SEO plugin v25.3.1 - https:\/\/yoast.com\/wordpress\/plugins\/seo\/ -->\n<title>SIARETRON 1000 IPER - Siare Engineering International Group<\/title>\n<meta name=\"robots\" content=\"index, follow, max-snippet:-1, max-image-preview:large, max-video-preview:-1\" \/>\n<link rel=\"canonical\" href=\"https:\/\/www.siare.it\/prodotto\/siaretron-1000-iper\/\" \/>\n<meta property=\"og:locale\" content=\"es_ES\" \/>\n<meta property=\"og:type\" content=\"article\" \/>\n<meta property=\"og:title\" content=\"SIARETRON 1000 IPER - Siare Engineering International Group\" \/>\n<meta property=\"og:description\" content=\"Siaretron 1000 IPER es el \u00fanico ventilador electr\u00f3nico pulmonar creado especialmente para funcionar en c\u00e1mara hiperb\u00e1rica.\" \/>\n<meta property=\"og:url\" content=\"https:\/\/www.siare.it\/prodotto\/siaretron-1000-iper\/\" \/>\n<meta property=\"og:site_name\" content=\"Siare Engineering International Group\" \/>\n<meta property=\"article:modified_time\" content=\"2022-11-03T09:45:39+00:00\" \/>\n<meta property=\"og:image\" content=\"https:\/\/www.siare.it\/wp-content\/uploads\/2019\/02\/siaretron-1000-iper.png\" \/>\n\t<meta property=\"og:image:width\" content=\"1000\" \/>\n\t<meta property=\"og:image:height\" content=\"1000\" \/>\n\t<meta property=\"og:image:type\" content=\"image\/png\" \/>\n<meta name=\"twitter:card\" content=\"summary_large_image\" \/>\n<meta name=\"twitter:label1\" content=\"Tiempo de lectura\" \/>\n\t<meta name=\"twitter:data1\" content=\"1 minuto\" \/>\n<script type=\"application\/ld+json\" class=\"yoast-schema-graph\">{\"@context\":\"https:\/\/schema.org\",\"@graph\":[{\"@type\":\"WebPage\",\"@id\":\"https:\/\/www.siare.it\/prodotto\/siaretron-1000-iper\/\",\"url\":\"https:\/\/www.siare.it\/prodotto\/siaretron-1000-iper\/\",\"name\":\"SIARETRON 1000 IPER - Siare Engineering International Group\",\"isPartOf\":{\"@id\":\"https:\/\/www.siare.it\/#website\"},\"primaryImageOfPage\":{\"@id\":\"https:\/\/www.siare.it\/prodotto\/siaretron-1000-iper\/#primaryimage\"},\"image\":{\"@id\":\"https:\/\/www.siare.it\/prodotto\/siaretron-1000-iper\/#primaryimage\"},\"thumbnailUrl\":\"https:\/\/www.siare.it\/wp-content\/uploads\/2019\/02\/siaretron-1000-iper.png\",\"datePublished\":\"2019-02-18T13:14:06+00:00\",\"dateModified\":\"2022-11-03T09:45:39+00:00\",\"breadcrumb\":{\"@id\":\"https:\/\/www.siare.it\/prodotto\/siaretron-1000-iper\/#breadcrumb\"},\"inLanguage\":\"es\",\"potentialAction\":[{\"@type\":\"ReadAction\",\"target\":[\"https:\/\/www.siare.it\/prodotto\/siaretron-1000-iper\/\"]}]},{\"@type\":\"ImageObject\",\"inLanguage\":\"es\",\"@id\":\"https:\/\/www.siare.it\/prodotto\/siaretron-1000-iper\/#primaryimage\",\"url\":\"https:\/\/www.siare.it\/wp-content\/uploads\/2019\/02\/siaretron-1000-iper.png\",\"contentUrl\":\"https:\/\/www.siare.it\/wp-content\/uploads\/2019\/02\/siaretron-1000-iper.png\",\"width\":1000,\"height\":1000,\"caption\":\"Siaretron 1000 Iper\"},{\"@type\":\"BreadcrumbList\",\"@id\":\"https:\/\/www.siare.it\/prodotto\/siaretron-1000-iper\/#breadcrumb\",\"itemListElement\":[{\"@type\":\"ListItem\",\"position\":1,\"name\":\"Home\",\"item\":\"https:\/\/www.siare.it\/\"},{\"@type\":\"ListItem\",\"position\":2,\"name\":\"Productos\",\"item\":\"https:\/\/www.siare.it\/prodotti\/\"},{\"@type\":\"ListItem\",\"position\":3,\"name\":\"Ventiladores Pulmonares\",\"item\":\"https:\/\/www.siare.it\/categoria-prodotto\/ventiladores-pulmonares\/\"},{\"@type\":\"ListItem\",\"position\":4,\"name\":\"Hiperb\u00e1rico\",\"item\":\"https:\/\/www.siare.it\/categoria-prodotto\/ventiladores-pulmonares\/hiperbarico\/\"},{\"@type\":\"ListItem\",\"position\":5,\"name\":\"SIARETRON 1000 IPER\"}]},{\"@type\":\"WebSite\",\"@id\":\"https:\/\/www.siare.it\/#website\",\"url\":\"https:\/\/www.siare.it\/\",\"name\":\"Siare Engineering International Group\",\"description\":\"Leader nel campo dell\u2019automazione e della meccanica di alta precisione.\",\"publisher\":{\"@id\":\"https:\/\/www.siare.it\/#organization\"},\"potentialAction\":[{\"@type\":\"SearchAction\",\"target\":{\"@type\":\"EntryPoint\",\"urlTemplate\":\"https:\/\/www.siare.it\/?s={search_term_string}\"},\"query-input\":{\"@type\":\"PropertyValueSpecification\",\"valueRequired\":true,\"valueName\":\"search_term_string\"}}],\"inLanguage\":\"es\"},{\"@type\":\"Organization\",\"@id\":\"https:\/\/www.siare.it\/#organization\",\"name\":\"Siare\",\"url\":\"https:\/\/www.siare.it\/\",\"logo\":{\"@type\":\"ImageObject\",\"inLanguage\":\"es\",\"@id\":\"https:\/\/www.siare.it\/#\/schema\/logo\/image\/\",\"url\":\"https:\/\/www.siare.it\/wp-content\/uploads\/2019\/03\/siare-logo-vettoriale-footer.png\",\"contentUrl\":\"https:\/\/www.siare.it\/wp-content\/uploads\/2019\/03\/siare-logo-vettoriale-footer.png\",\"width\":150,\"height\":84,\"caption\":\"Siare\"},\"image\":{\"@id\":\"https:\/\/www.siare.it\/#\/schema\/logo\/image\/\"}}]}<\/script>\n<!-- \/ Yoast SEO plugin. -->","yoast_head_json":{"title":"SIARETRON 1000 IPER - Siare Engineering International Group","robots":{"index":"index","follow":"follow","max-snippet":"max-snippet:-1","max-image-preview":"max-image-preview:large","max-video-preview":"max-video-preview:-1"},"canonical":"https:\/\/www.siare.it\/prodotto\/siaretron-1000-iper\/","og_locale":"es_ES","og_type":"article","og_title":"SIARETRON 1000 IPER - Siare Engineering International Group","og_description":"Siaretron 1000 IPER es el \u00fanico ventilador electr\u00f3nico pulmonar creado especialmente para funcionar en c\u00e1mara hiperb\u00e1rica.","og_url":"https:\/\/www.siare.it\/prodotto\/siaretron-1000-iper\/","og_site_name":"Siare Engineering International Group","article_modified_time":"2022-11-03T09:45:39+00:00","og_image":[{"width":1000,"height":1000,"url":"https:\/\/www.siare.it\/wp-content\/uploads\/2019\/02\/siaretron-1000-iper.png","type":"image\/png"}],"twitter_card":"summary_large_image","twitter_misc":{"Tiempo de lectura":"1 minuto"},"schema":{"@context":"https:\/\/schema.org","@graph":[{"@type":"WebPage","@id":"https:\/\/www.siare.it\/prodotto\/siaretron-1000-iper\/","url":"https:\/\/www.siare.it\/prodotto\/siaretron-1000-iper\/","name":"SIARETRON 1000 IPER - Siare Engineering International Group","isPartOf":{"@id":"https:\/\/www.siare.it\/#website"},"primaryImageOfPage":{"@id":"https:\/\/www.siare.it\/prodotto\/siaretron-1000-iper\/#primaryimage"},"image":{"@id":"https:\/\/www.siare.it\/prodotto\/siaretron-1000-iper\/#primaryimage"},"thumbnailUrl":"https:\/\/www.siare.it\/wp-content\/uploads\/2019\/02\/siaretron-1000-iper.png","datePublished":"2019-02-18T13:14:06+00:00","dateModified":"2022-11-03T09:45:39+00:00","breadcrumb":{"@id":"https:\/\/www.siare.it\/prodotto\/siaretron-1000-iper\/#breadcrumb"},"inLanguage":"es","potentialAction":[{"@type":"ReadAction","target":["https:\/\/www.siare.it\/prodotto\/siaretron-1000-iper\/"]}]},{"@type":"ImageObject","inLanguage":"es","@id":"https:\/\/www.siare.it\/prodotto\/siaretron-1000-iper\/#primaryimage","url":"https:\/\/www.siare.it\/wp-content\/uploads\/2019\/02\/siaretron-1000-iper.png","contentUrl":"https:\/\/www.siare.it\/wp-content\/uploads\/2019\/02\/siaretron-1000-iper.png","width":1000,"height":1000,"caption":"Siaretron 1000 Iper"},{"@type":"BreadcrumbList","@id":"https:\/\/www.siare.it\/prodotto\/siaretron-1000-iper\/#breadcrumb","itemListElement":[{"@type":"ListItem","position":1,"name":"Home","item":"https:\/\/www.siare.it\/"},{"@type":"ListItem","position":2,"name":"Productos","item":"https:\/\/www.siare.it\/prodotti\/"},{"@type":"ListItem","position":3,"name":"Ventiladores Pulmonares","item":"https:\/\/www.siare.it\/categoria-prodotto\/ventiladores-pulmonares\/"},{"@type":"ListItem","position":4,"name":"Hiperb\u00e1rico","item":"https:\/\/www.siare.it\/categoria-prodotto\/ventiladores-pulmonares\/hiperbarico\/"},{"@type":"ListItem","position":5,"name":"SIARETRON 1000 IPER"}]},{"@type":"WebSite","@id":"https:\/\/www.siare.it\/#website","url":"https:\/\/www.siare.it\/","name":"Siare Engineering International Group","description":"Leader nel campo dell\u2019automazione e della meccanica di alta precisione.","publisher":{"@id":"https:\/\/www.siare.it\/#organization"},"potentialAction":[{"@type":"SearchAction","target":{"@type":"EntryPoint","urlTemplate":"https:\/\/www.siare.it\/?s={search_term_string}"},"query-input":{"@type":"PropertyValueSpecification","valueRequired":true,"valueName":"search_term_string"}}],"inLanguage":"es"},{"@type":"Organization","@id":"https:\/\/www.siare.it\/#organization","name":"Siare","url":"https:\/\/www.siare.it\/","logo":{"@type":"ImageObject","inLanguage":"es","@id":"https:\/\/www.siare.it\/#\/schema\/logo\/image\/","url":"https:\/\/www.siare.it\/wp-content\/uploads\/2019\/03\/siare-logo-vettoriale-footer.png","contentUrl":"https:\/\/www.siare.it\/wp-content\/uploads\/2019\/03\/siare-logo-vettoriale-footer.png","width":150,"height":84,"caption":"Siare"},"image":{"@id":"https:\/\/www.siare.it\/#\/schema\/logo\/image\/"}}]}},"_links":{"self":[{"href":"https:\/\/www.siare.it\/es\/wp-json\/wp\/v2\/product\/1865","targetHints":{"allow":["GET"]}}],"collection":[{"href":"https:\/\/www.siare.it\/es\/wp-json\/wp\/v2\/product"}],"about":[{"href":"https:\/\/www.siare.it\/es\/wp-json\/wp\/v2\/types\/product"}],"replies":[{"embeddable":true,"href":"https:\/\/www.siare.it\/es\/wp-json\/wp\/v2\/comments?post=1865"}],"wp:featuredmedia":[{"embeddable":true,"href":"https:\/\/www.siare.it\/es\/wp-json\/wp\/v2\/media\/4502"}],"wp:attachment":[{"href":"https:\/\/www.siare.it\/es\/wp-json\/wp\/v2\/media?parent=1865"}],"wp:term":[{"taxonomy":"product_brand","embeddable":true,"href":"https:\/\/www.siare.it\/es\/wp-json\/wp\/v2\/product_brand?post=1865"},{"taxonomy":"product_cat","embeddable":true,"href":"https:\/\/www.siare.it\/es\/wp-json\/wp\/v2\/product_cat?post=1865"},{"taxonomy":"product_tag","embeddable":true,"href":"https:\/\/www.siare.it\/es\/wp-json\/wp\/v2\/product_tag?post=1865"}],"curies":[{"name":"wp","href":"https:\/\/api.w.org\/{rel}","templated":true}]}}