{"id":1798,"date":"2019-02-18T11:29:14","date_gmt":"2019-02-18T10:29:14","guid":{"rendered":"http:\/\/siarenew.sviluppo.host\/?post_type=product&#038;p=1798"},"modified":"2019-05-14T10:34:19","modified_gmt":"2019-05-14T08:34:19","slug":"cap-700","status":"publish","type":"product","link":"https:\/\/www.siare.it\/es\/prodotto\/cap-700\/","title":{"rendered":"CAP 700"},"content":{"rendered":"<h2>Caracter\u00edsticas principales<\/h2>\n<p>CAP 700 provoca la tos y ayuda a los pacientes a expulsar las secreciones bronquiales en modo invasivo y no invasivo cuando no logran toser libremente, como es el caso de las\u00a0 enfermedades neuromusculares o lesiones de la m\u00e9dula espinal.<br \/>\nCAP 700 es un modo seguro y c\u00f3modo para disminuir los da\u00f1os en las v\u00edas a\u00e9reas y las complicaciones respiratorias; ayuda a los pacientes reforzando y sustituyendo la expulsi\u00f3n natural de las secreciones bronquiales, aplicando gradualmente en las v\u00edas a\u00e9reas una presi\u00f3n positiva vibratoria y enseguida una presi\u00f3n negativa. El flujo de aire con inspiraci\u00f3n lenta vibratoria y espiraci\u00f3n r\u00e1pida imita el proceso de la tos, evitando al mismo tiempo problemas asociados con procedimientos m\u00e1s invasivos.<br \/>\nLa ventilaci\u00f3n inspiratoria vibratoria es una modalidad exclusiva del CAP 700: en efecto, la vibraci\u00f3n del flujo en la fase inspiratoria asociada a una pausa de final de inspiraci\u00f3n permite una mejor y eficaz remoci\u00f3n de las secreciones bronquiales.<\/p>\n<p>Ofrece 4 modos operativos:<br \/>\n&#8211;\u00a0 autom\u00e1tico,<br \/>\n&#8211;\u00a0 autom\u00e1tico con vibraci\u00f3n,<br \/>\n&#8211;\u00a0 manual,<br \/>\n&#8211;\u00a0 manual con vibraci\u00f3n<\/p>\n<h2>Caracter\u00edsticas especiales<\/h2>\n<p>&#8211;\u00a0 Refuerza y sustituya la tos ineficaz<br \/>\n&#8211;\u00a0 Ayuda a remover las secreciones de los pulmones<br \/>\n&#8211;\u00a0 Disminuye la aparici\u00f3n de infecciones respiratorias<br \/>\n&#8211;\u00a0 Se puede utilizar con m\u00e1scara facial o embocadura<br \/>\n&#8211;\u00a0 Se puede utilizar en pacientes traqueostomizados<br \/>\n&#8211;\u00a0 Apropiado para adultos y ni\u00f1os<br \/>\n&#8211;\u00a0 Ventilaci\u00f3n inspiratoria vibratoria<br \/>\n&#8211;\u00a0 Peso y dimensiones incluidas, bater\u00eda integrada<br \/>\n&#8211;\u00a0 Bajo ruido<br \/>\n&#8211;\u00a0 Control de pie para las ventilaciones manuales insp\/esp<\/p>\n<h2>Versiones<\/h2>\n<p><strong>980700<\/strong>\u00a0: Ventilador de presi\u00f3n positiva y negativa para tos asistida<\/p>\n","protected":false},"excerpt":{"rendered":"<p>CAP 700 es un ventilador de presi\u00f3n positiva y negativa para tos asistida.<br \/>\nCAP 700 provoca la tos y ayuda a los pacientes a expulsar las secreciones bronquiales en modo invasivo y no invasivo cuando no logran toser libremente, como es el caso de las\u00a0 enfermedades neuromusculares o lesiones de la m\u00e9dula espinal.<\/p>\n<ul>\n<li>Interfaz operador simple u intuitivo con pantalla TFT en colores<\/li>\n<li>Monitoreo cuidadoso para un feedback inmediato sobre el tratamiento del paciente.<\/li>\n<li>Flujo configurable en cuatro niveles y vibraci\u00f3n ajustable de 3 a 20 Hz<\/li>\n<li>Bater\u00eda inerna<\/li>\n<\/ul>\n<p>&nbsp;<\/p>\n","protected":false},"featured_media":2066,"comment_status":"closed","ping_status":"closed","template":"","meta":{"_acf_changed":false},"product_brand":[],"product_cat":[47,85],"product_tag":[],"class_list":{"0":"post-1798","1":"product","2":"type-product","3":"status-publish","4":"has-post-thumbnail","6":"product_cat-ventiladores-pulmonares","7":"product_cat-domiciliarios","9":"first","10":"instock","11":"shipping-taxable","12":"product-type-simple"},"acf":[],"yoast_head":"<!-- This site is optimized with the Yoast SEO plugin v25.3.1 - https:\/\/yoast.com\/wordpress\/plugins\/seo\/ -->\n<title>CAP 700 - Siare Engineering International Group<\/title>\n<meta name=\"robots\" content=\"index, follow, max-snippet:-1, max-image-preview:large, max-video-preview:-1\" \/>\n<link rel=\"canonical\" href=\"https:\/\/www.siare.it\/prodotto\/cap-700\/\" \/>\n<meta property=\"og:locale\" content=\"es_ES\" \/>\n<meta property=\"og:type\" content=\"article\" \/>\n<meta property=\"og:title\" content=\"CAP 700 - Siare Engineering International Group\" \/>\n<meta property=\"og:description\" content=\"CAP 700 es un ventilador de presi\u00f3n positiva y negativa para tos asistida. CAP 700 provoca la tos y ayuda a los pacientes a expulsar las secreciones bronquiales en modo invasivo y no invasivo cuando no logran toser libremente, como es el caso de las\u00a0 enfermedades neuromusculares o lesiones de la m\u00e9dula espinal.   Interfaz operador simple u intuitivo con pantalla TFT en colores  Monitoreo cuidadoso para un feedback inmediato sobre el tratamiento del paciente.  Flujo configurable en cuatro niveles y vibraci\u00f3n ajustable de 3 a 20 Hz  Bater\u00eda inerna  &nbsp;\" \/>\n<meta property=\"og:url\" content=\"https:\/\/www.siare.it\/prodotto\/cap-700\/\" \/>\n<meta property=\"og:site_name\" content=\"Siare Engineering International Group\" \/>\n<meta property=\"article:modified_time\" content=\"2019-05-14T08:34:19+00:00\" \/>\n<meta property=\"og:image\" content=\"https:\/\/www.siare.it\/wp-content\/uploads\/2019\/02\/CAP-700-1.jpg\" \/>\n\t<meta property=\"og:image:width\" content=\"1000\" \/>\n\t<meta property=\"og:image:height\" content=\"1000\" \/>\n\t<meta property=\"og:image:type\" content=\"image\/jpeg\" \/>\n<meta name=\"twitter:card\" content=\"summary_large_image\" \/>\n<meta name=\"twitter:label1\" content=\"Tiempo de lectura\" \/>\n\t<meta name=\"twitter:data1\" content=\"1 minuto\" \/>\n<script type=\"application\/ld+json\" class=\"yoast-schema-graph\">{\"@context\":\"https:\/\/schema.org\",\"@graph\":[{\"@type\":\"WebPage\",\"@id\":\"https:\/\/www.siare.it\/prodotto\/cap-700\/\",\"url\":\"https:\/\/www.siare.it\/prodotto\/cap-700\/\",\"name\":\"CAP 700 - Siare Engineering International Group\",\"isPartOf\":{\"@id\":\"https:\/\/www.siare.it\/#website\"},\"primaryImageOfPage\":{\"@id\":\"https:\/\/www.siare.it\/prodotto\/cap-700\/#primaryimage\"},\"image\":{\"@id\":\"https:\/\/www.siare.it\/prodotto\/cap-700\/#primaryimage\"},\"thumbnailUrl\":\"https:\/\/www.siare.it\/wp-content\/uploads\/2019\/02\/CAP-700-1.jpg\",\"datePublished\":\"2019-02-18T10:29:14+00:00\",\"dateModified\":\"2019-05-14T08:34:19+00:00\",\"breadcrumb\":{\"@id\":\"https:\/\/www.siare.it\/prodotto\/cap-700\/#breadcrumb\"},\"inLanguage\":\"es\",\"potentialAction\":[{\"@type\":\"ReadAction\",\"target\":[\"https:\/\/www.siare.it\/prodotto\/cap-700\/\"]}]},{\"@type\":\"ImageObject\",\"inLanguage\":\"es\",\"@id\":\"https:\/\/www.siare.it\/prodotto\/cap-700\/#primaryimage\",\"url\":\"https:\/\/www.siare.it\/wp-content\/uploads\/2019\/02\/CAP-700-1.jpg\",\"contentUrl\":\"https:\/\/www.siare.it\/wp-content\/uploads\/2019\/02\/CAP-700-1.jpg\",\"width\":1000,\"height\":1000},{\"@type\":\"BreadcrumbList\",\"@id\":\"https:\/\/www.siare.it\/prodotto\/cap-700\/#breadcrumb\",\"itemListElement\":[{\"@type\":\"ListItem\",\"position\":1,\"name\":\"Home\",\"item\":\"https:\/\/www.siare.it\/\"},{\"@type\":\"ListItem\",\"position\":2,\"name\":\"Productos\",\"item\":\"https:\/\/www.siare.it\/prodotti\/\"},{\"@type\":\"ListItem\",\"position\":3,\"name\":\"Ventiladores Pulmonares\",\"item\":\"https:\/\/www.siare.it\/categoria-prodotto\/ventiladores-pulmonares\/\"},{\"@type\":\"ListItem\",\"position\":4,\"name\":\"Domiciliarios\/Reanimaci\u00f3n\",\"item\":\"https:\/\/www.siare.it\/categoria-prodotto\/ventiladores-pulmonares\/domiciliarios\/\"},{\"@type\":\"ListItem\",\"position\":5,\"name\":\"CAP 700\"}]},{\"@type\":\"WebSite\",\"@id\":\"https:\/\/www.siare.it\/#website\",\"url\":\"https:\/\/www.siare.it\/\",\"name\":\"Siare Engineering International Group\",\"description\":\"Leader nel campo dell\u2019automazione e della meccanica di alta precisione.\",\"publisher\":{\"@id\":\"https:\/\/www.siare.it\/#organization\"},\"potentialAction\":[{\"@type\":\"SearchAction\",\"target\":{\"@type\":\"EntryPoint\",\"urlTemplate\":\"https:\/\/www.siare.it\/?s={search_term_string}\"},\"query-input\":{\"@type\":\"PropertyValueSpecification\",\"valueRequired\":true,\"valueName\":\"search_term_string\"}}],\"inLanguage\":\"es\"},{\"@type\":\"Organization\",\"@id\":\"https:\/\/www.siare.it\/#organization\",\"name\":\"Siare\",\"url\":\"https:\/\/www.siare.it\/\",\"logo\":{\"@type\":\"ImageObject\",\"inLanguage\":\"es\",\"@id\":\"https:\/\/www.siare.it\/#\/schema\/logo\/image\/\",\"url\":\"https:\/\/www.siare.it\/wp-content\/uploads\/2019\/03\/siare-logo-vettoriale-footer.png\",\"contentUrl\":\"https:\/\/www.siare.it\/wp-content\/uploads\/2019\/03\/siare-logo-vettoriale-footer.png\",\"width\":150,\"height\":84,\"caption\":\"Siare\"},\"image\":{\"@id\":\"https:\/\/www.siare.it\/#\/schema\/logo\/image\/\"}}]}<\/script>\n<!-- \/ Yoast SEO plugin. -->","yoast_head_json":{"title":"CAP 700 - Siare Engineering International Group","robots":{"index":"index","follow":"follow","max-snippet":"max-snippet:-1","max-image-preview":"max-image-preview:large","max-video-preview":"max-video-preview:-1"},"canonical":"https:\/\/www.siare.it\/prodotto\/cap-700\/","og_locale":"es_ES","og_type":"article","og_title":"CAP 700 - Siare Engineering International Group","og_description":"CAP 700 es un ventilador de presi\u00f3n positiva y negativa para tos asistida. CAP 700 provoca la tos y ayuda a los pacientes a expulsar las secreciones bronquiales en modo invasivo y no invasivo cuando no logran toser libremente, como es el caso de las\u00a0 enfermedades neuromusculares o lesiones de la m\u00e9dula espinal.   Interfaz operador simple u intuitivo con pantalla TFT en colores  Monitoreo cuidadoso para un feedback inmediato sobre el tratamiento del paciente.  Flujo configurable en cuatro niveles y vibraci\u00f3n ajustable de 3 a 20 Hz  Bater\u00eda inerna  &nbsp;","og_url":"https:\/\/www.siare.it\/prodotto\/cap-700\/","og_site_name":"Siare Engineering International Group","article_modified_time":"2019-05-14T08:34:19+00:00","og_image":[{"width":1000,"height":1000,"url":"https:\/\/www.siare.it\/wp-content\/uploads\/2019\/02\/CAP-700-1.jpg","type":"image\/jpeg"}],"twitter_card":"summary_large_image","twitter_misc":{"Tiempo de lectura":"1 minuto"},"schema":{"@context":"https:\/\/schema.org","@graph":[{"@type":"WebPage","@id":"https:\/\/www.siare.it\/prodotto\/cap-700\/","url":"https:\/\/www.siare.it\/prodotto\/cap-700\/","name":"CAP 700 - Siare Engineering International Group","isPartOf":{"@id":"https:\/\/www.siare.it\/#website"},"primaryImageOfPage":{"@id":"https:\/\/www.siare.it\/prodotto\/cap-700\/#primaryimage"},"image":{"@id":"https:\/\/www.siare.it\/prodotto\/cap-700\/#primaryimage"},"thumbnailUrl":"https:\/\/www.siare.it\/wp-content\/uploads\/2019\/02\/CAP-700-1.jpg","datePublished":"2019-02-18T10:29:14+00:00","dateModified":"2019-05-14T08:34:19+00:00","breadcrumb":{"@id":"https:\/\/www.siare.it\/prodotto\/cap-700\/#breadcrumb"},"inLanguage":"es","potentialAction":[{"@type":"ReadAction","target":["https:\/\/www.siare.it\/prodotto\/cap-700\/"]}]},{"@type":"ImageObject","inLanguage":"es","@id":"https:\/\/www.siare.it\/prodotto\/cap-700\/#primaryimage","url":"https:\/\/www.siare.it\/wp-content\/uploads\/2019\/02\/CAP-700-1.jpg","contentUrl":"https:\/\/www.siare.it\/wp-content\/uploads\/2019\/02\/CAP-700-1.jpg","width":1000,"height":1000},{"@type":"BreadcrumbList","@id":"https:\/\/www.siare.it\/prodotto\/cap-700\/#breadcrumb","itemListElement":[{"@type":"ListItem","position":1,"name":"Home","item":"https:\/\/www.siare.it\/"},{"@type":"ListItem","position":2,"name":"Productos","item":"https:\/\/www.siare.it\/prodotti\/"},{"@type":"ListItem","position":3,"name":"Ventiladores Pulmonares","item":"https:\/\/www.siare.it\/categoria-prodotto\/ventiladores-pulmonares\/"},{"@type":"ListItem","position":4,"name":"Domiciliarios\/Reanimaci\u00f3n","item":"https:\/\/www.siare.it\/categoria-prodotto\/ventiladores-pulmonares\/domiciliarios\/"},{"@type":"ListItem","position":5,"name":"CAP 700"}]},{"@type":"WebSite","@id":"https:\/\/www.siare.it\/#website","url":"https:\/\/www.siare.it\/","name":"Siare Engineering International Group","description":"Leader nel campo dell\u2019automazione e della meccanica di alta precisione.","publisher":{"@id":"https:\/\/www.siare.it\/#organization"},"potentialAction":[{"@type":"SearchAction","target":{"@type":"EntryPoint","urlTemplate":"https:\/\/www.siare.it\/?s={search_term_string}"},"query-input":{"@type":"PropertyValueSpecification","valueRequired":true,"valueName":"search_term_string"}}],"inLanguage":"es"},{"@type":"Organization","@id":"https:\/\/www.siare.it\/#organization","name":"Siare","url":"https:\/\/www.siare.it\/","logo":{"@type":"ImageObject","inLanguage":"es","@id":"https:\/\/www.siare.it\/#\/schema\/logo\/image\/","url":"https:\/\/www.siare.it\/wp-content\/uploads\/2019\/03\/siare-logo-vettoriale-footer.png","contentUrl":"https:\/\/www.siare.it\/wp-content\/uploads\/2019\/03\/siare-logo-vettoriale-footer.png","width":150,"height":84,"caption":"Siare"},"image":{"@id":"https:\/\/www.siare.it\/#\/schema\/logo\/image\/"}}]}},"_links":{"self":[{"href":"https:\/\/www.siare.it\/es\/wp-json\/wp\/v2\/product\/1798","targetHints":{"allow":["GET"]}}],"collection":[{"href":"https:\/\/www.siare.it\/es\/wp-json\/wp\/v2\/product"}],"about":[{"href":"https:\/\/www.siare.it\/es\/wp-json\/wp\/v2\/types\/product"}],"replies":[{"embeddable":true,"href":"https:\/\/www.siare.it\/es\/wp-json\/wp\/v2\/comments?post=1798"}],"wp:featuredmedia":[{"embeddable":true,"href":"https:\/\/www.siare.it\/es\/wp-json\/wp\/v2\/media\/2066"}],"wp:attachment":[{"href":"https:\/\/www.siare.it\/es\/wp-json\/wp\/v2\/media?parent=1798"}],"wp:term":[{"taxonomy":"product_brand","embeddable":true,"href":"https:\/\/www.siare.it\/es\/wp-json\/wp\/v2\/product_brand?post=1798"},{"taxonomy":"product_cat","embeddable":true,"href":"https:\/\/www.siare.it\/es\/wp-json\/wp\/v2\/product_cat?post=1798"},{"taxonomy":"product_tag","embeddable":true,"href":"https:\/\/www.siare.it\/es\/wp-json\/wp\/v2\/product_tag?post=1798"}],"curies":[{"name":"wp","href":"https:\/\/api.w.org\/{rel}","templated":true}]}}