{"id":2590,"date":"2018-11-20T10:09:21","date_gmt":"2018-11-20T09:09:21","guid":{"rendered":"http:\/\/siarenew.sviluppo.host\/privacy-policy\/"},"modified":"2025-07-23T13:26:30","modified_gmt":"2025-07-23T11:26:30","slug":"privacy-policy-es","status":"publish","type":"page","link":"https:\/\/www.siare.it\/es\/privacy-policy-es\/","title":{"rendered":"Privacy Policy &#038; Cookie Policy"},"content":{"rendered":"<h2>INFORMACI\u00d3N SOBRE EL TRATAMIENTO DE DATOS PERSONALES DE CONFORMIDAD CON EL ART. 13 DEL REGLAMENTO (UE) 679\/2016<\/h2>\n<p>En <strong>SIARE ENGINEERING INTERNATIONAL GROUP S.p.A.<\/strong> (en adelante, SIARE), nos tomamos muy en serio la protecci\u00f3n de sus datos personales y, por ello, nos comprometemos constantemente a garantizar el respeto de su privacidad.<\/p>\n<p>Con esto en mente, le informamos sobre el tratamiento de sus datos personales, c\u00f3mo y por qu\u00e9 los recopilamos, y c\u00f3mo los gestionamos.<\/p>\n<p>Tratamos sus datos personales cuando visita nuestro sitio web; cuando adquiere nuestros servicios y productos, o cuando solicita asistencia o simplemente informaci\u00f3n; cuando solicita recibir comunicaciones promocionales sobre nuestros servicios o productos, o cuando decide participar en uno de nuestros procesos de selecci\u00f3n (incluidas las solicitudes espont\u00e1neas) o asistir a uno de nuestros seminarios web de formaci\u00f3n.<\/p>\n<p>En cualquier caso, de conformidad con el Reglamento (UE) 2016\/679, trataremos sus datos de forma responsable, conforme a los principios de licitud, lealtad, transparencia, exactitud, limitaci\u00f3n de la finalidad, minimizaci\u00f3n de datos y limitaci\u00f3n del plazo de conservaci\u00f3n, garantizando su integridad y confidencialidad.<\/p>\n<p>Por lo tanto, de conformidad con el art\u00edculo 13 del Reglamento (UE) 2016\/679, le informamos sobre este tratamiento.<\/p>\n<table>\n<tbody>\n<tr>\n<td class=\"header-cell single-column\" colspan=\"2\"><strong>RESPONSABLE DEL TRATAMIENTO<\/strong><\/td>\n<\/tr>\n<tr>\n<td colspan=\"2\">Responsable del tratamiento es <strong>SIARE ENGINEERING INTERNATIONAL GROUP S.p.A.<\/strong> con sede en Via Giulio Pastore, 18, 40053, Crespellano-Valsamoggia (BO), Tel: +39 051 969802, mail: <a href=\"mailto:mail@siare.it\">mail@siare.it<\/a><\/td>\n<\/tr>\n<\/tbody>\n<\/table>\n<table>\n<tbody>\n<tr>\n<td class=\"header-cell\"><strong>FINALIDAD DEL TRATAMIENTO<\/strong><\/td>\n<td class=\"header-cell\"><strong>BASE GIURIDICA e DATA RETENTION<\/strong><\/td>\n<\/tr>\n<tr>\n<td><strong>Navegaci\u00f3n por el sitio web<\/strong>: Tratamos sus datos para permitirle navegar y consultar nuestros sitios web. Los sistemas inform\u00e1ticos y los recursos de software necesarios para el funcionamiento de los sitios web adquieren, durante su funcionamiento normal, algunos datos personales cuya transmisi\u00f3n est\u00e1 impl\u00edcita en el uso de los protocolos de comunicaci\u00f3n de internet. Esta categor\u00eda de datos incluye direcciones IP, informaci\u00f3n sobre el dispositivo utilizado para conectarse al sitio, las direcciones URI\/URL (Identificador\/Localizador Uniforme de Recursos) de los recursos solicitados, la hora de la solicitud, el m\u00e9todo utilizado para enviar la solicitud al servidor, el tama\u00f1o del archivo obtenido en respuesta, el c\u00f3digo num\u00e9rico que indica el estado de la respuesta del servidor (correcta, error, etc.), otros par\u00e1metros relacionados con el sistema operativo o el entorno inform\u00e1tico del usuario, as\u00ed como otros identificadores que, por s\u00ed solos o en combinaci\u00f3n con otra informaci\u00f3n, pueden permitir la identificaci\u00f3n de una persona f\u00edsica. Esta categor\u00eda tambi\u00e9n incluye las cookies, para las cuales, sin embargo, consulte la informaci\u00f3n espec\u00edfica.<\/td>\n<td>El tratamiento se basa en el art. 6, apartado 1, letra b) del Reglamento (UE) 2016\/679, ya que es necesario para la aplicaci\u00f3n de medidas precontractuales adoptadas a petici\u00f3n suya o para la ejecuci\u00f3n de un contrato del que usted es parte. En cuanto al tratamiento de cookies no t\u00e9cnicas y no esenciales, consulte la informaci\u00f3n espec\u00edfica, donde se especifica que, en este caso, el tratamiento se basa en el art. 6, apartado 1, letra a) del Reglamento (UE) 2016\/679, ya que se requiere el consentimiento del interesado. Los datos as\u00ed recopilados se tratar\u00e1n hasta que se revoque el consentimiento y, en cualquier caso, durante un plazo m\u00e1ximo de 24 meses. Puede revocar f\u00e1cilmente su consentimiento escribiendo a <a href=\"mailto:mail@siare.it\">mail@siare.it<\/a> o utilizando el procedimiento de exclusi\u00f3n voluntaria en el banner de gesti\u00f3n de cookies.<\/td>\n<\/tr>\n<tr>\n<td><strong>Ejecuci\u00f3n de medidas precontractuales y contractuales (gesti\u00f3n de clientes y proveedores):<\/strong> Tratamos sus datos como parte de actividades preliminares, relacionadas o consecuentes con la compra de uno de nuestros servicios o productos, o con una compra realizada con nosotros. Esta finalidad incluye el tratamiento relacionado con la fase precontractual (como una simple solicitud de informaci\u00f3n, incluso a trav\u00e9s del formulario de contacto del sitio web), la formalizaci\u00f3n y gesti\u00f3n del contrato, incluyendo el soporte t\u00e9cnico, la facturaci\u00f3n y\/o el cumplimiento de cualquier otra obligaci\u00f3n legal derivada de la ejecuci\u00f3n del contrato. Para ello, trataremos los siguientes datos personales: nombre de la empresa (es decir, nombre y apellidos), direcci\u00f3n o domicilio social, n\u00famero de tel\u00e9fono, n\u00famero de fax, direcci\u00f3n de correo electr\u00f3nico e informaci\u00f3n fiscal y comercial.<\/td>\n<td>El tratamiento se basa en el art. 6, apartado 1, letra b) del Reglamento (UE) 2016\/679, ya que es necesario para la ejecuci\u00f3n de medidas precontractuales adoptadas a petici\u00f3n suya o para la ejecuci\u00f3n de un contrato del que usted es parte. Los datos se conservar\u00e1n durante diez a\u00f1os a partir de la finalizaci\u00f3n de la relaci\u00f3n, de conformidad con el art. 2946 del C\u00f3digo Civil italiano, relativo a las prescripciones ordinarias, y\/o de conformidad con el art. 2220 del C\u00f3digo Civil italiano y el art. 22 del Decreto Presidencial n.\u00ba 600\/1973, seg\u00fan corresponda.<\/td>\n<\/tr>\n<tr>\n<td><strong>Marketing directo &#8211; Newsletter:<\/strong> El tratamiento de datos personales tiene como finalidad el env\u00edo, por correo electr\u00f3nico, de comunicaciones comerciales o promocionales sobre servicios o productos similares a los ya adquiridos. Esta finalidad espec\u00edfica tambi\u00e9n incluye la suscripci\u00f3n al bolet\u00edn informativo de SIARE SPA. Para ello, trataremos los siguientes datos personales: nombre, apellidos, nombre de la empresa, direcci\u00f3n de correo electr\u00f3nico y n\u00famero de tel\u00e9fono.<\/td>\n<td>El tratamiento se basa en el art. 6, apartado 1, letra a) del Reglamento (UE) 2016\/679, y se requiere el consentimiento del interesado. Los datos recopilados de esta manera se tratar\u00e1n hasta que se revoque el consentimiento y, en cualquier caso, en un plazo m\u00e1ximo de 60 meses desde el \u00faltimo contacto. Puede darse de baja del bolet\u00edn informativo escribiendo a <a href=\"mailto:mail@siare.it\">mail@siare.it<\/a> o utilizando la opci\u00f3n de cancelaci\u00f3n de suscripci\u00f3n que aparece al final de cada comunicaci\u00f3n promocional.<\/td>\n<\/tr>\n<tr>\n<td><strong>Selecci\u00f3n de personal:<\/strong> El tratamiento se dirige al proceso de selecci\u00f3n de profesionales que se incorporar\u00e1n a la plantilla de la empresa y a evaluar si cumplen con los perfiles requeridos. Esta finalidad incluye tanto la fase de cribado curricular como las fases de selecci\u00f3n y entrevista, as\u00ed como las necesarias para formalizar y finalizar cualquier contrato laboral. Para ello, trataremos los siguientes datos personales: datos de identificaci\u00f3n y contacto, datos curriculares, datos relativos a empleos anteriores y cualquier dato sensible, como datos de salud, que se indique en los curr\u00edculums.<\/td>\n<td>El tratamiento se basa en el art. 6, apartado 1, letra b) del Reglamento (UE) 2016\/679, ya que es necesario para cumplir con las obligaciones estrictamente relacionadas con la contrataci\u00f3n de personal y la gesti\u00f3n de la relaci\u00f3n laboral, o para aplicar medidas precontractuales adoptadas a petici\u00f3n suya. El tratamiento de los datos sensibles incluidos en los CV, como los datos de salud, se basa en el art. 9, apartado 2, letras b) y h). Los datos as\u00ed recopilados se tratar\u00e1n en un plazo m\u00e1ximo de 24 meses desde el \u00faltimo contacto.<\/td>\n<\/tr>\n<tr>\n<td><strong>Participaci\u00f3n webinar:<\/strong> El tratamiento tiene como finalidad permitirle participar en nuestros seminarios web y, por lo tanto, proporcionarle acceso a la plataforma, as\u00ed como la organizaci\u00f3n administrativa del evento. Para ello, trataremos los siguientes datos personales: datos de identificaci\u00f3n y contacto, y datos relativos a su organizaci\u00f3n laboral.<\/td>\n<td>El tratamiento se basa en el art\u00edculo 6, apartado 1, letra b) del Reglamento (UE) 2016\/679, ya que es necesario para la ejecuci\u00f3n de medidas precontractuales adoptadas a petici\u00f3n suya o para la ejecuci\u00f3n de un contrato del que usted es parte. Los datos se conservar\u00e1n durante 24 meses.<\/td>\n<\/tr>\n<\/tbody>\n<\/table>\n<table>\n<tbody>\n<tr>\n<td class=\"header-cell single-column\"><strong>COMUNICACI\u00d3N DE DATOS<\/strong><\/td>\n<\/tr>\n<tr>\n<td>Cuando la base legal no sea el consentimiento, su suministro de datos personales es necesario, ya que sin \u00e9l no ser\u00e1 posible dar seguimiento a las acciones solicitadas.<\/td>\n<\/tr>\n<\/tbody>\n<\/table>\n<table>\n<tbody>\n<tr>\n<td class=\"header-cell single-column\"><strong>DESTINATARIOS DE DATOS<\/strong><\/td>\n<\/tr>\n<tr>\n<td>Dependiendo de la finalidad, los datos personales proporcionados a SIARE SPA podr\u00e1n ser comunicados a su propio personal expresamente autorizado para realizar operaciones de tratamiento, as\u00ed como a proveedores de servicios inform\u00e1ticos y\/o consultores que act\u00faen como encargados del tratamiento, a entidades de cr\u00e9dito que act\u00faen como responsables independientes del tratamiento y a organismos p\u00fablicos en cumplimiento de obligaciones legales. La lista de destinatarios puede solicitarse al responsable del tratamiento.<\/td>\n<\/tr>\n<\/tbody>\n<\/table>\n<table>\n<tbody>\n<tr>\n<td class=\"header-cell single-column\"><strong>EJERCICIO DE LOS DERECHOS<\/strong><\/td>\n<\/tr>\n<tr>\n<td>Tiene derecho a obtener en cualquier momento confirmaci\u00f3n del responsable del tratamiento de datos sobre si se est\u00e1n tratando o no sus datos personales y, en tal caso, a acceder a sus datos personales y a la siguiente informaci\u00f3n:<\/p>\n<ul>\n<li>la finalidad del tratamiento;<\/li>\n<li>las categor\u00edas de datos personales tratados;<\/li>\n<li>los destinatarios o categor\u00edas de destinatarios a los que se han comunicado o se comunicar\u00e1n los datos personales;<\/li>\n<li>el plazo de conservaci\u00f3n o los criterios utilizados para determinar dicho plazo;<\/li>\n<li>la existencia de decisiones automatizadas, incluida la elaboraci\u00f3n de perfiles.<\/li>\n<\/ul>\n<p>Adem\u00e1s, puede solicitar:<\/p>\n<ul>\n<li>la rectificaci\u00f3n de sus datos, si son inexactos;<\/li>\n<li>la supresi\u00f3n, en los siguientes casos: i) los datos personales ya no son necesarios en relaci\u00f3n con los fines para los que fueron recopilados o tratados; ii) la retirada del consentimiento, siempre que no exista otra base legal para el tratamiento; iii) la oposici\u00f3n de conformidad con el art\u00edculo 21, apartados 1) y 2) del Reglamento; iv) es necesario para el cumplimiento de una obligaci\u00f3n legal;<\/li>\n<li>Limitaci\u00f3n del tratamiento en caso de que: i) usted impugne la exactitud de los datos personales, durante un plazo que permita al responsable verificar dicha exactitud; ii) el tratamiento sea il\u00edcito y usted se oponga a su supresi\u00f3n solicitando la limitaci\u00f3n de su uso; iii) el responsable ya no necesite los datos personales, pero usted los necesite para la formulaci\u00f3n, el ejercicio o la defensa de reclamaciones; iv) en caso de ejercer el derecho de oposici\u00f3n conforme al art\u00edculo 21, durante un plazo que permita al responsable verificar si sus motivos leg\u00edtimos para el tratamiento prevalecen sobre los suyos;<\/li>\n<li>Recibir, en un formato estructurado, de uso com\u00fan y lectura mec\u00e1nica, los datos personales tratados por medios automatizados sobre la base del consentimiento o de un contrato;<\/li>\n<li>Que los datos no se traten posteriormente con fines de marketing directo, mediante la oposici\u00f3n conforme al art\u00edculo 21, apartado 2, del Reglamento.<\/li>\n<\/ul>\n<p>Por \u00faltimo, Ud tiene derecho a presentar una reclamaci\u00f3n ante la Autoridad de Protecci\u00f3n de Datos italiana, ubicada en Roma, en Piazza Venezia 11, si considera que alg\u00fan tratamiento de sus datos viole el Reglamento.<\/td>\n<\/tr>\n<\/tbody>\n<\/table>\n","protected":false},"excerpt":{"rendered":"<p>INFORMACI\u00d3N SOBRE EL TRATAMIENTO DE DATOS PERSONALES DE CONFORMIDAD CON EL ART. 13 DEL REGLAMENTO (UE) 679\/2016 En SIARE ENGINEERING INTERNATIONAL GROUP S.p.A. (en adelante, SIARE), nos tomamos muy en serio la protecci\u00f3n de sus datos personales y, por ello, nos comprometemos constantemente a garantizar el respeto de su privacidad. Con esto en mente, le [&hellip;]<\/p>\n","protected":false},"author":4,"featured_media":0,"parent":0,"menu_order":0,"comment_status":"closed","ping_status":"closed","template":"","meta":{"_acf_changed":false,"footnotes":""},"class_list":["post-2590","page","type-page","status-publish","hentry"],"acf":[],"yoast_head":"<!-- This site is optimized with the Yoast SEO plugin v25.3.1 - https:\/\/yoast.com\/wordpress\/plugins\/seo\/ -->\n<title>Privacy Policy &amp; Cookie Policy - Siare Engineering International Group<\/title>\n<meta name=\"robots\" content=\"index, follow, max-snippet:-1, max-image-preview:large, max-video-preview:-1\" \/>\n<link rel=\"canonical\" href=\"https:\/\/www.siare.it\/es\/privacy-policy-es\/\" \/>\n<meta property=\"og:locale\" content=\"es_ES\" \/>\n<meta property=\"og:type\" content=\"article\" \/>\n<meta property=\"og:title\" content=\"Privacy Policy &amp; Cookie Policy - Siare Engineering International Group\" \/>\n<meta property=\"og:description\" content=\"INFORMACI\u00d3N SOBRE EL TRATAMIENTO DE DATOS PERSONALES DE CONFORMIDAD CON EL ART. 13 DEL REGLAMENTO (UE) 679\/2016 En SIARE ENGINEERING INTERNATIONAL GROUP S.p.A. (en adelante, SIARE), nos tomamos muy en serio la protecci\u00f3n de sus datos personales y, por ello, nos comprometemos constantemente a garantizar el respeto de su privacidad. Con esto en mente, le [&hellip;]\" \/>\n<meta property=\"og:url\" content=\"https:\/\/www.siare.it\/es\/privacy-policy-es\/\" \/>\n<meta property=\"og:site_name\" content=\"Siare Engineering International Group\" \/>\n<meta property=\"article:modified_time\" content=\"2025-07-23T11:26:30+00:00\" \/>\n<meta name=\"twitter:card\" content=\"summary_large_image\" \/>\n<meta name=\"twitter:label1\" content=\"Tiempo de lectura\" \/>\n\t<meta name=\"twitter:data1\" content=\"9 minutos\" \/>\n<script type=\"application\/ld+json\" class=\"yoast-schema-graph\">{\"@context\":\"https:\/\/schema.org\",\"@graph\":[{\"@type\":\"WebPage\",\"@id\":\"https:\/\/www.siare.it\/es\/privacy-policy-es\/\",\"url\":\"https:\/\/www.siare.it\/es\/privacy-policy-es\/\",\"name\":\"Privacy Policy & Cookie Policy - Siare Engineering International Group\",\"isPartOf\":{\"@id\":\"https:\/\/www.siare.it\/#website\"},\"datePublished\":\"2018-11-20T09:09:21+00:00\",\"dateModified\":\"2025-07-23T11:26:30+00:00\",\"breadcrumb\":{\"@id\":\"https:\/\/www.siare.it\/es\/privacy-policy-es\/#breadcrumb\"},\"inLanguage\":\"es\",\"potentialAction\":[{\"@type\":\"ReadAction\",\"target\":[\"https:\/\/www.siare.it\/es\/privacy-policy-es\/\"]}]},{\"@type\":\"BreadcrumbList\",\"@id\":\"https:\/\/www.siare.it\/es\/privacy-policy-es\/#breadcrumb\",\"itemListElement\":[{\"@type\":\"ListItem\",\"position\":1,\"name\":\"Home\",\"item\":\"https:\/\/www.siare.it\/\"},{\"@type\":\"ListItem\",\"position\":2,\"name\":\"Privacy Policy &#038; Cookie Policy\"}]},{\"@type\":\"WebSite\",\"@id\":\"https:\/\/www.siare.it\/#website\",\"url\":\"https:\/\/www.siare.it\/\",\"name\":\"Siare Engineering International Group\",\"description\":\"Leader nel campo dell\u2019automazione e della meccanica di alta precisione.\",\"publisher\":{\"@id\":\"https:\/\/www.siare.it\/#organization\"},\"potentialAction\":[{\"@type\":\"SearchAction\",\"target\":{\"@type\":\"EntryPoint\",\"urlTemplate\":\"https:\/\/www.siare.it\/?s={search_term_string}\"},\"query-input\":{\"@type\":\"PropertyValueSpecification\",\"valueRequired\":true,\"valueName\":\"search_term_string\"}}],\"inLanguage\":\"es\"},{\"@type\":\"Organization\",\"@id\":\"https:\/\/www.siare.it\/#organization\",\"name\":\"Siare\",\"url\":\"https:\/\/www.siare.it\/\",\"logo\":{\"@type\":\"ImageObject\",\"inLanguage\":\"es\",\"@id\":\"https:\/\/www.siare.it\/#\/schema\/logo\/image\/\",\"url\":\"https:\/\/www.siare.it\/wp-content\/uploads\/2019\/03\/siare-logo-vettoriale-footer.png\",\"contentUrl\":\"https:\/\/www.siare.it\/wp-content\/uploads\/2019\/03\/siare-logo-vettoriale-footer.png\",\"width\":150,\"height\":84,\"caption\":\"Siare\"},\"image\":{\"@id\":\"https:\/\/www.siare.it\/#\/schema\/logo\/image\/\"}}]}<\/script>\n<!-- \/ Yoast SEO plugin. -->","yoast_head_json":{"title":"Privacy Policy & Cookie Policy - Siare Engineering International Group","robots":{"index":"index","follow":"follow","max-snippet":"max-snippet:-1","max-image-preview":"max-image-preview:large","max-video-preview":"max-video-preview:-1"},"canonical":"https:\/\/www.siare.it\/es\/privacy-policy-es\/","og_locale":"es_ES","og_type":"article","og_title":"Privacy Policy & Cookie Policy - Siare Engineering International Group","og_description":"INFORMACI\u00d3N SOBRE EL TRATAMIENTO DE DATOS PERSONALES DE CONFORMIDAD CON EL ART. 13 DEL REGLAMENTO (UE) 679\/2016 En SIARE ENGINEERING INTERNATIONAL GROUP S.p.A. (en adelante, SIARE), nos tomamos muy en serio la protecci\u00f3n de sus datos personales y, por ello, nos comprometemos constantemente a garantizar el respeto de su privacidad. Con esto en mente, le [&hellip;]","og_url":"https:\/\/www.siare.it\/es\/privacy-policy-es\/","og_site_name":"Siare Engineering International Group","article_modified_time":"2025-07-23T11:26:30+00:00","twitter_card":"summary_large_image","twitter_misc":{"Tiempo de lectura":"9 minutos"},"schema":{"@context":"https:\/\/schema.org","@graph":[{"@type":"WebPage","@id":"https:\/\/www.siare.it\/es\/privacy-policy-es\/","url":"https:\/\/www.siare.it\/es\/privacy-policy-es\/","name":"Privacy Policy & Cookie Policy - Siare Engineering International Group","isPartOf":{"@id":"https:\/\/www.siare.it\/#website"},"datePublished":"2018-11-20T09:09:21+00:00","dateModified":"2025-07-23T11:26:30+00:00","breadcrumb":{"@id":"https:\/\/www.siare.it\/es\/privacy-policy-es\/#breadcrumb"},"inLanguage":"es","potentialAction":[{"@type":"ReadAction","target":["https:\/\/www.siare.it\/es\/privacy-policy-es\/"]}]},{"@type":"BreadcrumbList","@id":"https:\/\/www.siare.it\/es\/privacy-policy-es\/#breadcrumb","itemListElement":[{"@type":"ListItem","position":1,"name":"Home","item":"https:\/\/www.siare.it\/"},{"@type":"ListItem","position":2,"name":"Privacy Policy &#038; Cookie Policy"}]},{"@type":"WebSite","@id":"https:\/\/www.siare.it\/#website","url":"https:\/\/www.siare.it\/","name":"Siare Engineering International Group","description":"Leader nel campo dell\u2019automazione e della meccanica di alta precisione.","publisher":{"@id":"https:\/\/www.siare.it\/#organization"},"potentialAction":[{"@type":"SearchAction","target":{"@type":"EntryPoint","urlTemplate":"https:\/\/www.siare.it\/?s={search_term_string}"},"query-input":{"@type":"PropertyValueSpecification","valueRequired":true,"valueName":"search_term_string"}}],"inLanguage":"es"},{"@type":"Organization","@id":"https:\/\/www.siare.it\/#organization","name":"Siare","url":"https:\/\/www.siare.it\/","logo":{"@type":"ImageObject","inLanguage":"es","@id":"https:\/\/www.siare.it\/#\/schema\/logo\/image\/","url":"https:\/\/www.siare.it\/wp-content\/uploads\/2019\/03\/siare-logo-vettoriale-footer.png","contentUrl":"https:\/\/www.siare.it\/wp-content\/uploads\/2019\/03\/siare-logo-vettoriale-footer.png","width":150,"height":84,"caption":"Siare"},"image":{"@id":"https:\/\/www.siare.it\/#\/schema\/logo\/image\/"}}]}},"_links":{"self":[{"href":"https:\/\/www.siare.it\/es\/wp-json\/wp\/v2\/pages\/2590","targetHints":{"allow":["GET"]}}],"collection":[{"href":"https:\/\/www.siare.it\/es\/wp-json\/wp\/v2\/pages"}],"about":[{"href":"https:\/\/www.siare.it\/es\/wp-json\/wp\/v2\/types\/page"}],"author":[{"embeddable":true,"href":"https:\/\/www.siare.it\/es\/wp-json\/wp\/v2\/users\/4"}],"replies":[{"embeddable":true,"href":"https:\/\/www.siare.it\/es\/wp-json\/wp\/v2\/comments?post=2590"}],"version-history":[{"count":3,"href":"https:\/\/www.siare.it\/es\/wp-json\/wp\/v2\/pages\/2590\/revisions"}],"predecessor-version":[{"id":5264,"href":"https:\/\/www.siare.it\/es\/wp-json\/wp\/v2\/pages\/2590\/revisions\/5264"}],"wp:attachment":[{"href":"https:\/\/www.siare.it\/es\/wp-json\/wp\/v2\/media?parent=2590"}],"curies":[{"name":"wp","href":"https:\/\/api.w.org\/{rel}","templated":true}]}}